{"id":6044,"date":"2017-07-20T22:42:15","date_gmt":"2017-07-20T20:42:15","guid":{"rendered":"https:\/\/banques-ecoles.fr\/cms\/?page_id=6044"},"modified":"2017-12-16T11:02:33","modified_gmt":"2017-12-16T09:02:33","slug":"session-2017-5","status":"publish","type":"page","link":"https:\/\/banques-ecoles.fr\/cms\/filiere-pc\/rapports-des-jurys-de-la-banque-pc\/session-2017-5\/","title":{"rendered":"Session 2017"},"content":{"rendered":"<p><strong>Rapports sur les \u00e9preuves de la banque PC 2017 :<\/strong><\/p>\n<p>&nbsp;<\/p>\n<p><a href=\"https:\/\/banques-ecoles.fr\/cms\/wp-content\/uploads\/2017\/11\/17_PC_rap_ePhyA.pdf\" target=\"_blank\">\u00c9preuve \u00e9crite de physique A \u2013 XE<\/a><\/p>\n<p><a href=\"https:\/\/banques-ecoles.fr\/cms\/wp-content\/uploads\/2017\/11\/17_PC_rap_ePhyB.pdf\" target=\"_blank\">\u00c9preuve \u00e9crite de physique B \u2013 XEULC<\/a><\/p>\n<p><a href=\"https:\/\/banques-ecoles.fr\/cms\/wp-content\/uploads\/2017\/11\/2017_PC_rap_ephyC.pdf\" target=\"_blank\">\u00c9preuve \u00e9crite de physique C \u2013 U<\/a><\/p>\n<p><a href=\"https:\/\/banques-ecoles.fr\/cms\/wp-content\/uploads\/2017\/09\/17_pc_rap_e_phychi_lyon.pdf\" target=\"_blank\">\u00c9preuve \u00e9crite de physique-chimie \u2013 L<\/a><\/p>\n<p><a href=\"https:\/\/banques-ecoles.fr\/cms\/wp-content\/uploads\/2017\/11\/17_PC_rap_eChiA.pdf\" target=\"_blank\">\u00c9preuve \u00e9crite de chimie A \u2013 XEULC<\/a><\/p>\n<p><a href=\"https:\/\/banques-ecoles.fr\/cms\/wp-content\/uploads\/2017\/11\/2017_PC_rap_echiB.pdf\" target=\"_blank\">\u00c9preuve \u00e9crite de chimie B \u2013 U<\/a><\/p>\n<p><a href=\"https:\/\/banques-ecoles.fr\/cms\/wp-content\/uploads\/2017\/11\/17_PC_rap_eMath.pdf\" target=\"_blank\">\u00c9preuve \u00e9crite de math\u00e9matiques \u2013 XEULC<\/a><\/p>\n<p><a href=\"https:\/\/banques-ecoles.fr\/cms\/wp-content\/uploads\/2017\/11\/17_PC_rap_eInfoB.pdf\" target=\"_blank\">\u00c9preuve\u00a0\u00e9crite d\u2019info B 2h \u2013 XELC<\/a><\/p>\n<p><a href=\"https:\/\/banques-ecoles.fr\/cms\/wp-content\/uploads\/2017\/11\/17_MP-PC_rap_eFr.pdf\" target=\"_blank\">\u00c9preuve\u00a0\u00e9crite de fran\u00e7ais \u2013 4h \u2013 XEULC<\/a><\/p>\n<p>&nbsp;<\/p>\n<p><em>\u00c9preuve \u00e9crite\u00a0\u00e9crite de LV \u2013 4h \u2013 XEULC :<\/em><\/p>\n<ul>\n<li><a href=\"https:\/\/banques-ecoles.fr\/cms\/wp-content\/uploads\/2017\/11\/17_MP-PC_rap_eAng.pdf\" target=\"_blank\">anglais<\/a><\/li>\n<li><a href=\"https:\/\/banques-ecoles.fr\/cms\/wp-content\/uploads\/2017\/11\/17_MP-PC_rap_eAll.pdf\" target=\"_blank\">allemand<\/a><\/li>\n<li><a href=\"https:\/\/banques-ecoles.fr\/cms\/wp-content\/uploads\/2017\/11\/17_MP-PC_rap_eAr.pdf\" target=\"_blank\">arabe<\/a><\/li>\n<li><a href=\"https:\/\/banques-ecoles.fr\/cms\/wp-content\/uploads\/2017\/11\/17_MP-PC_rap_eChinois.pdf\" target=\"_blank\">chinois<\/a><\/li>\n<li><a href=\"https:\/\/banques-ecoles.fr\/cms\/wp-content\/uploads\/2017\/11\/17_MP-PC_rap_eEsp.pdf\" target=\"_blank\">espagnol<\/a><\/li>\n<\/ul>\n<p><a href=\"https:\/\/banques-ecoles.fr\/cms\/wp-content\/uploads\/2017\/08\/17_pc_rap_ophy_lc.pdf\" target=\"_blank\">\u00c9preuve orale de physique \u2013 LC<\/a><\/p>\n<p><a href=\"https:\/\/banques-ecoles.fr\/cms\/wp-content\/uploads\/2017\/11\/2017_PC_rap_ophyU.pdf\" target=\"_blank\">\u00c9preuve orale de physique \u2013 U<\/a><\/p>\n<p><a href=\"https:\/\/banques-ecoles.fr\/cms\/wp-content\/uploads\/2017\/07\/17_pc_rap_ochi_lc.pdf\" target=\"_blank\">\u00c9preuve orale de chimie \u2013 LC<\/a><\/p>\n<p><a href=\"https:\/\/banques-ecoles.fr\/cms\/wp-content\/uploads\/2017\/11\/2017_PC_rap_ochiU.pdf\" target=\"_blank\">\u00c9preuve orale de chimie \u2013 U<\/a><\/p>\n<p><a href=\"https:\/\/banques-ecoles.fr\/cms\/wp-content\/uploads\/2017\/11\/17_PC_rap_oMathUL.pdf\" target=\"_blank\">\u00c9preuve orale de math\u00e9matiques \u2013 UL<\/a><\/p>\n<p><a href=\"https:\/\/banques-ecoles.fr\/cms\/wp-content\/uploads\/2017\/11\/17_PC_rap_TPchi.pdf\" target=\"_blank\">\u00c9preuve de TP de chimie \u2013 ULC<\/a><\/p>\n<p><a href=\"https:\/\/banques-ecoles.fr\/cms\/wp-content\/uploads\/2017\/11\/17_PC_rap_TPphy.pdf\" target=\"_blank\">\u00c9preuve de TP de physique \u2013 ULC<\/a><\/p>\n<p><a href=\"https:\/\/banques-ecoles.fr\/cms\/wp-content\/uploads\/2017\/11\/17_PC_rap_TIPE.pdf\" target=\"_blank\">\u00c9preuve de TIPE physique-chimie \u2013 ULC<\/a><\/p>\n<p>&nbsp;<\/p>\n<p><em>\u00c9preuve orale de LV \u2013\u00a0XEULC :<\/em><\/p>\n<ul>\n<li><a href=\"https:\/\/banques-ecoles.fr\/cms\/wp-content\/uploads\/2017\/12\/17_MP-PC_rap_oAll.pdf\" target=\"_blank\">allemand<\/a><\/li>\n<li><a href=\"https:\/\/banques-ecoles.fr\/cms\/wp-content\/uploads\/2017\/12\/17_MP-PC_rap_oAng.pdf\" target=\"_blank\">anglais<\/a><\/li>\n<li>arabe<\/li>\n<li><a href=\"https:\/\/banques-ecoles.fr\/cms\/wp-content\/uploads\/2017\/12\/17_MP-PC_rap_oChinois.pdf\" target=\"_blank\">chinois<\/a><\/li>\n<li><a href=\"https:\/\/banques-ecoles.fr\/cms\/wp-content\/uploads\/2017\/12\/17_MP-PC_rap_oEsp.pdf\" target=\"_blank\">espagnol<\/a><\/li>\n<\/ul>\n","protected":false},"excerpt":{"rendered":"<p>Rapports sur les \u00e9preuves de la banque PC 2017 : &nbsp; \u00c9preuve \u00e9crite de physique A \u2013 XE \u00c9preuve \u00e9crite de physique B \u2013 XEULC \u00c9preuve \u00e9crite de physique C \u2013 U \u00c9preuve \u00e9crite de physique-chimie \u2013 L \u00c9preuve \u00e9crite <a href=\"https:\/\/banques-ecoles.fr\/cms\/filiere-pc\/rapports-des-jurys-de-la-banque-pc\/session-2017-5\/\">[Lire la suite]<\/a><\/p>\n","protected":false},"author":16,"featured_media":0,"parent":969,"menu_order":0,"comment_status":"closed","ping_status":"closed","template":"","meta":{"footnotes":""},"class_list":["post-6044","page","type-page","status-publish","hentry"],"_links":{"self":[{"href":"https:\/\/banques-ecoles.fr\/cms\/wp-json\/wp\/v2\/pages\/6044","targetHints":{"allow":["GET"]}}],"collection":[{"href":"https:\/\/banques-ecoles.fr\/cms\/wp-json\/wp\/v2\/pages"}],"about":[{"href":"https:\/\/banques-ecoles.fr\/cms\/wp-json\/wp\/v2\/types\/page"}],"author":[{"embeddable":true,"href":"https:\/\/banques-ecoles.fr\/cms\/wp-json\/wp\/v2\/users\/16"}],"replies":[{"embeddable":true,"href":"https:\/\/banques-ecoles.fr\/cms\/wp-json\/wp\/v2\/comments?post=6044"}],"version-history":[{"count":30,"href":"https:\/\/banques-ecoles.fr\/cms\/wp-json\/wp\/v2\/pages\/6044\/revisions"}],"predecessor-version":[{"id":6519,"href":"https:\/\/banques-ecoles.fr\/cms\/wp-json\/wp\/v2\/pages\/6044\/revisions\/6519"}],"up":[{"embeddable":true,"href":"https:\/\/banques-ecoles.fr\/cms\/wp-json\/wp\/v2\/pages\/969"}],"wp:attachment":[{"href":"https:\/\/banques-ecoles.fr\/cms\/wp-json\/wp\/v2\/media?parent=6044"}],"curies":[{"name":"wp","href":"https:\/\/api.w.org\/{rel}","templated":true}]}}