{"id":6181,"date":"2017-10-13T12:14:29","date_gmt":"2017-10-13T10:14:29","guid":{"rendered":"https:\/\/banques-ecoles.fr\/cms\/?page_id=6181"},"modified":"2023-10-30T19:15:50","modified_gmt":"2023-10-30T17:15:50","slug":"session-2017-2","status":"publish","type":"page","link":"https:\/\/banques-ecoles.fr\/cms\/filieres-universitaires-second-concours-scientifique\/annales-du-second-concours-de-lens-de-lyon\/session-2017-2\/","title":{"rendered":"Session 2017"},"content":{"rendered":"<p>Sujets des \u00e9preuves \u00e9crites du concours des fili\u00e8res universitaires de l\u2019ENS de Lyon, session 2017.<\/p>\n<p><a href=\"https:\/\/banques-ecoles.fr\/cms\/wp-content\/uploads\/2017\/10\/2017_2CC_sujet_Bio.pdf\" target=\"_blank\" rel=\"noopener\">Sujet de l\u2019\u00e9crit de Biologie-Biochimie<\/a><\/p>\n<p><a href=\"https:\/\/banques-ecoles.fr\/cms\/wp-content\/uploads\/2017\/10\/2017_2CC_sujet_Chimie.pdf\" target=\"_blank\" rel=\"noopener\">Sujet de l\u2019\u00e9crit de Chimie<\/a><\/p>\n<p><a href=\"https:\/\/banques-ecoles.fr\/cms\/wp-content\/uploads\/2017\/10\/2017_2CC_sujet_ST.pdf\" target=\"_blank\" rel=\"noopener\">Sujet de l\u2019\u00e9crit de G\u00e9osciences<\/a><\/p>\n<p><a href=\"https:\/\/banques-ecoles.fr\/cms\/wp-content\/uploads\/2017\/10\/2017_2CC_sujet_Phy.pdf\" target=\"_blank\" rel=\"noopener\">Sujet de l\u2019\u00e9crit de Physique<\/a><\/p>\n<p><a href=\"https:\/\/banques-ecoles.fr\/cms\/wp-content\/uploads\/2017\/10\/2017_2CC_sujet_Math.pdf\" target=\"_blank\" rel=\"noopener\">Sujet de l\u2019\u00e9crit de Math\u00e9matiques<\/a><\/p>\n<p><a href=\"https:\/\/banques-ecoles.fr\/cms\/wp-content\/uploads\/2017\/10\/2017_2CC_sujet_Info.pdf\" target=\"_blank\" rel=\"noopener\">Sujet de l\u2019\u00e9crit d\u2019Informatique<\/a><\/p>\n","protected":false},"excerpt":{"rendered":"<p>Sujets des \u00e9preuves \u00e9crites du concours des fili\u00e8res universitaires de l\u2019ENS de Lyon, session 2017. Sujet de l\u2019\u00e9crit de Biologie-Biochimie Sujet de l\u2019\u00e9crit de Chimie Sujet de l\u2019\u00e9crit de G\u00e9osciences Sujet de l\u2019\u00e9crit de Physique Sujet de l\u2019\u00e9crit de Math\u00e9matiques <a href=\"https:\/\/banques-ecoles.fr\/cms\/filieres-universitaires-second-concours-scientifique\/annales-du-second-concours-de-lens-de-lyon\/session-2017-2\/\">[Lire la suite]<\/a><\/p>\n","protected":false},"author":16,"featured_media":0,"parent":1184,"menu_order":0,"comment_status":"closed","ping_status":"closed","template":"","meta":{"footnotes":""},"class_list":["post-6181","page","type-page","status-publish","hentry"],"_links":{"self":[{"href":"https:\/\/banques-ecoles.fr\/cms\/wp-json\/wp\/v2\/pages\/6181","targetHints":{"allow":["GET"]}}],"collection":[{"href":"https:\/\/banques-ecoles.fr\/cms\/wp-json\/wp\/v2\/pages"}],"about":[{"href":"https:\/\/banques-ecoles.fr\/cms\/wp-json\/wp\/v2\/types\/page"}],"author":[{"embeddable":true,"href":"https:\/\/banques-ecoles.fr\/cms\/wp-json\/wp\/v2\/users\/16"}],"replies":[{"embeddable":true,"href":"https:\/\/banques-ecoles.fr\/cms\/wp-json\/wp\/v2\/comments?post=6181"}],"version-history":[{"count":7,"href":"https:\/\/banques-ecoles.fr\/cms\/wp-json\/wp\/v2\/pages\/6181\/revisions"}],"predecessor-version":[{"id":11565,"href":"https:\/\/banques-ecoles.fr\/cms\/wp-json\/wp\/v2\/pages\/6181\/revisions\/11565"}],"up":[{"embeddable":true,"href":"https:\/\/banques-ecoles.fr\/cms\/wp-json\/wp\/v2\/pages\/1184"}],"wp:attachment":[{"href":"https:\/\/banques-ecoles.fr\/cms\/wp-json\/wp\/v2\/media?parent=6181"}],"curies":[{"name":"wp","href":"https:\/\/api.w.org\/{rel}","templated":true}]}}