{"id":6594,"date":"2018-04-16T13:53:58","date_gmt":"2018-04-16T11:53:58","guid":{"rendered":"https:\/\/banques-ecoles.fr\/cms\/?page_id=6594"},"modified":"2018-05-02T11:05:47","modified_gmt":"2018-05-02T09:05:47","slug":"session-2018","status":"publish","type":"page","link":"https:\/\/banques-ecoles.fr\/cms\/session-2018\/","title":{"rendered":"Session 2018"},"content":{"rendered":"<p><strong>Banque d\u2019\u00c9preuves Litt\u00e9raires \u2013 Session 2018<\/strong><\/p>\n<p><a href=\"https:\/\/banques-ecoles.fr\/cms\/wp-content\/uploads\/2018\/02\/Liste-des-centres-d\u00e9crit-BEL-2018.pdf\">Liste des centres d&rsquo;\u00e9crit BEL 2018<\/a><\/p>\n<p><a href=\"https:\/\/banques-ecoles.fr\/cms\/wp-content\/uploads\/2018\/03\/acces-siec_2018.pdf\">Plan d&rsquo;acc\u00e8s \u00e0 la maison des examens (SIEC)<\/a><\/p>\n<p><a href=\"https:\/\/banques-ecoles.fr\/cms\/wp-content\/uploads\/2018\/03\/Liste-des-dictionnaires-autoris\u00e9s-.-extrait-du-BO-N\u00b034-du-12-octobre-2017.pdf\">Liste des dictionnaires autoris\u00e9s . extrait du BO N\u00b034 du 12 octobre 2017<\/a><\/p>\n<p>&nbsp;<\/p>\n<p>Sujets des \u00e9preuves \u00e9crites :<\/p>\n<h4>\u00c9preuves communes<\/h4>\n<ul>\n<li><a href=\"https:\/\/banques-ecoles.fr\/cms\/wp-content\/uploads\/2018\/04\/2018-composition-dhistoire.pdf\">Composition d&rsquo;histoire<\/a><\/li>\n<li><a href=\"https:\/\/banques-ecoles.fr\/cms\/wp-content\/uploads\/2018\/04\/2018-composition-fran\u00e7aise.pdf\">Composition fran\u00e7aise<\/a><\/li>\n<li><a href=\"https:\/\/banques-ecoles.fr\/cms\/wp-content\/uploads\/2018\/04\/2018-composition-de-philosophie.pdf\">Composition de philosophie<\/a><\/li>\n<li><a href=\"https:\/\/banques-ecoles.fr\/cms\/wp-content\/uploads\/2018\/04\/2018-commentaire-et-traduction-en-LVE.pdf\">Commentaire et traduction LVE<\/a><\/li>\n<li><a href=\"https:\/\/banques-ecoles.fr\/cms\/wp-content\/uploads\/2018\/04\/2018-\u00e9preuves-darts.pdf\">Epreuves en arts<\/a><\/li>\n<\/ul>\n<h4>\u00c9preuves sp\u00e9cifiques ENS de Lyon<\/h4>\n<ul>\n<li><a href=\"https:\/\/banques-ecoles.fr\/cms\/wp-content\/uploads\/2018\/04\/2018-composition-de-g\u00e9ographie.pdf\">Composition de g\u00e9ographie<\/a><\/li>\n<li><a href=\"https:\/\/banques-ecoles.fr\/cms\/wp-content\/uploads\/2018\/04\/2018-\u00e9preuves-de-sp\u00e9cialit\u00e9.pdf\">Epreuve de sp\u00e9cialit\u00e9<\/a><\/li>\n<li><a href=\"https:\/\/banques-ecoles.fr\/cms\/wp-content\/uploads\/2018\/04\/2018-version-grecque.pdf\">Epreuve de sp\u00e9cialit\u00e9 version grecque<\/a><\/li>\n<li><a href=\"https:\/\/banques-ecoles.fr\/cms\/wp-content\/uploads\/2018\/04\/2018-commentaire-de-carte-g\u00e9ographique.pdf\">Commentaire de carte g\u00e9ographique<\/a><\/li>\n<\/ul>\n<h4>\u00c9preuves sp\u00e9cifiques ENS de Paris<\/h4>\n<ul>\n<li>langue et culture anciennes\n<ul>\n<li><a href=\"https:\/\/banques-ecoles.fr\/cms\/wp-content\/uploads\/2018\/05\/2018_AL_sujet_lca_trad-comm-txt-latin.pdf\" target=\"_blank\" rel=\"noopener\">traduction et commentaire d&rsquo;un texte latin<\/a><\/li>\n<li><a href=\"https:\/\/banques-ecoles.fr\/cms\/wp-content\/uploads\/2018\/05\/2018_AL_sujet_lca_trad-comm-txt-grec.pdf\" target=\"_blank\" rel=\"noopener\">traduction et commentaire d&rsquo;un texte grec<\/a><\/li>\n<li><a href=\"https:\/\/banques-ecoles.fr\/cms\/wp-content\/uploads\/2018\/05\/2018_AL_sujet_lca_version-latine.pdf\" target=\"_blank\" rel=\"noopener\">version latine<\/a><\/li>\n<li><a href=\"https:\/\/banques-ecoles.fr\/cms\/wp-content\/uploads\/2018\/05\/2018_AL_sujet_lca_version-grecque.pdf\" target=\"_blank\" rel=\"noopener\">version grecque<\/a><\/li>\n<\/ul>\n<\/li>\n<li>\u00e9preuve \u00e0 option\n<ul>\n<li><a href=\"https:\/\/banques-ecoles.fr\/cms\/wp-content\/uploads\/2018\/05\/2018_AL_sujet_opt_version-latine-court-theme.pdf\" target=\"_blank\" rel=\"noopener\">version latine et court th\u00e8me<\/a><\/li>\n<li><a href=\"https:\/\/banques-ecoles.fr\/cms\/wp-content\/uploads\/2018\/05\/2018_AL_sujet_opt_philosophie.pdf\" target=\"_blank\" rel=\"noopener\">commentaire d&rsquo;un texte philosophique<\/a><\/li>\n<li><a href=\"https:\/\/banques-ecoles.fr\/cms\/wp-content\/uploads\/2018\/05\/2018_AL_sujet_opt_francais.pdf\" target=\"_blank\" rel=\"noopener\">commentaire d&rsquo;un texte litt\u00e9raire fran\u00e7ais<\/a><\/li>\n<li><a href=\"https:\/\/banques-ecoles.fr\/cms\/wp-content\/uploads\/2018\/05\/2018_AL_sujet_opt_geographie.pdf\" target=\"_blank\" rel=\"noopener\">composition de g\u00e9ographie<\/a><\/li>\n<li>commentaire compos\u00e9 et court th\u00e8me\n<ul>\n<li><a href=\"https:\/\/banques-ecoles.fr\/cms\/wp-content\/uploads\/2018\/05\/2018_AL_sujet_opt_ccct_allemand.pdf\" target=\"_blank\" rel=\"noopener\">allemand<\/a><\/li>\n<li><a href=\"https:\/\/banques-ecoles.fr\/cms\/wp-content\/uploads\/2018\/05\/2018_AL_sujet_opt_ccct_anglais.pdf\" target=\"_blank\" rel=\"noopener\">anglais<\/a><\/li>\n<li><a href=\"https:\/\/banques-ecoles.fr\/cms\/wp-content\/uploads\/2018\/05\/2018_AL_sujet_opt_ccct_espagnol.pdf\" target=\"_blank\" rel=\"noopener\">espagnol<\/a><\/li>\n<li><a href=\"https:\/\/banques-ecoles.fr\/cms\/wp-content\/uploads\/2018\/05\/2018_AL_sujet_opt_ccct_italien.pdf\" target=\"_blank\" rel=\"noopener\">italien<\/a><\/li>\n<li><a href=\"https:\/\/banques-ecoles.fr\/cms\/wp-content\/uploads\/2018\/05\/2018_AL_sujet_opt_ccct_russe.pdf\" target=\"_blank\" rel=\"noopener\">russe<\/a><\/li>\n<\/ul>\n<\/li>\n<li>version et th\u00e8me\n<ul>\n<li><a href=\"https:\/\/banques-ecoles.fr\/cms\/wp-content\/uploads\/2018\/05\/2018_AL_sujet_opt_vt_allemand.pdf\" target=\"_blank\" rel=\"noopener\">allemand<\/a><\/li>\n<li><a href=\"https:\/\/banques-ecoles.fr\/cms\/wp-content\/uploads\/2018\/05\/2018_AL_sujet_opt_vt_anglais.pdf\" target=\"_blank\" rel=\"noopener\">anglais<\/a><\/li>\n<li><a href=\"https:\/\/banques-ecoles.fr\/cms\/wp-content\/uploads\/2018\/05\/2018_AL_sujet_opt_vt_chinois.pdf\" target=\"_blank\" rel=\"noopener\">chinois<\/a><\/li>\n<li><a href=\"https:\/\/banques-ecoles.fr\/cms\/wp-content\/uploads\/2018\/05\/2018_AL_sujet_opt_vt_espagnol.pdf\" target=\"_blank\" rel=\"noopener\">espagnol<\/a><\/li>\n<li><a href=\"https:\/\/banques-ecoles.fr\/cms\/wp-content\/uploads\/2018\/05\/2018_AL_sujet_opt_vt_hebreu.pdf\" target=\"_blank\" rel=\"noopener\">h\u00e9breu<\/a><\/li>\n<li><a href=\"https:\/\/banques-ecoles.fr\/cms\/wp-content\/uploads\/2018\/05\/2018_AL_sujet_opt_vt_italien.pdf\" target=\"_blank\" rel=\"noopener\">italien<\/a><\/li>\n<li><a href=\"https:\/\/banques-ecoles.fr\/cms\/wp-content\/uploads\/2018\/05\/2018_AL_sujet_opt_vt_russe.pdf\" target=\"_blank\" rel=\"noopener\">russe<\/a><\/li>\n<\/ul>\n<\/li>\n<\/ul>\n<\/li>\n<\/ul>\n","protected":false},"excerpt":{"rendered":"<p>Banque d\u2019\u00c9preuves Litt\u00e9raires \u2013 Session 2018 Liste des centres d&rsquo;\u00e9crit BEL 2018 Plan d&rsquo;acc\u00e8s \u00e0 la maison des examens (SIEC) Liste des dictionnaires autoris\u00e9s . extrait du BO N\u00b034 du 12 octobre 2017 &nbsp; Sujets des \u00e9preuves \u00e9crites : \u00c9preuves <a href=\"https:\/\/banques-ecoles.fr\/cms\/session-2018\/\">[Lire la suite]<\/a><\/p>\n","protected":false},"author":1,"featured_media":0,"parent":0,"menu_order":0,"comment_status":"closed","ping_status":"closed","template":"","meta":{"footnotes":""},"class_list":["post-6594","page","type-page","status-publish","hentry"],"_links":{"self":[{"href":"https:\/\/banques-ecoles.fr\/cms\/wp-json\/wp\/v2\/pages\/6594","targetHints":{"allow":["GET"]}}],"collection":[{"href":"https:\/\/banques-ecoles.fr\/cms\/wp-json\/wp\/v2\/pages"}],"about":[{"href":"https:\/\/banques-ecoles.fr\/cms\/wp-json\/wp\/v2\/types\/page"}],"author":[{"embeddable":true,"href":"https:\/\/banques-ecoles.fr\/cms\/wp-json\/wp\/v2\/users\/1"}],"replies":[{"embeddable":true,"href":"https:\/\/banques-ecoles.fr\/cms\/wp-json\/wp\/v2\/comments?post=6594"}],"version-history":[{"count":24,"href":"https:\/\/banques-ecoles.fr\/cms\/wp-json\/wp\/v2\/pages\/6594\/revisions"}],"predecessor-version":[{"id":6659,"href":"https:\/\/banques-ecoles.fr\/cms\/wp-json\/wp\/v2\/pages\/6594\/revisions\/6659"}],"wp:attachment":[{"href":"https:\/\/banques-ecoles.fr\/cms\/wp-json\/wp\/v2\/media?parent=6594"}],"curies":[{"name":"wp","href":"https:\/\/api.w.org\/{rel}","templated":true}]}}