{"id":6697,"date":"2018-05-30T10:16:00","date_gmt":"2018-05-30T08:16:00","guid":{"rendered":"https:\/\/banques-ecoles.fr\/cms\/?page_id=6697"},"modified":"2023-08-31T11:16:42","modified_gmt":"2023-08-31T09:16:42","slug":"session-2018-2","status":"publish","type":"page","link":"https:\/\/banques-ecoles.fr\/cms\/filiere-bcpst\/rapports-des-jurys-de-la-banque-bcpst\/session-2018-2\/","title":{"rendered":"Session 2018"},"content":{"rendered":"<p>Rapports des \u00e9preuves de la banque BCPST 2018.<\/p>\n<p><a href=\"https:\/\/banques-ecoles.fr\/cms\/wp-content\/uploads\/2018\/10\/18_BCPST_rap_eBio.pdf\" target=\"_blank\" rel=\"noopener\">\u00c9preuve \u00e9crite de biologie<\/a><\/p>\n<p><a href=\"https:\/\/banques-ecoles.fr\/cms\/wp-content\/uploads\/2018\/10\/18_BCPST_rap_eST.pdf\" target=\"_blank\" rel=\"noopener\">\u00c9preuve \u00e9crite de sciences de la Terre<\/a><\/p>\n<p><a href=\"https:\/\/banques-ecoles.fr\/cms\/wp-content\/uploads\/2018\/09\/18_bcpst_rap_eChi.pdf\" target=\"_blank\" rel=\"noopener\">\u00c9preuve \u00e9crite de chimie<\/a><\/p>\n<p><a href=\"https:\/\/banques-ecoles.fr\/cms\/wp-content\/uploads\/2018\/10\/18_bcpst_rap_ephy.pdf\" target=\"_blank\" rel=\"noopener\">\u00c9preuve \u00e9crite de physique<\/a><\/p>\n<p><a href=\"https:\/\/banques-ecoles.fr\/cms\/wp-content\/uploads\/2018\/10\/18_BCPST_rap_eMath.pdf\" target=\"_blank\" rel=\"noopener\">\u00c9preuve \u00e9crite de math\u00e9matiques<\/a><\/p>\n<p><a href=\"https:\/\/banques-ecoles.fr\/cms\/wp-content\/uploads\/2018\/12\/18_BCPST_rap_Fran.pdf\" target=\"_blank\" rel=\"noopener\">\u00c9preuve \u00e9crite de fran\u00e7ais<\/a><\/p>\n<p><em>\u00c9preuve \u00e9crite de LV :<\/em><\/p>\n<ul>\n<li><a href=\"https:\/\/banques-ecoles.fr\/cms\/wp-content\/uploads\/2018\/10\/18_BCPST_rap_eAll.pdf\" target=\"_blank\" rel=\"noopener\">allemand<\/a><\/li>\n<li><a href=\"https:\/\/banques-ecoles.fr\/cms\/wp-content\/uploads\/2018\/10\/18_BCPST_rap_eAng.pdf\" target=\"_blank\" rel=\"noopener\">anglais<\/a><\/li>\n<li><a href=\"https:\/\/banques-ecoles.fr\/cms\/wp-content\/uploads\/2018\/11\/18_BCPST_rap_eEsp.pdf\" target=\"_blank\" rel=\"noopener\">espagnol<\/a><\/li>\n<\/ul>\n<p><a href=\"https:\/\/banques-ecoles.fr\/cms\/wp-content\/uploads\/2018\/10\/18_BCPST_rap_oBioC.pdf\" target=\"_blank\" rel=\"noopener\">\u00c9preuve orale de biologie Cachan<\/a><\/p>\n<p><a href=\"https:\/\/banques-ecoles.fr\/cms\/wp-content\/uploads\/2018\/10\/18_BCPST_rap_oBioL.pdf\" target=\"_blank\" rel=\"noopener\">\u00c9preuve orale de biologie Lyon<\/a><\/p>\n<p><a href=\"https:\/\/banques-ecoles.fr\/cms\/wp-content\/uploads\/2018\/10\/18_BCPST_rap_oBioU.pdf\" target=\"_blank\" rel=\"noopener\">\u00c9preuve orale de biologie Ulm<\/a><\/p>\n<p><a href=\"https:\/\/banques-ecoles.fr\/cms\/wp-content\/uploads\/2018\/11\/18_BCPST_rap_oST.pdf\" target=\"_blank\" rel=\"noopener\">\u00c9preuve orale de sciences de la Terre Lyon\/ENPC<\/a><\/p>\n<p><a href=\"https:\/\/banques-ecoles.fr\/cms\/wp-content\/uploads\/2018\/11\/18_BCPST_rap_oSTUlm.pdf\" target=\"_blank\" rel=\"noopener\">\u00c9preuve orale de sciences de la Terre\u00a0Ulm<\/a><\/p>\n<p><a href=\"https:\/\/banques-ecoles.fr\/cms\/wp-content\/uploads\/2018\/11\/18_BCPST_rap_oChi.pdf\" target=\"_blank\" rel=\"noopener\">\u00c9preuve orale de chimie<\/a><\/p>\n<p><a href=\"https:\/\/banques-ecoles.fr\/cms\/wp-content\/uploads\/2018\/09\/18_bcpst_rap_ophy.pdf\" target=\"_blank\" rel=\"noopener\">\u00c9preuve orale de physique<\/a><\/p>\n<p><a href=\"https:\/\/banques-ecoles.fr\/cms\/wp-content\/uploads\/2018\/11\/18_BCPST_rap_TP.pdf\" target=\"_blank\" rel=\"noopener\">\u00c9preuve de travaux pratiques de biologie et de chimie<\/a><\/p>\n<p><a href=\"https:\/\/banques-ecoles.fr\/cms\/wp-content\/uploads\/2018\/10\/18_BCPST_rap_oTIPE.pdf\" target=\"_blank\" rel=\"noopener\">\u00c9preuve de TIPE<\/a><\/p>\n<p><a href=\"https:\/\/banques-ecoles.fr\/cms\/wp-content\/uploads\/2018\/10\/18_BCPST_rap_oMath.pdf\" target=\"_blank\" rel=\"noopener\">\u00c9preuve orale\u00a0de math\u00e9matiques ENPC<\/a><\/p>\n<p><em>\u00c9preuve orale de LV :<\/em><\/p>\n<ul>\n<li><a href=\"https:\/\/banques-ecoles.fr\/cms\/wp-content\/uploads\/2018\/10\/18_BCPST_rap_oAll.pdf\" target=\"_blank\" rel=\"noopener\">allemand<\/a><\/li>\n<li><a href=\"https:\/\/banques-ecoles.fr\/cms\/wp-content\/uploads\/2018\/10\/18_BCPST_rap_oAng.pdf\" target=\"_blank\" rel=\"noopener\">anglais<\/a><\/li>\n<li><a href=\"https:\/\/banques-ecoles.fr\/cms\/wp-content\/uploads\/2018\/11\/18_BCPST_rap_oEsp.pdf\" target=\"_blank\" rel=\"noopener\">espagnol<\/a><\/li>\n<\/ul>\n","protected":false},"excerpt":{"rendered":"<p>Rapports des \u00e9preuves de la banque BCPST 2018. \u00c9preuve \u00e9crite de biologie \u00c9preuve \u00e9crite de sciences de la Terre \u00c9preuve \u00e9crite de chimie \u00c9preuve \u00e9crite de physique \u00c9preuve \u00e9crite de math\u00e9matiques \u00c9preuve \u00e9crite de fran\u00e7ais \u00c9preuve \u00e9crite de LV : <a href=\"https:\/\/banques-ecoles.fr\/cms\/filiere-bcpst\/rapports-des-jurys-de-la-banque-bcpst\/session-2018-2\/\">[Lire la suite]<\/a><\/p>\n","protected":false},"author":16,"featured_media":0,"parent":33,"menu_order":0,"comment_status":"closed","ping_status":"closed","template":"","meta":{"footnotes":""},"class_list":["post-6697","page","type-page","status-publish","hentry"],"_links":{"self":[{"href":"https:\/\/banques-ecoles.fr\/cms\/wp-json\/wp\/v2\/pages\/6697","targetHints":{"allow":["GET"]}}],"collection":[{"href":"https:\/\/banques-ecoles.fr\/cms\/wp-json\/wp\/v2\/pages"}],"about":[{"href":"https:\/\/banques-ecoles.fr\/cms\/wp-json\/wp\/v2\/types\/page"}],"author":[{"embeddable":true,"href":"https:\/\/banques-ecoles.fr\/cms\/wp-json\/wp\/v2\/users\/16"}],"replies":[{"embeddable":true,"href":"https:\/\/banques-ecoles.fr\/cms\/wp-json\/wp\/v2\/comments?post=6697"}],"version-history":[{"count":28,"href":"https:\/\/banques-ecoles.fr\/cms\/wp-json\/wp\/v2\/pages\/6697\/revisions"}],"predecessor-version":[{"id":11345,"href":"https:\/\/banques-ecoles.fr\/cms\/wp-json\/wp\/v2\/pages\/6697\/revisions\/11345"}],"up":[{"embeddable":true,"href":"https:\/\/banques-ecoles.fr\/cms\/wp-json\/wp\/v2\/pages\/33"}],"wp:attachment":[{"href":"https:\/\/banques-ecoles.fr\/cms\/wp-json\/wp\/v2\/media?parent=6697"}],"curies":[{"name":"wp","href":"https:\/\/api.w.org\/{rel}","templated":true}]}}