{"id":676,"date":"2013-02-25T15:36:39","date_gmt":"2013-02-25T14:36:39","guid":{"rendered":"http:\/\/banques-ecoles-dev.fr\/cms\/?page_id=676"},"modified":"2013-04-20T14:33:35","modified_gmt":"2013-04-20T13:33:35","slug":"session-2011","status":"publish","type":"page","link":"https:\/\/banques-ecoles.fr\/cms\/filiere-bcpst\/rapports-des-jurys-de-la-banque-bcpst\/session-2011\/","title":{"rendered":"Session 2011"},"content":{"rendered":"<p>Rapports de jury des \u00e9preuves \u00e9crites, pratiques et orales de la banque BCPST 2011.<\/p>\n<p>&nbsp;<\/p>\n<p><a href=\"\/cms\/wp-content\/data\/filiere-bcpst\/rapports-des-jurys-de-la-banque-bcpst\/session-2011-1\/bcpst_ecrit_biol_ulc_2011.pdf\">Rapport de l&rsquo;\u00e9crit de biologie<\/a><\/p>\n<p><a href=\"\/cms\/wp-content\/data\/filiere-bcpst\/rapports-des-jurys-de-la-banque-bcpst\/session-2011-1\/rapport_ecrit_geol_bcpst2011.pdf\">Rapport de l&rsquo;\u00e9crit de sciences de la terre<\/a><\/p>\n<p><a href=\"\/cms\/wp-content\/data\/filiere-bcpst\/rapports-des-jurys-de-la-banque-bcpst\/session-2011-1\/05_rapport_ecrit_phy_bcpst_2011.pdf\">Rapport de l&rsquo;\u00e9crit de physique<\/a><\/p>\n<p><a href=\"\/cms\/wp-content\/data\/filiere-bcpst\/rapports-des-jurys-de-la-banque-bcpst\/session-2011-1\/rap_chimie_ecrit_bcpst_2011.pdf\">Rapport de l&rsquo;\u00e9crit de chimie<\/a><\/p>\n<p><a href=\"\/cms\/wp-content\/data\/filiere-bcpst\/rapports-des-jurys-de-la-banque-bcpst\/session-2011-1\/ecrit_math_bcpst_2011.pdf\">Rapport de l&rsquo;\u00e9crit de math\u00e9matiques<\/a><\/p>\n<p><a href=\"\/cms\/wp-content\/data\/filiere-bcpst\/rapports-des-jurys-de-la-banque-bcpst\/session-2011-1\/rap_ecrit_fr_bcpst2011.pdf\">Rapport de l&rsquo;\u00e9crit de fran\u00e7ais<\/a><\/p>\n<p><a href=\"\/cms\/wp-content\/data\/filiere-bcpst\/rapports-des-jurys-de-la-banque-bcpst\/session-2011-1\/rap_ecrit_lv1_allemand_ulc_bcpst2011.pdf\">Rapport de l&rsquo;\u00e9crit d&rsquo;allemand &#8211; LV1<\/a><\/p>\n<p><a href=\"\/cms\/wp-content\/data\/filiere-bcpst\/rapports-des-jurys-de-la-banque-bcpst\/session-2011-1\/vr29aou11_anglais_lv1_rapport_bcpst2011.pdf\">Rapport de l&rsquo;\u00e9crit d&rsquo;anglais LV1<\/a><\/p>\n<p><a href=\"\/cms\/wp-content\/data\/filiere-bcpst\/rapports-des-jurys-de-la-banque-bcpst\/session-2011-1\/rap_ecrit_le2_allemand_ulc_bcpst2011.pdf\">Rapport de l&rsquo;\u00e9crit d&rsquo;allemand LE2<\/a><\/p>\n<p><a href=\"\/cms\/wp-content\/data\/filiere-bcpst\/rapports-des-jurys-de-la-banque-bcpst\/session-2011-1\/db17aou11_rapport_ecrit_le2_bcpst2011.pdf\">Rapport de l&rsquo;\u00e9crit d&rsquo;anglais LE2<\/a><\/p>\n<p><a href=\"\/cms\/wp-content\/data\/filiere-bcpst\/rapports-des-jurys-de-la-banque-bcpst\/session-2011-1\/ghp27sep11_rapport_italien_ens_cachan_bcpst2011.pdf\">Rapport de l&rsquo;italien (LV1, LE2 et oral)<\/a><\/p>\n<p><a href=\"\/cms\/wp-content\/data\/filiere-bcpst\/rapports-des-jurys-de-la-banque-bcpst\/session-2011-1\/gp27sep11_oral_biologie_cachan_bcpst2011.pdf\">Rapport de l&rsquo;oral de biologie Cachan<\/a><\/p>\n<p><a href=\"\/cms\/wp-content\/data\/filiere-bcpst\/rapports-des-jurys-de-la-banque-bcpst\/session-2011-1\/bio_oral_lyon_bcpst2011.pdf\">Rapport de l&rsquo;oral de biologie Lyon<\/a><\/p>\n<p><a href=\"\/cms\/wp-content\/data\/filiere-bcpst\/rapports-des-jurys-de-la-banque-bcpst\/session-2011-1\/rapport_bio_oral_ulm_bcpst2011.pdf\">Rapport de l&rsquo;oral de biologie Ulm<\/a><\/p>\n<p><a href=\"\/cms\/wp-content\/data\/filiere-bcpst\/rapports-des-jurys-de-la-banque-bcpst\/session-2011-1\/03_rapport_oral_phy_bcpst2011_v3.pdf\">Rapport de l&rsquo;oral de physique<\/a><\/p>\n<p><a href=\"\/cms\/wp-content\/data\/filiere-bcpst\/rapports-des-jurys-de-la-banque-bcpst\/session-2011-1\/rap_oral_chimie_bcpst_2011.pdf\">Rapport de l&rsquo;oral de chimie<\/a><\/p>\n<p><a href=\"\/cms\/wp-content\/data\/filiere-bcpst\/rapports-des-jurys-de-la-banque-bcpst\/session-2011-1\/rapport_epreuves_orales_de_geologie_version_du_25_juillet%20_2011.pdf\">Rapport de l&rsquo;oral de sciences de la Terre<\/a><\/p>\n<p><a href=\"\/cms\/wp-content\/data\/filiere-bcpst\/rapports-des-jurys-de-la-banque-bcpst\/session-2011-1\/rapport_tp_bio_bcpst2011.pdf\">Rapport des TP de biologie<\/a><\/p>\n<p><a href=\"\/cms\/wp-content\/data\/filiere-bcpst\/rapports-des-jurys-de-la-banque-bcpst\/session-2011-1\/rapport_tipe_bcpst2011.pdf\">Rapport des travaux d&rsquo;initiative personnelle encadr\u00e9s<\/a><\/p>\n<p><a href=\"\/cms\/wp-content\/data\/filiere-bcpst\/rapports-des-jurys-de-la-banque-bcpst\/session-2011-1\/vr29aou11_anglais_oral_rapport_bcpst2011.pdf\">Rapport de l&rsquo;oral d&rsquo;anglais<\/a><\/p>\n<p><a href=\"\/cms\/wp-content\/data\/filiere-bcpst\/rapports-des-jurys-de-la-banque-bcpst\/session-2011-1\/rap_oral_lv_allemand_ulc_bcpst2011.pdf\">Rapport de l&rsquo;oral d&rsquo;allemand<\/a><\/p>\n","protected":false},"excerpt":{"rendered":"<p>Rapports de jury des \u00e9preuves \u00e9crites, pratiques et orales de la banque BCPST 2011. &nbsp; Rapport de l&rsquo;\u00e9crit de biologie Rapport de l&rsquo;\u00e9crit de sciences de la terre Rapport de l&rsquo;\u00e9crit de physique Rapport de l&rsquo;\u00e9crit de chimie Rapport de <a href=\"https:\/\/banques-ecoles.fr\/cms\/filiere-bcpst\/rapports-des-jurys-de-la-banque-bcpst\/session-2011\/\">[Lire la suite]<\/a><\/p>\n","protected":false},"author":1,"featured_media":0,"parent":33,"menu_order":7,"comment_status":"closed","ping_status":"open","template":"","meta":{"footnotes":""},"class_list":["post-676","page","type-page","status-publish","hentry"],"_links":{"self":[{"href":"https:\/\/banques-ecoles.fr\/cms\/wp-json\/wp\/v2\/pages\/676","targetHints":{"allow":["GET"]}}],"collection":[{"href":"https:\/\/banques-ecoles.fr\/cms\/wp-json\/wp\/v2\/pages"}],"about":[{"href":"https:\/\/banques-ecoles.fr\/cms\/wp-json\/wp\/v2\/types\/page"}],"author":[{"embeddable":true,"href":"https:\/\/banques-ecoles.fr\/cms\/wp-json\/wp\/v2\/users\/1"}],"replies":[{"embeddable":true,"href":"https:\/\/banques-ecoles.fr\/cms\/wp-json\/wp\/v2\/comments?post=676"}],"version-history":[{"count":2,"href":"https:\/\/banques-ecoles.fr\/cms\/wp-json\/wp\/v2\/pages\/676\/revisions"}],"predecessor-version":[{"id":1911,"href":"https:\/\/banques-ecoles.fr\/cms\/wp-json\/wp\/v2\/pages\/676\/revisions\/1911"}],"up":[{"embeddable":true,"href":"https:\/\/banques-ecoles.fr\/cms\/wp-json\/wp\/v2\/pages\/33"}],"wp:attachment":[{"href":"https:\/\/banques-ecoles.fr\/cms\/wp-json\/wp\/v2\/media?parent=676"}],"curies":[{"name":"wp","href":"https:\/\/api.w.org\/{rel}","templated":true}]}}