{"id":680,"date":"2013-02-25T15:40:22","date_gmt":"2013-02-25T14:40:22","guid":{"rendered":"http:\/\/banques-ecoles-dev.fr\/cms\/?page_id=680"},"modified":"2013-04-20T14:34:07","modified_gmt":"2013-04-20T13:34:07","slug":"session-2010","status":"publish","type":"page","link":"https:\/\/banques-ecoles.fr\/cms\/filiere-bcpst\/rapports-des-jurys-de-la-banque-bcpst\/session-2010\/","title":{"rendered":"Session 2010"},"content":{"rendered":"<p>Rapports de jury des \u00e9preuves \u00e9crites, pratiques et orales de la banque BCPST 2010.<\/p>\n<p>&nbsp;<\/p>\n<p><a href=\"\/cms\/wp-content\/data\/filiere-bcpst\/rapports-des-jurys-de-la-banque-bcpst\/session-2010\/Rapport%20ecrit%20de%20biologie.pdf\">Rapport de l&rsquo;\u00e9crit de biologie<\/a><\/p>\n<p><a href=\"\/cms\/wp-content\/data\/filiere-bcpst\/rapports-des-jurys-de-la-banque-bcpst\/session-2010\/Rapport%20de%20Jury%20Biologie%20Cachan%202010.pdf\">Rapport de l&rsquo;oral de biologie Cachan<\/a><\/p>\n<p><a href=\"\/cms\/wp-content\/data\/filiere-bcpst\/rapports-des-jurys-de-la-banque-bcpst\/session-2010\/rapport-2010-bcpst_oral_biologie_Lyon.pdf\">Rapport de l&rsquo;oral de biologie Lyon<\/a><\/p>\n<p><a href=\"\/cms\/wp-content\/data\/filiere-bcpst\/rapports-des-jurys-de-la-banque-bcpst\/session-2010\/Rapport%20de%20loral%20de%20biologie%20Ulm.pdf\">Rapport de l&rsquo;oral de biologie Ulm<\/a><\/p>\n<p><a href=\"\/cms\/wp-content\/data\/filiere-bcpst\/rapports-des-jurys-de-la-banque-bcpst\/session-2010\/Rapport%20ecrit%20de%20chimie.pdf\">Rapport de l&rsquo;\u00e9crit de chimie<\/a><\/p>\n<p><a href=\"\/cms\/wp-content\/data\/filiere-bcpst\/rapports-des-jurys-de-la-banque-bcpst\/session-2010\/Rapport%20du%20concoursPhys%20BCPST%202010.pdf\">Rapport de l&rsquo;\u00e9preuve \u00e9crite de physique<\/a><\/p>\n<p><a href=\"\/cms\/wp-content\/data\/filiere-bcpst\/rapports-des-jurys-de-la-banque-bcpst\/session-2010\/Physique%20orale%20BCPST.pdf\">Rapport de l&rsquo;oral de physique<\/a><\/p>\n<p><a href=\"\/cms\/wp-content\/data\/filiere-bcpst\/rapports-des-jurys-de-la-banque-bcpst\/session-2010\/Rapport_geol_BCPST_2010.pdf\">Rapport de l&rsquo;\u00e9crit de sciences de la terre<\/a><\/p>\n<p><a href=\"\/cms\/wp-content\/data\/filiere-bcpst\/rapports-des-jurys-de-la-banque-bcpst\/session-2010\/rapport-2010-bcpst_oral_sciences_terre.pdf\">Rapport de l&rsquo;oral de sciences de la Terre<\/a><\/p>\n<p><a href=\"\/cms\/wp-content\/data\/filiere-bcpst\/rapports-des-jurys-de-la-banque-bcpst\/session-2010\/Rapport_mathematiques_BCPST_2010.pdf\">Rapport de l&rsquo;\u00e9crit de math\u00e9matiques<\/a><\/p>\n<p><a href=\"\/cms\/wp-content\/data\/filiere-bcpst\/rapports-des-jurys-de-la-banque-bcpst\/session-2010\/Rapport%20des%20TP%20de%20chimie.pdf\">Rapport des TP de chimie<\/a><\/p>\n<p><a href=\"\/cms\/wp-content\/data\/filiere-bcpst\/rapports-des-jurys-de-la-banque-bcpst\/session-2010\/Rapport%20TP%20Biologie.pdf\">Rapport des TP de biologie<\/a><\/p>\n<p><a href=\"\/cms\/wp-content\/data\/filiere-bcpst\/rapports-des-jurys-de-la-banque-bcpst\/session-2010\/Rapport%20francais2010.pdf\">Rapport de l&rsquo;\u00e9preuve de fran\u00e7ais<\/a><\/p>\n<p><a href=\"\/cms\/wp-content\/data\/filiere-bcpst\/rapports-des-jurys-de-la-banque-bcpst\/session-2010\/rapport-2010-bcpst_TIPE.pdf\">Rapport des travaux d&rsquo;initiative personnelle encadr\u00e9s<\/a><\/p>\n<p><a href=\"\/cms\/wp-content\/data\/filiere-bcpst\/rapports-des-jurys-de-la-banque-bcpst\/session-2010\/Rapport%20ecrit%20dallemand%20Lv1.pdf\">Rapport \u00e9crit d&rsquo;allemand LV1<\/a><\/p>\n<p><a href=\"\/cms\/wp-content\/data\/filiere-bcpst\/rapports-des-jurys-de-la-banque-bcpst\/session-2010\/Rapport%20LV1%20anglais.pdf\">Rapport \u00e9crit d&rsquo;anglais LV1<\/a><\/p>\n<p><a href=\"\/cms\/wp-content\/data\/filiere-bcpst\/rapports-des-jurys-de-la-banque-bcpst\/session-2010\/Rapport%20LV1%20Italien.pdf\">Rapport \u00e9crit d&rsquo;italien LV1<\/a><\/p>\n<p><a href=\"\/cms\/wp-content\/data\/filiere-bcpst\/rapports-des-jurys-de-la-banque-bcpst\/session-2010\/Rapport%20LE2%20Italien.pdf\">Rapport de l&rsquo;\u00e9crit d&rsquo;italien LE2<\/a><\/p>\n<p><a href=\"\/cms\/wp-content\/data\/filiere-bcpst\/rapports-des-jurys-de-la-banque-bcpst\/session-2010\/Rapport%20LE2%20allemand.pdf\">Rapport de l&rsquo;\u00e9crit d&rsquo;allemand LE2<\/a><\/p>\n<p><a href=\"\/cms\/wp-content\/data\/filiere-bcpst\/rapports-des-jurys-de-la-banque-bcpst\/session-2010\/rapport-bcpst-ecrit-anglais-lv2-2010.pdf\">Rapport de l&rsquo;\u00e9crit d&rsquo;anglais LE2 <\/a><\/p>\n<p><a href=\"\/cms\/wp-content\/data\/filiere-bcpst\/rapports-des-jurys-de-la-banque-bcpst\/session-2010\/rapport%20BCPST%20Latin%202010.pdf\">Rapport de l&rsquo;\u00e9preuve \u00e9crite de latin LE2<\/a><\/p>\n<p><a href=\"\/cms\/wp-content\/data\/filiere-bcpst\/rapports-des-jurys-de-la-banque-bcpst\/session-2010\/BCPST%20Grec%202010.pdf\">Rapport de l&rsquo;\u00e9preuve de grec LE2<\/a><\/p>\n<p><a href=\"\/cms\/wp-content\/data\/filiere-bcpst\/rapports-des-jurys-de-la-banque-bcpst\/session-2010\/Rapport%20oral%20allemand.pdf\">Rapport de l&rsquo;oral d&rsquo;allemand<\/a><\/p>\n<p><a href=\"\/cms\/wp-content\/data\/filiere-bcpst\/rapports-des-jurys-de-la-banque-bcpst\/session-2010\/Rapport%20oral%20anglais.pdf\">Rapport de l&rsquo;oral d&rsquo;anglais<\/a><\/p>\n<p><a href=\"\/cms\/wp-content\/data\/filiere-bcpst\/rapports-des-jurys-de-la-banque-bcpst\/session-2010\/Rapport%20oral%20espagnol.pdf\">Rapport de l&rsquo;oral d&rsquo;espagnol<\/a><\/p>\n<p><a href=\"\/cms\/wp-content\/data\/filiere-bcpst\/rapports-des-jurys-de-la-banque-bcpst\/session-2010\/Rapport%20oral%20italien.pdf\">Rapport de l&rsquo;oral d&rsquo;italien<\/a><\/p>\n","protected":false},"excerpt":{"rendered":"<p>Rapports de jury des \u00e9preuves \u00e9crites, pratiques et orales de la banque BCPST 2010. &nbsp; Rapport de l&rsquo;\u00e9crit de biologie Rapport de l&rsquo;oral de biologie Cachan Rapport de l&rsquo;oral de biologie Lyon Rapport de l&rsquo;oral de biologie Ulm Rapport de <a href=\"https:\/\/banques-ecoles.fr\/cms\/filiere-bcpst\/rapports-des-jurys-de-la-banque-bcpst\/session-2010\/\">[Lire la suite]<\/a><\/p>\n","protected":false},"author":1,"featured_media":0,"parent":33,"menu_order":6,"comment_status":"closed","ping_status":"open","template":"","meta":{"footnotes":""},"class_list":["post-680","page","type-page","status-publish","hentry"],"_links":{"self":[{"href":"https:\/\/banques-ecoles.fr\/cms\/wp-json\/wp\/v2\/pages\/680","targetHints":{"allow":["GET"]}}],"collection":[{"href":"https:\/\/banques-ecoles.fr\/cms\/wp-json\/wp\/v2\/pages"}],"about":[{"href":"https:\/\/banques-ecoles.fr\/cms\/wp-json\/wp\/v2\/types\/page"}],"author":[{"embeddable":true,"href":"https:\/\/banques-ecoles.fr\/cms\/wp-json\/wp\/v2\/users\/1"}],"replies":[{"embeddable":true,"href":"https:\/\/banques-ecoles.fr\/cms\/wp-json\/wp\/v2\/comments?post=680"}],"version-history":[{"count":3,"href":"https:\/\/banques-ecoles.fr\/cms\/wp-json\/wp\/v2\/pages\/680\/revisions"}],"predecessor-version":[{"id":1912,"href":"https:\/\/banques-ecoles.fr\/cms\/wp-json\/wp\/v2\/pages\/680\/revisions\/1912"}],"up":[{"embeddable":true,"href":"https:\/\/banques-ecoles.fr\/cms\/wp-json\/wp\/v2\/pages\/33"}],"wp:attachment":[{"href":"https:\/\/banques-ecoles.fr\/cms\/wp-json\/wp\/v2\/media?parent=680"}],"curies":[{"name":"wp","href":"https:\/\/api.w.org\/{rel}","templated":true}]}}