{"id":6863,"date":"2018-07-16T14:32:32","date_gmt":"2018-07-16T12:32:32","guid":{"rendered":"https:\/\/banques-ecoles.fr\/cms\/?page_id=6863"},"modified":"2019-01-15T11:53:39","modified_gmt":"2019-01-15T09:53:39","slug":"session-2018","status":"publish","type":"page","link":"https:\/\/banques-ecoles.fr\/cms\/filieres-universitaires-second-concours-scientifique\/rapports-des-jurys-du-second-concours-de-lens-de-lyon\/session-2018\/","title":{"rendered":"Session 2018"},"content":{"rendered":"<p>Rapports sur les \u00e9preuves du concours ouvert aux fili\u00e8res universitaires de l\u2019ENS de Lyon \u2013 Session 2018.<\/p>\n<p>&nbsp;<\/p>\n<p><a href=\"https:\/\/banques-ecoles.fr\/cms\/wp-content\/uploads\/2018\/10\/18_2CC_rap_general.pdf\" target=\"_blank\" rel=\"noopener\">Rapport g\u00e9n\u00e9ral<\/a><\/p>\n<p>&nbsp;<\/p>\n<p><a href=\"https:\/\/banques-ecoles.fr\/cms\/wp-content\/uploads\/2019\/01\/18_2CC_rap_eBio.pdf\" target=\"_blank\" rel=\"noopener\">\u00c9preuve \u00e9crite de biologie-biochimie<\/a><\/p>\n<p>\u00c9preuve \u00e9crite de g\u00e9osciences<\/p>\n<p><a href=\"https:\/\/banques-ecoles.fr\/cms\/wp-content\/uploads\/2018\/11\/18_2CC_rap_eChi.pdf\" target=\"_blank\" rel=\"noopener\">\u00c9preuve \u00e9crite de chimie<\/a><\/p>\n<p><a href=\"https:\/\/banques-ecoles.fr\/cms\/wp-content\/uploads\/2018\/10\/18_2CC_rap_ePhy.pdf\" target=\"_blank\" rel=\"noopener\">\u00c9preuve \u00e9crite de physique<\/a><\/p>\n<p><a href=\"https:\/\/banques-ecoles.fr\/cms\/wp-content\/uploads\/2018\/10\/18_2CC_rap_eMath.pdf\" target=\"_blank\" rel=\"noopener\">\u00c9preuve \u00e9crite de math\u00e9matiques<\/a><\/p>\n<p><a href=\"https:\/\/banques-ecoles.fr\/cms\/wp-content\/uploads\/2018\/10\/18_2CC_rap_eInfo.pdf\" target=\"_blank\" rel=\"noopener\">\u00c9preuve \u00e9crite d\u2019informatique<\/a><\/p>\n<p>&nbsp;<\/p>\n<p><a href=\"https:\/\/banques-ecoles.fr\/cms\/wp-content\/uploads\/2018\/10\/18_2CC_rap_oBio.pdf\" target=\"_blank\" rel=\"noopener\">\u00c9preuve orale de biologie-biochimie<\/a><\/p>\n<p>\u00c9preuve orale de g\u00e9osciences<\/p>\n<p><a href=\"https:\/\/banques-ecoles.fr\/cms\/wp-content\/uploads\/2018\/11\/18_2CC_rap_oChi.pdf\" target=\"_blank\" rel=\"noopener\">\u00c9preuve orale de chimie<\/a><\/p>\n<p><a href=\"https:\/\/banques-ecoles.fr\/cms\/wp-content\/uploads\/2018\/07\/18_2c_rap_ophy_lyon.pdf\" target=\"_blank\" rel=\"noopener\">\u00c9preuve orale de physique<\/a><\/p>\n<p><a href=\"https:\/\/banques-ecoles.fr\/cms\/wp-content\/uploads\/2018\/10\/18_2CC_rap_oMath.pdf\" target=\"_blank\" rel=\"noopener\">\u00c9preuve orale de math\u00e9matiques<\/a><\/p>\n<p><a href=\"https:\/\/banques-ecoles.fr\/cms\/wp-content\/uploads\/2018\/10\/18_2CC_rap_oInfo.pdf\" target=\"_blank\" rel=\"noopener\">\u00c9preuve orale\u00a0d\u2019informatique<\/a><\/p>\n<p>&nbsp;<\/p>\n<p><a href=\"https:\/\/banques-ecoles.fr\/cms\/wp-content\/uploads\/2018\/10\/18_2CC_rap_oLV.pdf\" target=\"_blank\" rel=\"noopener\">\u00c9preuve orale de langue vivante<\/a><\/p>\n<p><a href=\"https:\/\/banques-ecoles.fr\/cms\/wp-content\/uploads\/2018\/10\/18_2CC_rap_Projet.pdf\" target=\"_blank\" rel=\"noopener\">\u00c9preuve (orale) de projet personnel<\/a><\/p>\n","protected":false},"excerpt":{"rendered":"<p>Rapports sur les \u00e9preuves du concours ouvert aux fili\u00e8res universitaires de l\u2019ENS de Lyon \u2013 Session 2018. &nbsp; Rapport g\u00e9n\u00e9ral &nbsp; \u00c9preuve \u00e9crite de biologie-biochimie \u00c9preuve \u00e9crite de g\u00e9osciences \u00c9preuve \u00e9crite de chimie \u00c9preuve \u00e9crite de physique \u00c9preuve \u00e9crite de <a href=\"https:\/\/banques-ecoles.fr\/cms\/filieres-universitaires-second-concours-scientifique\/rapports-des-jurys-du-second-concours-de-lens-de-lyon\/session-2018\/\">[Lire la suite]<\/a><\/p>\n","protected":false},"author":5,"featured_media":0,"parent":1187,"menu_order":0,"comment_status":"closed","ping_status":"closed","template":"","meta":{"footnotes":""},"class_list":["post-6863","page","type-page","status-publish","hentry"],"_links":{"self":[{"href":"https:\/\/banques-ecoles.fr\/cms\/wp-json\/wp\/v2\/pages\/6863","targetHints":{"allow":["GET"]}}],"collection":[{"href":"https:\/\/banques-ecoles.fr\/cms\/wp-json\/wp\/v2\/pages"}],"about":[{"href":"https:\/\/banques-ecoles.fr\/cms\/wp-json\/wp\/v2\/types\/page"}],"author":[{"embeddable":true,"href":"https:\/\/banques-ecoles.fr\/cms\/wp-json\/wp\/v2\/users\/5"}],"replies":[{"embeddable":true,"href":"https:\/\/banques-ecoles.fr\/cms\/wp-json\/wp\/v2\/comments?post=6863"}],"version-history":[{"count":15,"href":"https:\/\/banques-ecoles.fr\/cms\/wp-json\/wp\/v2\/pages\/6863\/revisions"}],"predecessor-version":[{"id":7672,"href":"https:\/\/banques-ecoles.fr\/cms\/wp-json\/wp\/v2\/pages\/6863\/revisions\/7672"}],"up":[{"embeddable":true,"href":"https:\/\/banques-ecoles.fr\/cms\/wp-json\/wp\/v2\/pages\/1187"}],"wp:attachment":[{"href":"https:\/\/banques-ecoles.fr\/cms\/wp-json\/wp\/v2\/media?parent=6863"}],"curies":[{"name":"wp","href":"https:\/\/api.w.org\/{rel}","templated":true}]}}