{"id":6869,"date":"2018-07-16T14:42:10","date_gmt":"2018-07-16T12:42:10","guid":{"rendered":"https:\/\/banques-ecoles.fr\/cms\/?page_id=6869"},"modified":"2018-10-16T04:57:14","modified_gmt":"2018-10-16T02:57:14","slug":"session-2018","status":"publish","type":"page","link":"https:\/\/banques-ecoles.fr\/cms\/filieres-universitaires-second-concours-scientifique\/annales-du-second-concours-de-lens-de-lyon\/session-2018\/","title":{"rendered":"Session 2018"},"content":{"rendered":"<p>Sujets des \u00e9preuves \u00e9crites du concours des fili\u00e8res universitaires de l\u2019ENS de Lyon, session 2018.<\/p>\n<p>&nbsp;<\/p>\n<p><a href=\"https:\/\/banques-ecoles.fr\/cms\/wp-content\/uploads\/2018\/10\/2018_2CC_sujet_Bio.pdf\" target=\"_blank\" rel=\"noopener\">Sujet de l\u2019\u00e9crit de Biologie-Biochimie<\/a><\/p>\n<p><a href=\"https:\/\/banques-ecoles.fr\/cms\/wp-content\/uploads\/2018\/10\/2018_2CC_sujet_Chimie.pdf\" target=\"_blank\" rel=\"noopener\">Sujet de l\u2019\u00e9crit de Chimie<\/a><\/p>\n<p>Sujet de l\u2019\u00e9crit de G\u00e9osciences<\/p>\n<p><a href=\"https:\/\/banques-ecoles.fr\/cms\/wp-content\/uploads\/2018\/07\/18_2c_sujet_phy_lyon.pdf\" target=\"_blank\" rel=\"noopener\">Sujet de l\u2019\u00e9crit de Physique<\/a><\/p>\n<p><a href=\"https:\/\/banques-ecoles.fr\/cms\/wp-content\/uploads\/2018\/10\/2018_2CC_sujet_Math.pdf\" target=\"_blank\" rel=\"noopener\">Sujet de l\u2019\u00e9crit de Math\u00e9matiques<\/a><\/p>\n<p><a href=\"https:\/\/banques-ecoles.fr\/cms\/wp-content\/uploads\/2018\/10\/2018_2CC_sujet_Info.pdf\" target=\"_blank\" rel=\"noopener\">Sujet de l\u2019\u00e9crit d\u2019Informatique<\/a><\/p>\n","protected":false},"excerpt":{"rendered":"<p>Sujets des \u00e9preuves \u00e9crites du concours des fili\u00e8res universitaires de l\u2019ENS de Lyon, session 2018. &nbsp; Sujet de l\u2019\u00e9crit de Biologie-Biochimie Sujet de l\u2019\u00e9crit de Chimie Sujet de l\u2019\u00e9crit de G\u00e9osciences Sujet de l\u2019\u00e9crit de Physique Sujet de l\u2019\u00e9crit de <a href=\"https:\/\/banques-ecoles.fr\/cms\/filieres-universitaires-second-concours-scientifique\/annales-du-second-concours-de-lens-de-lyon\/session-2018\/\">[Lire la suite]<\/a><\/p>\n","protected":false},"author":5,"featured_media":0,"parent":1184,"menu_order":0,"comment_status":"closed","ping_status":"closed","template":"","meta":{"footnotes":""},"class_list":["post-6869","page","type-page","status-publish","hentry"],"_links":{"self":[{"href":"https:\/\/banques-ecoles.fr\/cms\/wp-json\/wp\/v2\/pages\/6869","targetHints":{"allow":["GET"]}}],"collection":[{"href":"https:\/\/banques-ecoles.fr\/cms\/wp-json\/wp\/v2\/pages"}],"about":[{"href":"https:\/\/banques-ecoles.fr\/cms\/wp-json\/wp\/v2\/types\/page"}],"author":[{"embeddable":true,"href":"https:\/\/banques-ecoles.fr\/cms\/wp-json\/wp\/v2\/users\/5"}],"replies":[{"embeddable":true,"href":"https:\/\/banques-ecoles.fr\/cms\/wp-json\/wp\/v2\/comments?post=6869"}],"version-history":[{"count":8,"href":"https:\/\/banques-ecoles.fr\/cms\/wp-json\/wp\/v2\/pages\/6869\/revisions"}],"predecessor-version":[{"id":7586,"href":"https:\/\/banques-ecoles.fr\/cms\/wp-json\/wp\/v2\/pages\/6869\/revisions\/7586"}],"up":[{"embeddable":true,"href":"https:\/\/banques-ecoles.fr\/cms\/wp-json\/wp\/v2\/pages\/1184"}],"wp:attachment":[{"href":"https:\/\/banques-ecoles.fr\/cms\/wp-json\/wp\/v2\/media?parent=6869"}],"curies":[{"name":"wp","href":"https:\/\/api.w.org\/{rel}","templated":true}]}}