{"id":69,"date":"2012-11-29T13:49:20","date_gmt":"2012-11-29T12:49:20","guid":{"rendered":"http:\/\/127.0.0.1\/wordpress342\/?page_id=69"},"modified":"2023-07-18T10:38:56","modified_gmt":"2023-07-18T08:38:56","slug":"mentions-legales","status":"publish","type":"page","link":"https:\/\/banques-ecoles.fr\/cms\/mentions-legales\/","title":{"rendered":"Mentions l\u00e9gales"},"content":{"rendered":"<div id=\"parent-fieldname-text\">\n<div>\n<h2>Objet<\/h2>\n<p>Ce site est consacr\u00e9 aux concours d&rsquo;admission des \u00c9coles normales sup\u00e9rieures de Cachan, Lyon et Paris. Il est commun \u00e0 ces \u00e9tablissements.<\/p>\n<h2>Optimisation<\/h2>\n<p>Ce site est optimis\u00e9 pour les navigateurs :<\/p>\n<ul>\n<li>Internet explorer 7 et suivants<\/li>\n<li>Firefox 3 et suivants.<\/li>\n<\/ul>\n<h2>\u00a0Informations l\u00e9gales<\/h2>\n<h3>\u00c9tablissement concepteur<\/h3>\n<p>\u00c9cole normale sup\u00e9rieure de Lyon<br \/>\n15, parvis Ren\u00e9 Descartes<br \/>\nBP 7000<br \/>\n69 342 Lyon Cedex 07<\/p>\n<h3>Directeur de publication<\/h3>\n<p>Emmanuel TRIZAC, Pr\u00e9sident de l\u2019ENS de Lyon<\/p>\n<h3>Cr\u00e9dits<\/h3>\n<h4>Outil de gestion de contenu<\/h4>\n<p>WordPress<\/p>\n<h4>H\u00e9bergement<\/h4>\n<p>Direction des syst\u00e8mes d&rsquo;information ENS de Lyon<\/p>\n<h4>Conception du site et r\u00e9alisation<\/h4>\n<p>Service admission et concours et DSI de l&rsquo;ENS de Lyon<\/p>\n<h4>D\u00e9veloppement informatique<\/h4>\n<p>DSI de l&rsquo;ENS de Lyon<\/p>\n<h4>Conception graphique<\/h4>\n<p>Fran\u00e7ois Gentil<\/p>\n<h4>Int\u00e9gration graphique<\/h4>\n<p>Anne Chemin-Roberty, service UNIS<\/p>\n<h4>Communication et coordination web<\/h4>\n<p>Philippe ODIER<\/p>\n<h3>Droits de reproduction<\/h3>\n<p>D\u2019une mani\u00e8re g\u00e9n\u00e9rale, la l\u00e9gislation sur les droits d\u2019auteur et la propri\u00e9t\u00e9 intellectuelle s\u2019applique \u00e0 l\u2019ensemble de ce site. En particulier\u00a0:<\/p>\n<ul>\n<li>pour un usage strictement priv\u00e9 et \u00e0 l\u2019exception de l\u2019iconographie, la reproduction du contenu de tout ou partie de ce site est libre\u00a0;<\/li>\n<li>dans le cadre de communication, d\u2019\u00e9dition ou d\u2019autres actions \u00e0 usage professionnel, ne sont autoris\u00e9es que les courtes citations, sous r\u00e9serve d\u2019en mentionner l\u2019origine par un lien vers la page cit\u00e9e (ou, \u00e0 d\u00e9faut, la page d\u2019accueil) ou, dans le casd\u2019une reproduction sur support physique, par la mention de l\u2019auteur et de l\u2019adresse URL de la page cit\u00e9e.<\/li>\n<\/ul>\n<p>Toute autre reproduction ou repr\u00e9sentation, int\u00e9grale ou substantielle du contenu de ce site, par quelque proc\u00e9d\u00e9 que ce soit, doit faire l\u2019objet d\u2019une autorisation. Pour toute demande \u00e0 ce sujet, s\u2019adresser par courrier \u00e9lectronique au webmestre ou par courrier postal \u00e0 l\u2019adresse<\/p>\n<address>ENS de Lyon<\/address>\n<address>Service Admission et concours<\/address>\n<address>15 parvis Ren\u00e9 Descartes<\/address>\n<address>BP 7000<\/address>\n<address>69 342 Lyon cedex 07<\/address>\n<address>France<\/address>\n<h3>Port\u00e9e des contenus<\/h3>\n<h4>Responsabilit\u00e9<\/h4>\n<p>Les informations qui figurent sur ce site sont soumises \u00e0 une clause de non responsabilit\u00e9. L\u2019utilisation du site a valeur d\u2019acceptation des conditions ci-dessous.<\/p>\n<h4>Liens vers d\u2019autres sites<\/h4>\n<p>Lorsque des liens sont propos\u00e9s vers d\u2019autres sites, leur contenu n\u2019engage pas la responsabilit\u00e9 de la r\u00e9daction du site de l\u2019ENS de Lyon.<\/p>\n<p>\u00c0 chaque fois, nous nous effor\u00e7ons de bien pr\u00e9ciser de quel site il s\u2019agit, et de faire r\u00e9guli\u00e8rement les v\u00e9rifications et \u00e9ventuellement les corrections n\u00e9cessaires pour pr\u00e9senter une information exacte et actualis\u00e9e.<\/p>\n<h4>Informations \u00e0 caract\u00e8re nominatif<\/h4>\n<p>Ce site a re\u00e7u l&rsquo;autorisation de la\u00a0Commission nationale de l\u2019informatique et des libert\u00e9s (CNIL ; demande d&rsquo;avis 1486904).<\/p>\n<p>Lorsque des donn\u00e9es pr\u00e9sentes sur ce site ont un caract\u00e8re nominatif, les utilisateurs doivent en faire un usage conforme aux r\u00e9glementations en vigueur et notamment aux recommandations de la CNIL en France. En particulier, ces informations ne doivent \u00eatre utilis\u00e9es qu\u2019\u00e0 des fins personnelles, associatives ou professionnelles, toute diffusion ou utilisation \u00e0 des fins commerciales ou publicitaires \u00e9tant exclues. Conform\u00e9ment \u00e0 la loi fran\u00e7aise (article 27 de la Loi n\u00b0\u00a078.17 du 6 janvier 1978 relative \u00e0 l\u2019informatique, aux fichiers et aux libert\u00e9s), vous disposez d\u2019un droit d\u2019opposition (art. 26) d\u2019acc\u00e8s (art. 34 \u00e0 38), de rectification (art. 36) et de suppression des donn\u00e9es qui vous concernent.<\/p>\n<p>Vous pouvez exercer ce droit par courrier \u00e9lectronique adress\u00e9 au webmestre ou par courrier postal \u00e0 l\u2019adresse<\/p>\n<address>ENS de Lyon<\/address>\n<address>Service Admission et concours<\/address>\n<address>15 parvis Ren\u00e9 Descartes<\/address>\n<address>BP 7000<\/address>\n<address>69 342 Lyon cedex 07<\/address>\n<address>France<\/address>\n<\/div>\n<p><a href=\"http:\/\/creativecommons.org\/licenses\/by-nc-sa\/2.0\/fr\/\" rel=\"license\"><img decoding=\"async\" src=\"http:\/\/i.creativecommons.org\/l\/by-nc-sa\/2.0\/fr\/88x31.png\" alt=\"Creative Commons License\" \/><\/a><br \/>\nCette cr\u00e9ation est mise \u00e0 disposition sous un <a href=\"http:\/\/creativecommons.org\/licenses\/by-nc-sa\/2.0\/fr\/\" rel=\"license\">contrat Creative Commons<\/a>.<\/p>\n<\/div>\n","protected":false},"excerpt":{"rendered":"<p>Objet Ce site est consacr\u00e9 aux concours d&rsquo;admission des \u00c9coles normales sup\u00e9rieures de Cachan, Lyon et Paris. Il est commun \u00e0 ces \u00e9tablissements. Optimisation Ce site est optimis\u00e9 pour les navigateurs : Internet explorer 7 et suivants Firefox 3 et <a href=\"https:\/\/banques-ecoles.fr\/cms\/mentions-legales\/\">[Lire la suite]<\/a><\/p>\n","protected":false},"author":1,"featured_media":0,"parent":0,"menu_order":13,"comment_status":"closed","ping_status":"closed","template":"","meta":{"footnotes":""},"class_list":["post-69","page","type-page","status-publish","hentry"],"_links":{"self":[{"href":"https:\/\/banques-ecoles.fr\/cms\/wp-json\/wp\/v2\/pages\/69","targetHints":{"allow":["GET"]}}],"collection":[{"href":"https:\/\/banques-ecoles.fr\/cms\/wp-json\/wp\/v2\/pages"}],"about":[{"href":"https:\/\/banques-ecoles.fr\/cms\/wp-json\/wp\/v2\/types\/page"}],"author":[{"embeddable":true,"href":"https:\/\/banques-ecoles.fr\/cms\/wp-json\/wp\/v2\/users\/1"}],"replies":[{"embeddable":true,"href":"https:\/\/banques-ecoles.fr\/cms\/wp-json\/wp\/v2\/comments?post=69"}],"version-history":[{"count":9,"href":"https:\/\/banques-ecoles.fr\/cms\/wp-json\/wp\/v2\/pages\/69\/revisions"}],"predecessor-version":[{"id":11177,"href":"https:\/\/banques-ecoles.fr\/cms\/wp-json\/wp\/v2\/pages\/69\/revisions\/11177"}],"wp:attachment":[{"href":"https:\/\/banques-ecoles.fr\/cms\/wp-json\/wp\/v2\/media?parent=69"}],"curies":[{"name":"wp","href":"https:\/\/api.w.org\/{rel}","templated":true}]}}