{"id":692,"date":"2013-02-25T15:47:36","date_gmt":"2013-02-25T14:47:36","guid":{"rendered":"http:\/\/banques-ecoles-dev.fr\/cms\/?page_id=692"},"modified":"2013-04-20T14:35:25","modified_gmt":"2013-04-20T13:35:25","slug":"session-2007","status":"publish","type":"page","link":"https:\/\/banques-ecoles.fr\/cms\/filiere-bcpst\/rapports-des-jurys-de-la-banque-bcpst\/session-2007\/","title":{"rendered":"Session 2007"},"content":{"rendered":"<p>Rapports de jury des \u00e9preuves \u00e9crites, pratiques et orales de la banque BCPST 2007.<\/p>\n<p>&nbsp;<\/p>\n<p><a href=\"\/cms\/wp-content\/data\/filiere-bcpst\/rapports-des-jurys-de-la-banque-bcpst\/session-2007\/rapport-2007-bcpst_ecrit_francais.pdf\">Rapport de l&rsquo;\u00e9crit de fran\u00e7ais<\/a><\/p>\n<p><a href=\"\/cms\/wp-content\/data\/filiere-bcpst\/rapports-des-jurys-de-la-banque-bcpst\/session-2007\/rapport-2007-bcpst_ecrit_langue_vivante_1_allemand.pdf\">Rapport de l&rsquo;\u00e9crit de langue vivante 1 &#8211; allemand<\/a><\/p>\n<p><a href=\"\/cms\/wp-content\/data\/filiere-bcpst\/rapports-des-jurys-de-la-banque-bcpst\/session-2007\/rapport-2007-bcpst_ecrit_langue_etrangere_2_allemand.pdf\">Rapport de l&rsquo;\u00e9crit de langue \u00e9trang\u00e8re 2 &#8211; allemand<\/a><\/p>\n<p><a href=\"\/cms\/wp-content\/data\/filiere-bcpst\/rapports-des-jurys-de-la-banque-bcpst\/session-2007\/rapport-2007-bcpst_oral_langue_vivante_1_allemand.pdf\">Rapport de l&rsquo;oral de langue vivante 1 &#8211; allemand<\/a><\/p>\n<p><a href=\"\/cms\/wp-content\/data\/filiere-bcpst\/rapports-des-jurys-de-la-banque-bcpst\/session-2007\/rapport-2007-bcpst_ecrit_langue_vivante_1_anglais.pdf\">Rapport de l&rsquo;\u00e9crit de langue vivante 1 &#8211; anglais<\/a><\/p>\n<p><a href=\"\/cms\/wp-content\/data\/filiere-bcpst\/rapports-des-jurys-de-la-banque-bcpst\/session-2007\/rapport-2007-bcpst_ecrit_langue_etrangere_2_anglais.pdf\">Rapport de l&rsquo;\u00e9crit de langue \u00e9trang\u00e8re 2 &#8211; anglais<\/a><\/p>\n<p><a href=\"\/cms\/wp-content\/data\/filiere-bcpst\/rapports-des-jurys-de-la-banque-bcpst\/session-2007\/rapport-2007-bcpst_oral_langue_vivante_1_anglais.pdf\">Rapport de l&rsquo;oral de langue vivante 1 &#8211; anglais<\/a><\/p>\n<p><a href=\"\/cms\/wp-content\/data\/filiere-bcpst\/rapports-des-jurys-de-la-banque-bcpst\/session-2007\/rapport-2007-bcpst_ecrit_langue_etrangere_2_grec_ancien.pdf\">Rapport de l&rsquo;\u00e9crit de langue \u00e9trang\u00e8re 2 &#8211; grec ancien<\/a><\/p>\n<p><a href=\"\/cms\/wp-content\/data\/filiere-bcpst\/rapports-des-jurys-de-la-banque-bcpst\/session-2007\/rapport-2007-bcpst_ecrit_langue_etrangere_2_latin.pdf\">Rapport de l&rsquo;\u00e9crit de langue \u00e9trang\u00e8re 2 &#8211; latin<\/a><\/p>\n<p><a href=\"\/cms\/wp-content\/data\/filiere-bcpst\/rapports-des-jurys-de-la-banque-bcpst\/session-2007\/rapport-2007-bcpst_ecrit_biologie.pdf\">Rapport de l&rsquo;\u00e9crit de biologie<\/a><\/p>\n<p><a href=\"\/cms\/wp-content\/data\/filiere-bcpst\/rapports-des-jurys-de-la-banque-bcpst\/session-2007\/rapport-2007-bcpst_oral_biologie_cachan.pdf\">Rapport de l&rsquo;oral de biologie Cachan<\/a><\/p>\n<p><a href=\"\/cms\/wp-content\/data\/filiere-bcpst\/rapports-des-jurys-de-la-banque-bcpst\/session-2007\/rapport-2007-bcpst_oral_biologie_lyon.pdf\">Rapport de l&rsquo;oral de biologie Lyon<\/a><\/p>\n<p><a href=\"\/cms\/wp-content\/data\/filiere-bcpst\/rapports-des-jurys-de-la-banque-bcpst\/session-2007\/rapport-2007-bcpst_oral_biologie_paris.pdf\">Rapport de l&rsquo;oral de biologie Paris<\/a><\/p>\n<p><a href=\"\/cms\/wp-content\/data\/filiere-bcpst\/rapports-des-jurys-de-la-banque-bcpst\/session-2007\/rapport-2007-bcpst_travaux_pratiques_biologie.pdf\">Rapport des travaux pratiques de biologie<\/a><\/p>\n<p><a href=\"\/cms\/wp-content\/data\/filiere-bcpst\/rapports-des-jurys-de-la-banque-bcpst\/session-2007\/rapport-2007-bcpst_ecrit_chimie.pdf\">Rapport de l&rsquo;\u00e9crit de chimie<\/a><\/p>\n<p><a href=\"\/cms\/wp-content\/data\/filiere-bcpst\/rapports-des-jurys-de-la-banque-bcpst\/session-2007\/rapport-2007-bcpst_oral_chimie.pdf\">Rapport de l&rsquo;oral de chimie<\/a><\/p>\n<p><a href=\"\/cms\/wp-content\/data\/filiere-bcpst\/rapports-des-jurys-de-la-banque-bcpst\/session-2007\/rapport-2007-bcpst_travaux_pratiques_chimie.pdf\">Rapport des travaux pratiques de chimie<\/a><\/p>\n<p><a href=\"\/cms\/wp-content\/data\/filiere-bcpst\/rapports-des-jurys-de-la-banque-bcpst\/session-2007\/rapport-2007-bcpst_ecrit_mathematiques.pdf\">Rapport de l&rsquo;\u00e9crit de math\u00e9matiques<\/a><\/p>\n<p><a href=\"\/cms\/wp-content\/data\/filiere-bcpst\/rapports-des-jurys-de-la-banque-bcpst\/session-2007\/rapport-2007-bcpst_ecrit_physique.pdf\">Rapport de l&rsquo;\u00e9crit de physique<\/a><\/p>\n<p><a href=\"\/cms\/wp-content\/data\/filiere-bcpst\/rapports-des-jurys-de-la-banque-bcpst\/session-2007\/rapport-2007-bcpst_ecrit_sciences_terre.pdf\">Rapport de l&rsquo;\u00e9crit de sciences de la Terre<\/a><\/p>\n<p><a href=\"\/cms\/wp-content\/data\/filiere-bcpst\/rapports-des-jurys-de-la-banque-bcpst\/session-2007\/rapport-2007-bcpst_oral_sciences_terre.pdf\">Rapport de l&rsquo;oral de sciences de la Terre<\/a><\/p>\n<p><a href=\"\/cms\/wp-content\/data\/filiere-bcpst\/rapports-des-jurys-de-la-banque-bcpst\/session-2007\/rapport-2007-bcpst_tipe.pdf\">Rapport des travaux d&rsquo;initiative personnelle encadr\u00e9s<\/a><\/p>\n","protected":false},"excerpt":{"rendered":"<p>Rapports de jury des \u00e9preuves \u00e9crites, pratiques et orales de la banque BCPST 2007. &nbsp; Rapport de l&rsquo;\u00e9crit de fran\u00e7ais Rapport de l&rsquo;\u00e9crit de langue vivante 1 &#8211; allemand Rapport de l&rsquo;\u00e9crit de langue \u00e9trang\u00e8re 2 &#8211; allemand Rapport de <a href=\"https:\/\/banques-ecoles.fr\/cms\/filiere-bcpst\/rapports-des-jurys-de-la-banque-bcpst\/session-2007\/\">[Lire la suite]<\/a><\/p>\n","protected":false},"author":1,"featured_media":0,"parent":33,"menu_order":5,"comment_status":"closed","ping_status":"open","template":"","meta":{"footnotes":""},"class_list":["post-692","page","type-page","status-publish","hentry"],"_links":{"self":[{"href":"https:\/\/banques-ecoles.fr\/cms\/wp-json\/wp\/v2\/pages\/692","targetHints":{"allow":["GET"]}}],"collection":[{"href":"https:\/\/banques-ecoles.fr\/cms\/wp-json\/wp\/v2\/pages"}],"about":[{"href":"https:\/\/banques-ecoles.fr\/cms\/wp-json\/wp\/v2\/types\/page"}],"author":[{"embeddable":true,"href":"https:\/\/banques-ecoles.fr\/cms\/wp-json\/wp\/v2\/users\/1"}],"replies":[{"embeddable":true,"href":"https:\/\/banques-ecoles.fr\/cms\/wp-json\/wp\/v2\/comments?post=692"}],"version-history":[{"count":2,"href":"https:\/\/banques-ecoles.fr\/cms\/wp-json\/wp\/v2\/pages\/692\/revisions"}],"predecessor-version":[{"id":1915,"href":"https:\/\/banques-ecoles.fr\/cms\/wp-json\/wp\/v2\/pages\/692\/revisions\/1915"}],"up":[{"embeddable":true,"href":"https:\/\/banques-ecoles.fr\/cms\/wp-json\/wp\/v2\/pages\/33"}],"wp:attachment":[{"href":"https:\/\/banques-ecoles.fr\/cms\/wp-json\/wp\/v2\/media?parent=692"}],"curies":[{"name":"wp","href":"https:\/\/api.w.org\/{rel}","templated":true}]}}