{"id":694,"date":"2013-02-25T15:49:05","date_gmt":"2013-02-25T14:49:05","guid":{"rendered":"http:\/\/banques-ecoles-dev.fr\/cms\/?page_id=694"},"modified":"2013-04-20T14:35:47","modified_gmt":"2013-04-20T13:35:47","slug":"session-2006","status":"publish","type":"page","link":"https:\/\/banques-ecoles.fr\/cms\/filiere-bcpst\/rapports-des-jurys-de-la-banque-bcpst\/session-2006\/","title":{"rendered":"Session 2006"},"content":{"rendered":"<p>Rapports de jury des \u00e9preuves \u00e9crites, pratiques et orales de la banque BCPST 2006.<\/p>\n<p>&nbsp;<\/p>\n<p><a href=\"\/cms\/wp-content\/data\/filiere-bcpst\/rapports-des-jurys-de-la-banque-bcpst\/session-2006\/rapport-2006-bcpst_ecrit_langue_vivante_1_allemand.pdf\">Rapport de l&rsquo;\u00e9crit de langue vivante 1 &#8211; allemand<\/a><\/p>\n<p><a href=\"\/cms\/wp-content\/data\/filiere-bcpst\/rapports-des-jurys-de-la-banque-bcpst\/session-2006\/rapport-2006-bcpst_ecrit_langue_etrangere_2_allemand.pdf\">Rapport de l&rsquo;\u00e9crit de langue \u00e9trang\u00e8re 2 &#8211; allemand<\/a><\/p>\n<p><a href=\"\/cms\/wp-content\/data\/filiere-bcpst\/rapports-des-jurys-de-la-banque-bcpst\/session-2006\/rapport-2006-bcpst_oral_langue_vivante_1_allemand.pdf\">Rapport de l&rsquo;oral de langue vivante 1 &#8211; allemand<\/a><\/p>\n<p><a href=\"\/cms\/wp-content\/data\/filiere-bcpst\/rapports-des-jurys-de-la-banque-bcpst\/session-2006\/rapport-2006-bcpst_ecrit_langue_vivante_1_anglais.pdf\">Rapport de l&rsquo;\u00e9crit de langue vivante 1 &#8211; anglais<\/a><\/p>\n<p><a href=\"\/cms\/wp-content\/data\/filiere-bcpst\/rapports-des-jurys-de-la-banque-bcpst\/session-2006\/rapport-2006-bcpst_ecrit_langue_etrangere_2_anglais.pdf\">Rapport de l&rsquo;\u00e9crit de langue \u00e9trang\u00e8re 2 &#8211; anglais<\/a><\/p>\n<p><a href=\"\/cms\/wp-content\/data\/filiere-bcpst\/rapports-des-jurys-de-la-banque-bcpst\/session-2006\/rapport-2006-bcpst_oral_langue_vivante_1_anglais.pdf\">Rapport de l&rsquo;oral de langue vivante 1 &#8211; anglais<\/a><\/p>\n<p><a href=\"\/cms\/wp-content\/data\/filiere-bcpst\/rapports-des-jurys-de-la-banque-bcpst\/session-2006\/rapport-2006-bcpst_ecrit_langue_etrangere_2_chinois.pdf\">Rapport de l&rsquo;\u00e9crit de langue \u00e9trang\u00e8re 2 &#8211; chinois<\/a><\/p>\n<p><a href=\"\/cms\/wp-content\/data\/filiere-bcpst\/rapports-des-jurys-de-la-banque-bcpst\/session-2006\/rapport-2006-bcpst_ecrit_langue_etrangere_2_grec_ancien.pdf\">Rapport de l&rsquo;\u00e9crit de langue \u00e9trang\u00e8re 2 &#8211; grec ancien<\/a><\/p>\n<p><a href=\"\/cms\/wp-content\/data\/filiere-bcpst\/rapports-des-jurys-de-la-banque-bcpst\/session-2006\/rapport-2006-bcpst_ecrit_langue_etrangere_2_latin.pdf\">Rapport de l&rsquo;\u00e9crit de langue \u00e9trang\u00e8re 2 &#8211; latin<\/a><\/p>\n<p><a href=\"\/cms\/wp-content\/data\/filiere-bcpst\/rapports-des-jurys-de-la-banque-bcpst\/session-2006\/rapport-2006-bcpst_ecrit_biologie.pdf\">Rapport de l&rsquo;\u00e9crit de biologie<\/a><\/p>\n<p><a href=\"\/cms\/wp-content\/data\/filiere-bcpst\/rapports-des-jurys-de-la-banque-bcpst\/session-2006\/rapport-2006-bcpst_oral_biologie_cachan.pdf\">Rapport de l&rsquo;oral de biologie Cachan<\/a><\/p>\n<p><a href=\"\/cms\/wp-content\/data\/filiere-bcpst\/rapports-des-jurys-de-la-banque-bcpst\/session-2006\/rapport-2006-bcpst_oral_biologie_lyon.pdf\">Rapport de l&rsquo;oral de biologie Lyon<\/a><\/p>\n<p><a href=\"\/cms\/wp-content\/data\/filiere-bcpst\/rapports-des-jurys-de-la-banque-bcpst\/session-2006\/rapport-2006-bcpst_oral_biologie_paris.pdf\">Rapport de l&rsquo;oral de biologie Paris<\/a><\/p>\n<p><a href=\"\/cms\/wp-content\/data\/filiere-bcpst\/rapports-des-jurys-de-la-banque-bcpst\/session-2006\/rapport-2006-bcpst_travaux_pratiques_biologie.pdf\">Rapport des travaux pratiques de biologie<\/a><\/p>\n<p><a href=\"\/cms\/wp-content\/data\/filiere-bcpst\/rapports-des-jurys-de-la-banque-bcpst\/session-2006\/rapport-2006-bcpst_ecrit_chimie.pdf\">Rapport de l&rsquo;\u00e9crit de chimie<\/a><\/p>\n<p><a href=\"\/cms\/wp-content\/data\/filiere-bcpst\/rapports-des-jurys-de-la-banque-bcpst\/session-2006\/rapport-2006-bcpst_oral_chimie.pdf\">Rapport de l&rsquo;oral de chimie<\/a><\/p>\n<p><a href=\"\/cms\/wp-content\/data\/filiere-bcpst\/rapports-des-jurys-de-la-banque-bcpst\/session-2006\/rapport-2006-bcpst_travaux_pratiques_chimie.pdf\">Rapport des travaux pratiques de chimie<\/a><\/p>\n<p><a href=\"\/cms\/wp-content\/data\/filiere-bcpst\/rapports-des-jurys-de-la-banque-bcpst\/session-2006\/rapport-2006-bcpst_ecrit_mathematiques.pdf\">Rapport de l&rsquo;\u00e9crit de math\u00e9matiques<\/a><\/p>\n<p><a href=\"\/cms\/wp-content\/data\/filiere-bcpst\/rapports-des-jurys-de-la-banque-bcpst\/session-2006\/rapport-2006-bcpst_ecrit_physique.pdf\">Rapport de l&rsquo;\u00e9crit de physique<\/a><\/p>\n<p><a href=\"\/cms\/wp-content\/data\/filiere-bcpst\/rapports-des-jurys-de-la-banque-bcpst\/session-2006\/rapport-2006-bcpst_oral_physique.pdf\">Rapport de l&rsquo;oral de physique<\/a><\/p>\n<p><a href=\"\/cms\/wp-content\/data\/filiere-bcpst\/rapports-des-jurys-de-la-banque-bcpst\/session-2006\/rapport-2006-bcpst_ecrit_sciences_terre.pdf\">Rapport de l&rsquo;\u00e9crit de sciences de la Terre<\/a><\/p>\n<p><a href=\"\/cms\/wp-content\/data\/filiere-bcpst\/rapports-des-jurys-de-la-banque-bcpst\/session-2006\/rapport-2006-bcpst_oral_sciences_terre.pdf\">Rapport de l&rsquo;oral de sciences de la Terre<\/a><\/p>\n<p><a href=\"\/cms\/wp-content\/data\/filiere-bcpst\/rapports-des-jurys-de-la-banque-bcpst\/session-2006\/rapport-2006-bcpst_tipe.pdf\">Rapport des travaux d&rsquo;initiative personnelle encadr\u00e9s<\/a><\/p>\n","protected":false},"excerpt":{"rendered":"<p>Rapports de jury des \u00e9preuves \u00e9crites, pratiques et orales de la banque BCPST 2006. &nbsp; Rapport de l&rsquo;\u00e9crit de langue vivante 1 &#8211; allemand Rapport de l&rsquo;\u00e9crit de langue \u00e9trang\u00e8re 2 &#8211; allemand Rapport de l&rsquo;oral de langue vivante 1 <a href=\"https:\/\/banques-ecoles.fr\/cms\/filiere-bcpst\/rapports-des-jurys-de-la-banque-bcpst\/session-2006\/\">[Lire la suite]<\/a><\/p>\n","protected":false},"author":1,"featured_media":0,"parent":33,"menu_order":0,"comment_status":"closed","ping_status":"open","template":"","meta":{"footnotes":""},"class_list":["post-694","page","type-page","status-publish","hentry"],"_links":{"self":[{"href":"https:\/\/banques-ecoles.fr\/cms\/wp-json\/wp\/v2\/pages\/694","targetHints":{"allow":["GET"]}}],"collection":[{"href":"https:\/\/banques-ecoles.fr\/cms\/wp-json\/wp\/v2\/pages"}],"about":[{"href":"https:\/\/banques-ecoles.fr\/cms\/wp-json\/wp\/v2\/types\/page"}],"author":[{"embeddable":true,"href":"https:\/\/banques-ecoles.fr\/cms\/wp-json\/wp\/v2\/users\/1"}],"replies":[{"embeddable":true,"href":"https:\/\/banques-ecoles.fr\/cms\/wp-json\/wp\/v2\/comments?post=694"}],"version-history":[{"count":2,"href":"https:\/\/banques-ecoles.fr\/cms\/wp-json\/wp\/v2\/pages\/694\/revisions"}],"predecessor-version":[{"id":1916,"href":"https:\/\/banques-ecoles.fr\/cms\/wp-json\/wp\/v2\/pages\/694\/revisions\/1916"}],"up":[{"embeddable":true,"href":"https:\/\/banques-ecoles.fr\/cms\/wp-json\/wp\/v2\/pages\/33"}],"wp:attachment":[{"href":"https:\/\/banques-ecoles.fr\/cms\/wp-json\/wp\/v2\/media?parent=694"}],"curies":[{"name":"wp","href":"https:\/\/api.w.org\/{rel}","templated":true}]}}