{"id":7266,"date":"2019-04-16T08:54:51","date_gmt":"2019-04-16T06:54:51","guid":{"rendered":"https:\/\/banques-ecoles.fr\/cms\/?page_id=7266"},"modified":"2019-05-20T16:46:04","modified_gmt":"2019-05-20T14:46:04","slug":"session-2019","status":"publish","type":"page","link":"https:\/\/banques-ecoles.fr\/cms\/session-2019\/","title":{"rendered":"Session 2019"},"content":{"rendered":"\n<p><strong>Banque d\u2019\u00c9preuves Litt\u00e9raires \u2013 Session 2019<\/strong><\/p>\n<p><a href=\"https:\/\/banques-ecoles.fr\/cms\/wp-content\/uploads\/2019\/02\/Liste-des-centres-d\u00e9crit-BEL-2019.pdf\">Liste des centres d&rsquo;\u00e9crit BEL 2019<\/a><\/p>\n<p><a href=\"https:\/\/banques-ecoles.fr\/cms\/wp-content\/uploads\/2018\/03\/acces-siec_2018.pdf\">Plan d\u2019acc\u00e8s \u00e0 la maison des examens (SIEC)<\/a><\/p>\n<p><a href=\"https:\/\/banques-ecoles.fr\/cms\/wp-content\/uploads\/2019\/02\/La-liste-des-dictionnaires-autoris\u00e9s-session-2019.pdf\">Liste des dictionnaires autoris\u00e9s session 2019<\/a><\/p>\n<p>\u00a0<\/p>\n<p>Sujets des \u00e9preuves \u00e9crites :<\/p>\n<h4>\u00c9preuves communes<\/h4>\n<ul>\n<li><a href=\"https:\/\/banques-ecoles.fr\/cms\/wp-content\/uploads\/2019\/04\/2019-composition-dhistoire.pdf\">Composition d&rsquo;histoire<\/a><\/li>\n<li><a href=\"https:\/\/banques-ecoles.fr\/cms\/wp-content\/uploads\/2019\/04\/2019-composition-fran\u00e7aise.pdf\">Composition fran\u00e7aise<\/a><\/li>\n<li><a href=\"https:\/\/banques-ecoles.fr\/cms\/wp-content\/uploads\/2019\/04\/2019-composition-de-philosophie.pdf\">Composition de philosophie<\/a><\/li>\n<li><a href=\"https:\/\/banques-ecoles.fr\/cms\/wp-content\/uploads\/2019\/04\/2019-Commentaire-et-traduction-en-LVE.pdf\">Commentaire et traduction en LVE<\/a><\/li>\n<li><a href=\"https:\/\/banques-ecoles.fr\/cms\/wp-content\/uploads\/2019\/04\/2019-\u00e9preuves-darts.pdf\">Epreuves en arts<\/a><\/li>\n<\/ul>\n<h4>\u00c9preuves sp\u00e9cifiques ENS de Lyon<\/h4>\n<ul>\n<li><a href=\"https:\/\/banques-ecoles.fr\/cms\/wp-content\/uploads\/2019\/04\/2019-composition-de-g\u00e9ographie.pdf\">Composition de g\u00e9ographie<\/a><\/li>\n<li><a href=\"https:\/\/banques-ecoles.fr\/cms\/wp-content\/uploads\/2019\/04\/2019-Epreuves-de-sp\u00e9cialit\u00e9.pdf\">Epreuve de sp\u00e9cialit\u00e9<\/a><\/li>\n<li><a href=\"https:\/\/banques-ecoles.fr\/cms\/wp-content\/uploads\/2019\/04\/2019-Version-grecque.pdf\">Epreuve de sp\u00e9cialit\u00e9 version grecque<\/a><\/li>\n<li><a href=\"https:\/\/banques-ecoles.fr\/cms\/wp-content\/uploads\/2019\/04\/2019-Commentaire-de-carte-g\u00e9ographique.pdf\">Commentaire de carte g\u00e9ographique<\/a>\n<ul>\n<li><a href=\"https:\/\/banques-ecoles.fr\/cms\/wp-content\/uploads\/2019\/05\/DocPrincipal.pdf\">Document Principal<\/a><\/li>\n<\/ul>\n<\/li>\n<\/ul>\n<h4>\u00c9preuves sp\u00e9cifiques ENS de Paris<\/h4>\n<ul>\n<li>langue et culture anciennes\n<ul>\n<li>traduction et commentaire d\u2019un texte latin<\/li>\n<li>traduction et commentaire d\u2019un texte grec<\/li>\n<li>version latine<\/li>\n<li>version grecque<\/li>\n<\/ul>\n<\/li>\n<li>\u00e9preuve \u00e0 option\n<ul>\n<li>version latine et court th\u00e8me<\/li>\n<li>commentaire d\u2019un texte philosophique<\/li>\n<li>commentaire d\u2019un texte litt\u00e9raire fran\u00e7ais<\/li>\n<li>composition de g\u00e9ographie<\/li>\n<li>commentaire compos\u00e9 et court th\u00e8me\n<ul>\n<li>allemand<\/li>\n<li>anglais<\/li>\n<li>espagnol<\/li>\n<li>italien<\/li>\n<li>russe<\/li>\n<\/ul>\n<\/li>\n<li>version et th\u00e8me\n<ul>\n<li>allemand<\/li>\n<li>anglais<\/li>\n<li>chinois<\/li>\n<li>espagnol<\/li>\n<li>h\u00e9breu<\/li>\n<li>italien<\/li>\n<li>russe<\/li>\n<\/ul>\n<\/li>\n<\/ul>\n<\/li>\n<\/ul>\n","protected":false},"excerpt":{"rendered":"<p>Banque d\u2019\u00c9preuves Litt\u00e9raires \u2013 Session 2019 Liste des centres d&rsquo;\u00e9crit BEL 2019 Plan d\u2019acc\u00e8s \u00e0 la maison des examens (SIEC) Liste des dictionnaires autoris\u00e9s session 2019 \u00a0 Sujets des \u00e9preuves \u00e9crites : \u00c9preuves communes Composition d&rsquo;histoire Composition fran\u00e7aise Composition de <a href=\"https:\/\/banques-ecoles.fr\/cms\/session-2019\/\">[Lire la suite]<\/a><\/p>\n","protected":false},"author":1,"featured_media":0,"parent":0,"menu_order":0,"comment_status":"closed","ping_status":"closed","template":"","meta":{"footnotes":""},"class_list":["post-7266","page","type-page","status-publish","hentry"],"_links":{"self":[{"href":"https:\/\/banques-ecoles.fr\/cms\/wp-json\/wp\/v2\/pages\/7266","targetHints":{"allow":["GET"]}}],"collection":[{"href":"https:\/\/banques-ecoles.fr\/cms\/wp-json\/wp\/v2\/pages"}],"about":[{"href":"https:\/\/banques-ecoles.fr\/cms\/wp-json\/wp\/v2\/types\/page"}],"author":[{"embeddable":true,"href":"https:\/\/banques-ecoles.fr\/cms\/wp-json\/wp\/v2\/users\/1"}],"replies":[{"embeddable":true,"href":"https:\/\/banques-ecoles.fr\/cms\/wp-json\/wp\/v2\/comments?post=7266"}],"version-history":[{"count":16,"href":"https:\/\/banques-ecoles.fr\/cms\/wp-json\/wp\/v2\/pages\/7266\/revisions"}],"predecessor-version":[{"id":8492,"href":"https:\/\/banques-ecoles.fr\/cms\/wp-json\/wp\/v2\/pages\/7266\/revisions\/8492"}],"wp:attachment":[{"href":"https:\/\/banques-ecoles.fr\/cms\/wp-json\/wp\/v2\/media?parent=7266"}],"curies":[{"name":"wp","href":"https:\/\/api.w.org\/{rel}","templated":true}]}}