{"id":727,"date":"2013-02-26T08:46:38","date_gmt":"2013-02-26T07:46:38","guid":{"rendered":"http:\/\/banques-ecoles-dev.fr\/cms\/?page_id=727"},"modified":"2023-08-28T18:37:05","modified_gmt":"2023-08-28T16:37:05","slug":"annales-de-la-banque-i","status":"publish","type":"page","link":"https:\/\/banques-ecoles.fr\/cms\/filiere-mp\/annales-de-la-banque-i\/","title":{"rendered":"Annales de la banque I class\u00e9es par ann\u00e9e"},"content":{"rendered":"<p>Sujets des \u00e9preuves \u00e9crites des concours Info de la fili\u00e8re MP.<\/p>\n<p><span style=\"color: #ffffff;\">x<\/span><\/p>\n<p><a href=\"https:\/\/banques-ecoles.fr\/cms\/session-2022-2\/\" target=\"_blank\" rel=\"noopener\">Session 2022<\/a><\/p>\n<p><a href=\"https:\/\/banques-ecoles.fr\/cms\/session-2021-8\/\">Session 2021<\/a><\/p>\n<p><a href=\"https:\/\/banques-ecoles.fr\/cms\/filiere-mp\/annales-de-la-banque-i\/session-2020\/\" target=\"_blank\" rel=\"noopener noreferrer\">Session 2020<\/a><\/p>\n<p><a href=\"https:\/\/banques-ecoles.fr\/cms\/?page_id=7799\" target=\"_blank\" rel=\"noopener noreferrer\">Session 2019<\/a><\/p>\n<p><a href=\"https:\/\/banques-ecoles.fr\/cms\/session-2019-9\/\">Session 2019<\/a><\/p>\n<p><a href=\"https:\/\/banques-ecoles.fr\/cms\/?page_id=6674&amp;preview=true\" target=\"_blank\" rel=\"noopener noreferrer\">Session 2018<\/a><\/p>\n<p><a href=\"https:\/\/banques-ecoles.fr\/cms\/filiere-mp\/annales-de-la-banque-i\/session-2017\/\">Session 2017<\/a><\/p>\n<p><a href=\"https:\/\/banques-ecoles.fr\/cms\/filiere-mp\/annales-de-la-banque-i\/session-2016-3\/\">Session 2016<\/a><\/p>\n<p><a href=\"https:\/\/banques-ecoles.fr\/cms\/filiere-mp\/annales-de-la-banque-i\/session-2015\/\">Session 2015<\/a><\/p>\n<p><a href=\"https:\/\/banques-ecoles.fr\/cms\/filiere-mp\/annales-de-la-banque-i\/session-2014\/ \">Session 2014<\/a><\/p>\n<p><a href=\"https:\/\/banques-ecoles.fr\/cms\/filiere-mp\/annales-de-la-banque-i\/session-2013\/\">Session 2013<\/a><\/p>\n<p><a href=\"http:\/\/banques-ecoles.fr\/cms\/filiere-mp\/annales-de-la-banque-i\/session-2012\/\">Session 2012<\/a><\/p>\n<p><a href=\"http:\/\/banques-ecoles.fr\/cms\/filiere-mp\/annales-de-la-banque-i\/session-2011\/\">Session 2011<\/a><\/p>\n<p><a href=\"http:\/\/banques-ecoles.fr\/cms\/filiere-mp\/annales-de-la-banque-i\/session-2010\/\">Session 2010<\/a><\/p>\n<p><a href=\"http:\/\/banques-ecoles.fr\/cms\/filiere-mp\/annales-de-la-banque-i\/session-2009\/\">Session 2009<\/a><\/p>\n<p><a href=\"http:\/\/banques-ecoles.fr\/cms\/filiere-mp\/annales-de-la-banque-i\/session-2008\/\">Session 2008<\/a><\/p>\n<p><a href=\"http:\/\/banques-ecoles.fr\/cms\/filiere-mp\/annales-de-la-banque-i\/session-2007\/\">Session 2007<\/a><\/p>\n<p><a href=\"http:\/\/banques-ecoles.fr\/cms\/filiere-mp\/annales-de-la-banque-i\/session-2006\/\">Session 2006<\/a><\/p>\n<p><a href=\"http:\/\/banques-ecoles.fr\/cms\/filiere-mp\/annales-de-la-banque-i\/session-2005\/\">Session 2005<\/a><\/p>\n<p><a href=\"http:\/\/banques-ecoles.fr\/cms\/filiere-mp\/annales-de-la-banque-i\/session-2004\/\">Session 2004<\/a><\/p>\n<p><a href=\"http:\/\/banques-ecoles.fr\/cms\/filiere-mp\/annales-de-la-banque-i\/session-2003\/\">Session 2003<\/a><\/p>\n","protected":false},"excerpt":{"rendered":"<p>Sujets des \u00e9preuves \u00e9crites des concours Info de la fili\u00e8re MP. x Session 2022 Session 2021 Session 2020 Session 2019 Session 2019 Session 2018 Session 2017 Session 2016 Session 2015 Session 2014 Session 2013 Session 2012 Session 2011 Session 2010 <a href=\"https:\/\/banques-ecoles.fr\/cms\/filiere-mp\/annales-de-la-banque-i\/\">[Lire la suite]<\/a><\/p>\n","protected":false},"author":1,"featured_media":0,"parent":40,"menu_order":0,"comment_status":"closed","ping_status":"open","template":"","meta":{"footnotes":""},"class_list":["post-727","page","type-page","status-publish","hentry"],"_links":{"self":[{"href":"https:\/\/banques-ecoles.fr\/cms\/wp-json\/wp\/v2\/pages\/727","targetHints":{"allow":["GET"]}}],"collection":[{"href":"https:\/\/banques-ecoles.fr\/cms\/wp-json\/wp\/v2\/pages"}],"about":[{"href":"https:\/\/banques-ecoles.fr\/cms\/wp-json\/wp\/v2\/types\/page"}],"author":[{"embeddable":true,"href":"https:\/\/banques-ecoles.fr\/cms\/wp-json\/wp\/v2\/users\/1"}],"replies":[{"embeddable":true,"href":"https:\/\/banques-ecoles.fr\/cms\/wp-json\/wp\/v2\/comments?post=727"}],"version-history":[{"count":45,"href":"https:\/\/banques-ecoles.fr\/cms\/wp-json\/wp\/v2\/pages\/727\/revisions"}],"predecessor-version":[{"id":10149,"href":"https:\/\/banques-ecoles.fr\/cms\/wp-json\/wp\/v2\/pages\/727\/revisions\/10149"}],"up":[{"embeddable":true,"href":"https:\/\/banques-ecoles.fr\/cms\/wp-json\/wp\/v2\/pages\/40"}],"wp:attachment":[{"href":"https:\/\/banques-ecoles.fr\/cms\/wp-json\/wp\/v2\/media?parent=727"}],"curies":[{"name":"wp","href":"https:\/\/api.w.org\/{rel}","templated":true}]}}