{"id":729,"date":"2013-02-26T08:46:44","date_gmt":"2013-02-26T07:46:44","guid":{"rendered":"http:\/\/banques-ecoles-dev.fr\/cms\/?page_id=729"},"modified":"2023-08-31T11:34:55","modified_gmt":"2023-08-31T09:34:55","slug":"rapports-des-jurys-de-la-banque-i","status":"publish","type":"page","link":"https:\/\/banques-ecoles.fr\/cms\/filiere-mp\/rapports-des-jurys-de-la-banque-i\/","title":{"rendered":"Rapports des jurys de la banque I class\u00e9s par ann\u00e9e"},"content":{"rendered":"<p>Rapports des jurys des concours Info de la fili\u00e8re MP.<\/p>\n<p><span style=\"color: #ffffff;\">x<\/span><\/p>\n<p><a href=\"https:\/\/banques-ecoles.fr\/cms\/session-2022-9\/\" target=\"_blank\" rel=\"noopener\">Session 2022<\/a><\/p>\n<p><a href=\"https:\/\/banques-ecoles.fr\/cms\/session-2021-10\/\">Session 2021<\/a><\/p>\n<p><a href=\"https:\/\/banques-ecoles.fr\/cms\/session-2020\/\">Session 2020<\/a><\/p>\n<p><a href=\"https:\/\/banques-ecoles.fr\/cms\/session-2019-7\/\" target=\"_blank\" rel=\"noopener noreferrer\">Session 2019<\/a><\/p>\n<p><a href=\"https:\/\/banques-ecoles.fr\/cms\/session-2018-5\/\">Session 2018<\/a><\/p>\n<p><a href=\"https:\/\/banques-ecoles.fr\/cms\/session-2017-3\/\">Session 2017<\/a><\/p>\n<p><a href=\"https:\/\/banques-ecoles.fr\/cms\/filiere-mp\/rapports-des-jurys-de-la-banque-i\/session-2016\/\">Session 2016<\/a><\/p>\n<p><a href=\"https:\/\/banques-ecoles.fr\/cms\/filiere-mp\/rapports-des-jurys-de-la-banque-i\/session-2015\/\">Session 2015<\/a><\/p>\n<p><a href=\"https:\/\/banques-ecoles.fr\/cms\/filiere-mp\/rapports-des-jurys-de-la-banque-i\/session-2014\/\">Session 2014<\/a><br \/>\n<a href=\"https:\/\/banques-ecoles.fr\/cms\/filiere-mp\/rapports-des-jurys-de-la-banque-i\/session-2013\/\">Session 2013<\/a><br \/>\n<a href=\"\/cms\/filiere-mp\/rapports-des-jurys-de-la-banque-i\/session-2012\">Session 2012<\/a><\/p>\n<p><a href=\"\/cms\/filiere-mp\/rapports-des-jurys-de-la-banque-i\/session-2011\">Session 2011<\/a><\/p>\n<p><a href=\"\/cms\/filiere-mp\/rapports-des-jurys-de-la-banque-i\/session-2010\">Session 2010<\/a><\/p>\n<p><a href=\"\/cms\/filiere-mp\/rapports-des-jurys-de-la-banque-i\/session-2009\">Session 2009<\/a><\/p>\n<p><a href=\"\/cms\/filiere-mp\/rapports-des-jurys-de-la-banque-i\/session-2008\">Session 2008<\/a><\/p>\n<p><a href=\"\/cms\/filiere-mp\/rapports-des-jurys-de-la-banque-i\/session-2007\">Session 2007<\/a><\/p>\n<p><a href=\"\/cms\/filiere-mp\/rapports-des-jurys-de-la-banque-i\/session-2006\">Session 2006<\/a><\/p>\n<p><a href=\"\/cms\/filiere-mp\/rapports-des-jurys-de-la-banque-i\/session-2005\">Session 2005<\/a><\/p>\n<p><a href=\"\/cms\/filiere-mp\/rapports-des-jurys-de-la-banque-i\/session-2004\">Session 2004<\/a><\/p>\n<p><a href=\"\/cms\/filiere-mp\/rapports-des-jurys-de-la-banque-i\/session-2003\">Session 2003<\/a><\/p>\n","protected":false},"excerpt":{"rendered":"<p>Rapports des jurys des concours Info de la fili\u00e8re MP. x Session 2022 Session 2021 Session 2020 Session 2019 Session 2018 Session 2017 Session 2016 Session 2015 Session 2014 Session 2013 Session 2012 Session 2011 Session 2010 Session 2009 Session <a href=\"https:\/\/banques-ecoles.fr\/cms\/filiere-mp\/rapports-des-jurys-de-la-banque-i\/\">[Lire la suite]<\/a><\/p>\n","protected":false},"author":1,"featured_media":0,"parent":40,"menu_order":2,"comment_status":"closed","ping_status":"open","template":"","meta":{"footnotes":""},"class_list":["post-729","page","type-page","status-publish","hentry"],"_links":{"self":[{"href":"https:\/\/banques-ecoles.fr\/cms\/wp-json\/wp\/v2\/pages\/729","targetHints":{"allow":["GET"]}}],"collection":[{"href":"https:\/\/banques-ecoles.fr\/cms\/wp-json\/wp\/v2\/pages"}],"about":[{"href":"https:\/\/banques-ecoles.fr\/cms\/wp-json\/wp\/v2\/types\/page"}],"author":[{"embeddable":true,"href":"https:\/\/banques-ecoles.fr\/cms\/wp-json\/wp\/v2\/users\/1"}],"replies":[{"embeddable":true,"href":"https:\/\/banques-ecoles.fr\/cms\/wp-json\/wp\/v2\/comments?post=729"}],"version-history":[{"count":23,"href":"https:\/\/banques-ecoles.fr\/cms\/wp-json\/wp\/v2\/pages\/729\/revisions"}],"predecessor-version":[{"id":11352,"href":"https:\/\/banques-ecoles.fr\/cms\/wp-json\/wp\/v2\/pages\/729\/revisions\/11352"}],"up":[{"embeddable":true,"href":"https:\/\/banques-ecoles.fr\/cms\/wp-json\/wp\/v2\/pages\/40"}],"wp:attachment":[{"href":"https:\/\/banques-ecoles.fr\/cms\/wp-json\/wp\/v2\/media?parent=729"}],"curies":[{"name":"wp","href":"https:\/\/api.w.org\/{rel}","templated":true}]}}