{"id":731,"date":"2013-02-26T08:46:50","date_gmt":"2013-02-26T07:46:50","guid":{"rendered":"http:\/\/banques-ecoles-dev.fr\/cms\/?page_id=731"},"modified":"2013-04-20T15:50:38","modified_gmt":"2013-04-20T14:50:38","slug":"rapports-des-presidents-et-vice-presidents","status":"publish","type":"page","link":"https:\/\/banques-ecoles.fr\/cms\/filiere-mp\/rapports-des-presidents-et-vice-presidents\/","title":{"rendered":"Rapports des pr\u00e9sidents et vice-pr\u00e9sidents"},"content":{"rendered":"<p>Rapports des pr\u00e9sidents et vice-pr\u00e9sidents des jurys pour la fili\u00e8re MP.<\/p>\n<p>&nbsp;<\/p>\n<p><a href=\"\/cms\/wp-content\/data\/filiere-mp\/rapports-des-presidents-et-vice-presidents\/rapport_president_i_paris_2008.pdf\">Rapport du pr\u00e9sident ENS (Paris) &#8211; I &#8211; 2008<\/a><\/p>\n<p><a href=\"\/cms\/wp-content\/data\/filiere-mp\/rapports-des-presidents-et-vice-presidents\/rapport_president_i_paris_2007.pdf\">Rapport du pr\u00e9sident ENS (Paris) &#8211; I &#8211; 2007<\/a><\/p>\n<p><a href=\"\/cms\/wp-content\/data\/filiere-mp\/rapports-des-presidents-et-vice-presidents\/rapport_president_mp_paris_2007.pdf\">Rapport du pr\u00e9sident ENS (Paris) &#8211; MP &#8211; 2007<\/a><\/p>\n<p><a href=\"\/cms\/wp-content\/data\/filiere-mp\/rapports-des-presidents-et-vice-presidents\/rapport_president_i_paris_2006.pdf\">Rapport du pr\u00e9sident ENS (Paris) &#8211; I &#8211; 2006<\/a><\/p>\n<p><a href=\"\/cms\/wp-content\/data\/filiere-mp\/rapports-des-presidents-et-vice-presidents\/rapport_president_mp_paris_2006.pdf\">Rapport du pr\u00e9sident ENS (Paris) &#8211; MP &#8211; 2006<\/a><\/p>\n<p><a href=\"\/cms\/wp-content\/data\/filiere-mp\/rapports-des-presidents-et-vice-presidents\/rapport_president_mp_cachan_2006.pdf\">Rapport du pr\u00e9sident ENS Cachan &#8211; MP &#8211; 2006<\/a><\/p>\n<p><a href=\"\/cms\/wp-content\/data\/filiere-mp\/rapports-des-presidents-et-vice-presidents\/mot_directeurs_2004.pdf\">Mot des directeurs &#8211; 2004<\/a><\/p>\n<p><a href=\"\/cms\/wp-content\/data\/filiere-mp\/rapports-des-presidents-et-vice-presidents\/cursus_debouches_i_paris_2004.pdf\">Cursus et d\u00e9bouch\u00e9s ENS (Paris) &#8211; I &#8211; 2004<\/a><\/p>\n<p><a href=\"\/cms\/wp-content\/data\/filiere-mp\/rapports-des-presidents-et-vice-presidents\/cursus_debouches_mp_paris_2004.pdf\">Cursus et d\u00e9bouch\u00e9s ENS (Paris) &#8211; MP &#8211; 2004<\/a><\/p>\n<p><a href=\"\/cms\/wp-content\/data\/filiere-mp\/rapports-des-presidents-et-vice-presidents\/rapport_president_i_paris_2004.pdf\">Rapport du pr\u00e9sident ENS (Paris) &#8211; I &#8211; 2004<\/a><\/p>\n","protected":false},"excerpt":{"rendered":"<p>Rapports des pr\u00e9sidents et vice-pr\u00e9sidents des jurys pour la fili\u00e8re MP. &nbsp; Rapport du pr\u00e9sident ENS (Paris) &#8211; I &#8211; 2008 Rapport du pr\u00e9sident ENS (Paris) &#8211; I &#8211; 2007 Rapport du pr\u00e9sident ENS (Paris) &#8211; MP &#8211; 2007 Rapport <a href=\"https:\/\/banques-ecoles.fr\/cms\/filiere-mp\/rapports-des-presidents-et-vice-presidents\/\">[Lire la suite]<\/a><\/p>\n","protected":false},"author":1,"featured_media":0,"parent":40,"menu_order":4,"comment_status":"closed","ping_status":"open","template":"","meta":{"footnotes":""},"class_list":["post-731","page","type-page","status-publish","hentry"],"_links":{"self":[{"href":"https:\/\/banques-ecoles.fr\/cms\/wp-json\/wp\/v2\/pages\/731","targetHints":{"allow":["GET"]}}],"collection":[{"href":"https:\/\/banques-ecoles.fr\/cms\/wp-json\/wp\/v2\/pages"}],"about":[{"href":"https:\/\/banques-ecoles.fr\/cms\/wp-json\/wp\/v2\/types\/page"}],"author":[{"embeddable":true,"href":"https:\/\/banques-ecoles.fr\/cms\/wp-json\/wp\/v2\/users\/1"}],"replies":[{"embeddable":true,"href":"https:\/\/banques-ecoles.fr\/cms\/wp-json\/wp\/v2\/comments?post=731"}],"version-history":[{"count":3,"href":"https:\/\/banques-ecoles.fr\/cms\/wp-json\/wp\/v2\/pages\/731\/revisions"}],"predecessor-version":[{"id":1951,"href":"https:\/\/banques-ecoles.fr\/cms\/wp-json\/wp\/v2\/pages\/731\/revisions\/1951"}],"up":[{"embeddable":true,"href":"https:\/\/banques-ecoles.fr\/cms\/wp-json\/wp\/v2\/pages\/40"}],"wp:attachment":[{"href":"https:\/\/banques-ecoles.fr\/cms\/wp-json\/wp\/v2\/media?parent=731"}],"curies":[{"name":"wp","href":"https:\/\/api.w.org\/{rel}","templated":true}]}}