{"id":7329,"date":"2019-05-01T22:29:10","date_gmt":"2019-05-01T20:29:10","guid":{"rendered":"https:\/\/banques-ecoles.fr\/cms\/?page_id=7329"},"modified":"2023-08-31T11:36:16","modified_gmt":"2023-08-31T09:36:16","slug":"session-2019-pc","status":"publish","type":"page","link":"https:\/\/banques-ecoles.fr\/cms\/filiere-pc\/annales-de-la-banque-pc\/session-2019-pc\/","title":{"rendered":"Session 2019"},"content":{"rendered":"\n<p><strong>Sujets des \u00e9preuves \u00e9crites de la banque PC, session 2019 :<\/strong><\/p>\n<p><a href=\"https:\/\/banques-ecoles.fr\/cms\/wp-content\/uploads\/2019\/10\/2019_PC_sujet_Maths.pdf\" target=\"_blank\" rel=\"noopener\">\u00c9crit Math &#8211; 4h &#8211; PC XEULC<\/a><\/p>\n<p><a href=\"https:\/\/banques-ecoles.fr\/cms\/wp-content\/uploads\/2019\/10\/2019_PC_sujet_ChiA.pdf\" target=\"_blank\" rel=\"noopener\">\u00c9crit Chi A &#8211; 4h &#8211; PC XEULC<\/a><\/p>\n<p><a href=\"https:\/\/banques-ecoles.fr\/cms\/wp-content\/uploads\/2019\/05\/19_pc_chiB_sujet.pdf\" target=\"_blank\" rel=\"noopener\">\u00c9crit Chi B &#8211; 6h &#8211; PC U<\/a><\/p>\n<p><a href=\"https:\/\/banques-ecoles.fr\/cms\/wp-content\/uploads\/2019\/10\/2019_PC_sujet_PhyA.pdf\" target=\"_blank\" rel=\"noopener\">\u00c9crit Phy A &#8211; 4h &#8211; PC XE<\/a><\/p>\n<p><a href=\"https:\/\/banques-ecoles.fr\/cms\/wp-content\/uploads\/2019\/10\/2019_PC_sujet_PhyB.pdf\" target=\"_blank\" rel=\"noopener\">\u00c9crit Phy B &#8211; 4h &#8211; PC XEULC<\/a><\/p>\n<p><a href=\"https:\/\/banques-ecoles.fr\/cms\/wp-content\/uploads\/2019\/11\/2019_PC_sujet_PhyC.pdf\" target=\"_blank\" rel=\"noopener\">\u00c9crit Phy C &#8211; 6h &#8211; PC U<\/a><\/p>\n<p><a href=\"https:\/\/banques-ecoles.fr\/cms\/wp-content\/uploads\/2019\/05\/19_pc_phychi_lyon_sujet.pdf\" target=\"_blank\" rel=\"noopener\">\u00c9crit PhyChi &#8211; 5h &#8211; PC L<\/a><\/p>\n<p><a href=\"https:\/\/banques-ecoles.fr\/cms\/wp-content\/uploads\/2019\/10\/2019_MPPC_sujet_InfoB.pdf\" target=\"_blank\" rel=\"noopener\">\u00c9crit Info B &#8211; 2h &#8211; MP-PC XELCR<\/a><\/p>\n<p><a href=\"https:\/\/banques-ecoles.fr\/cms\/wp-content\/uploads\/2019\/10\/2019_MPPC_sujet_Fr.pdf\" target=\"_blank\" rel=\"noopener\">\u00c9crit de fran\u00e7ais &#8211; 4h &#8211; MP-PC XEULCR<\/a><\/p>\n<p>\u00a0<\/p>\n<p><em>\u00c9crit de langue vivante &#8211; 4h &#8211; MP-PC XEULCR :<\/em><\/p>\n<ul>\n<li><a href=\"https:\/\/banques-ecoles.fr\/cms\/wp-content\/uploads\/2019\/10\/2019_MPPC_sujet_All.pdf\" target=\"_blank\" rel=\"noopener\">allemand<\/a><\/li>\n<li><a href=\"https:\/\/banques-ecoles.fr\/cms\/wp-content\/uploads\/2019\/10\/2019_MPPC_sujet_Angl.pdf\" target=\"_blank\" rel=\"noopener\">anglais<\/a><\/li>\n<li><a href=\"https:\/\/banques-ecoles.fr\/cms\/wp-content\/uploads\/2019\/10\/2019_MPPC_sujet_Arabe.pdf\" target=\"_blank\" rel=\"noopener\">arabe<\/a><\/li>\n<li><a href=\"https:\/\/banques-ecoles.fr\/cms\/wp-content\/uploads\/2019\/10\/2019_MPPC_sujet_Chinois.pdf\" target=\"_blank\" rel=\"noopener\">chinois<\/a><\/li>\n<li><a href=\"https:\/\/banques-ecoles.fr\/cms\/wp-content\/uploads\/2019\/10\/2019_MPPC_sujet_Esp.pdf\" target=\"_blank\" rel=\"noopener\">espagnol<\/a><\/li>\n<\/ul>\n","protected":false},"excerpt":{"rendered":"<p>Sujets des \u00e9preuves \u00e9crites de la banque PC, session 2019 : \u00c9crit Math &#8211; 4h &#8211; PC XEULC \u00c9crit Chi A &#8211; 4h &#8211; PC XEULC \u00c9crit Chi B &#8211; 6h &#8211; PC U \u00c9crit Phy A &#8211; 4h &#8211; <a href=\"https:\/\/banques-ecoles.fr\/cms\/filiere-pc\/annales-de-la-banque-pc\/session-2019-pc\/\">[Lire la suite]<\/a><\/p>\n","protected":false},"author":5,"featured_media":0,"parent":968,"menu_order":0,"comment_status":"closed","ping_status":"closed","template":"","meta":{"footnotes":""},"class_list":["post-7329","page","type-page","status-publish","hentry"],"_links":{"self":[{"href":"https:\/\/banques-ecoles.fr\/cms\/wp-json\/wp\/v2\/pages\/7329","targetHints":{"allow":["GET"]}}],"collection":[{"href":"https:\/\/banques-ecoles.fr\/cms\/wp-json\/wp\/v2\/pages"}],"about":[{"href":"https:\/\/banques-ecoles.fr\/cms\/wp-json\/wp\/v2\/types\/page"}],"author":[{"embeddable":true,"href":"https:\/\/banques-ecoles.fr\/cms\/wp-json\/wp\/v2\/users\/5"}],"replies":[{"embeddable":true,"href":"https:\/\/banques-ecoles.fr\/cms\/wp-json\/wp\/v2\/comments?post=7329"}],"version-history":[{"count":15,"href":"https:\/\/banques-ecoles.fr\/cms\/wp-json\/wp\/v2\/pages\/7329\/revisions"}],"predecessor-version":[{"id":8094,"href":"https:\/\/banques-ecoles.fr\/cms\/wp-json\/wp\/v2\/pages\/7329\/revisions\/8094"}],"up":[{"embeddable":true,"href":"https:\/\/banques-ecoles.fr\/cms\/wp-json\/wp\/v2\/pages\/968"}],"wp:attachment":[{"href":"https:\/\/banques-ecoles.fr\/cms\/wp-json\/wp\/v2\/media?parent=7329"}],"curies":[{"name":"wp","href":"https:\/\/api.w.org\/{rel}","templated":true}]}}