{"id":738,"date":"2013-02-26T08:49:35","date_gmt":"2013-02-26T07:49:35","guid":{"rendered":"http:\/\/banques-ecoles-dev.fr\/cms\/?page_id=738"},"modified":"2013-02-26T09:03:31","modified_gmt":"2013-02-26T08:03:31","slug":"les-rapports-des-presidents-et-vice-presidents","status":"publish","type":"page","link":"https:\/\/banques-ecoles.fr\/cms\/filiere-mp\/les-rapports-des-presidents-et-vice-presidents\/","title":{"rendered":"Les rapports des pr\u00e9sidents et vice-pr\u00e9sidents"},"content":{"rendered":"<p><span id=\"parent-fieldname-description\"><br \/>\nDocument donnant acc\u00e8s aux rapports des pr\u00e9sidents et vice-pr\u00e9sidents des concours d&rsquo;admission des ENS pour la fili\u00e8re MP<br \/>\n<\/span><\/p>\n<div id=\"parent-fieldname-text\">\n<p>&nbsp;<\/p>\n<table style=\"width: 500px;\" border=\"1\" cellspacing=\"0\" cellpadding=\"1\">\n<tbody>\n<tr>\n<td>Ann\u00e9e<\/td>\n<td>Mot du directeur<\/td>\n<td>Rapport des vice-pr\u00e9sidents<\/td>\n<td>\u00c9l\u00e9ments statistiques<\/td>\n<\/tr>\n<tr>\n<td>2010<\/td>\n<td>\n<div>ENS (Paris) I &#8211; MPI<\/div>\n<div>ENS Cachan I &#8211; MP<\/div>\n<div>ENS Lyon I &#8211; M<\/div>\n<\/td>\n<td>\n<div>ENS (Paris) I &#8211; MPI<\/div>\n<div>ENS Cachan I &#8211; MP<\/div>\n<div>ENS Lyon I &#8211; M<\/div>\n<\/td>\n<td>\n<div>ENS (Paris) I &#8211; MPI<\/div>\n<div>ENS Cachan I &#8211; MP<\/div>\n<div>ENS Lyon I &#8211; M<\/div>\n<\/td>\n<\/tr>\n<tr>\n<td>2009<\/td>\n<td>\n<div>ENS (Paris) I &#8211; MPI<\/div>\n<div>ENS Cachan I &#8211; MP<\/div>\n<div>ENS Lyon I &#8211; M<\/div>\n<\/td>\n<td>\n<div>ENS (Paris) I &#8211; MPI<\/div>\n<div>ENS Cachan I &#8211; MP<\/div>\n<div>ENS Lyon I &#8211; M<\/div>\n<\/td>\n<td>\n<div>ENS (Paris) I &#8211; MPI<\/div>\n<div>ENS Cachan I &#8211; MP<\/div>\n<div>ENS Lyon I &#8211; M<\/div>\n<\/td>\n<\/tr>\n<tr>\n<td>2008<\/td>\n<td>\n<div>ENS (Paris) I &#8211; MPI<\/div>\n<div>ENS Cachan I &#8211; MP<\/div>\n<div>ENS Lyon I &#8211; M<\/div>\n<\/td>\n<td>\n<div>ENS (Paris) <a href=\"\/cms\/wp-content\/data\/filiere-mp\/rapports-des-presidents-et-vice-presidents\/rapport_president_i_paris_2008.pdf\">I<\/a> &#8211; MPI<\/div>\n<div>ENS Cachan I &#8211; MP<\/div>\n<div>ENS Lyon I &#8211; M<\/div>\n<\/td>\n<td>\n<div>ENS (Paris) I &#8211; MPI<\/div>\n<div>ENS Cachan I &#8211; MP<\/div>\n<div>ENS Lyon I &#8211; M<\/div>\n<\/td>\n<\/tr>\n<tr>\n<td>2007<\/td>\n<td>\n<div>ENS (Paris) I &#8211; MPI<\/div>\n<div>ENS Cachan I &#8211; MP<\/div>\n<div>ENS Lyon I &#8211; M<\/div>\n<\/td>\n<td>\n<div>ENS (Paris) <a href=\"\/cms\/wp-content\/data\/filiere-mp\/rapports-des-presidents-et-vice-presidents\/rapport_president_i_paris_2007.pdf\">I<\/a> &#8211; <a href=\"\/cms\/wp-content\/data\/filiere-mp\/rapports-des-presidents-et-vice-presidents\/rapport_president_mp_paris_2007.pdf\">MPI<\/a><\/div>\n<div>ENS Cachan I &#8211; M<\/div>\n<div>ENS Lyon I &#8211; M<\/div>\n<\/td>\n<td>\n<div>ENS (Paris) I &#8211; MPI<\/div>\n<div>ENS Cachan I &#8211; MP<\/div>\n<div>ENS Lyon I &#8211; M<\/div>\n<\/td>\n<\/tr>\n<tr>\n<td>2006<\/td>\n<td>\n<div>ENS (Paris) I &#8211; MPI<\/div>\n<div>ENS Cachan I &#8211; MP<\/div>\n<div>ENS Lyon I &#8211; M<\/div>\n<\/td>\n<td>\n<div>ENS (Paris) <a href=\"\/cms\/wp-content\/data\/filiere-mp\/rapports-des-presidents-et-vice-presidents\/rapport_president_i_paris_2006.pdf\">I<\/a> &#8211; <a href=\"\/cms\/wp-content\/data\/filiere-mp\/rapports-des-presidents-et-vice-presidents\/rapport_president_mp_paris_2006.pdf\">MPI<\/a><\/div>\n<div>ENS Cachan I &#8211; <a href=\"\/cms\/wp-content\/data\/filiere-mp\/rapports-des-presidents-et-vice-presidents\/rapport_president_mp_cachan_2006.pdf\">MP<\/a><\/div>\n<div>ENS Lyon I &#8211; M<\/div>\n<\/td>\n<td>\n<div>ENS (Paris) I &#8211; MPI<\/div>\n<div>ENS Cachan I &#8211; MP<\/div>\n<div>ENS Lyon I &#8211; M<\/div>\n<\/td>\n<\/tr>\n<tr>\n<td>2005<\/td>\n<td>\n<div>ENS (Paris) I &#8211; MPI<\/div>\n<div>ENS Cachan I &#8211; MP<\/div>\n<div>ENS Lyon I &#8211; M<\/div>\n<\/td>\n<td>\n<div>ENS (Paris) I &#8211; MPI<\/div>\n<div>ENS Cachan I &#8211; MP<\/div>\n<div>ENS Lyon I &#8211; M<\/div>\n<\/td>\n<td>\n<div>ENS (Paris) I &#8211; MPI<\/div>\n<div>ENS Cachan I &#8211; MP<\/div>\n<div>ENS Lyon I &#8211; M<\/div>\n<\/td>\n<\/tr>\n<tr>\n<td>2004<\/td>\n<td>\n<div><a href=\"\/cms\/wp-content\/data\/filiere-mp\/rapports-des-presidents-et-vice-presidents\/mot_directeurs_2004.pdf\">ENS (Paris) I &#8211; MPI<\/a><\/div>\n<div><a href=\"\/cms\/wp-content\/data\/filiere-mp\/rapports-des-presidents-et-vice-presidents\/mot_directeurs_2004.pdf\">ENS Cachan I &#8211; MP<\/a><\/div>\n<div><a href=\"\/cms\/wp-content\/data\/filiere-mp\/rapports-des-presidents-et-vice-presidents\/mot_directeurs_2004.pdf\">ENS Lyon I &#8211; M<\/a><\/div>\n<\/td>\n<td>\n<div>ENS (Paris) <a href=\"\/cms\/wp-content\/data\/filiere-mp\/rapports-des-presidents-et-vice-presidents\/cursus_debouches_i_paris_2004.pdf\">I<\/a> &#8211; <a href=\"\/cms\/wp-content\/data\/filiere-mp\/rapports-des-presidents-et-vice-presidents\/cursus_debouches_mp_paris_2004.pdf\">MPI<\/a><\/div>\n<div>ENS Cachan I &#8211; MP<\/div>\n<div>ENS Lyon I &#8211; M<\/div>\n<\/td>\n<td>\n<div>ENS (Paris) <a href=\"\/cms\/wp-content\/data\/filiere-mp\/rapports-des-presidents-et-vice-presidents\/rapport_president_i_paris_2004.pdf\">I<\/a> &#8211; MPI<\/div>\n<div>ENS Cachan I &#8211; MP<\/div>\n<div>ENS Lyon I &#8211; M<\/div>\n<\/td>\n<\/tr>\n<tr>\n<td>2003<\/td>\n<td>\n<div>ENS (Paris) I &#8211; MPI<\/div>\n<div>ENS Cachan I &#8211; MP<\/div>\n<div>ENS Lyon I &#8211; M<\/div>\n<\/td>\n<td>\n<div>ENS (Paris) I &#8211; MPI<\/div>\n<div>ENS Cachan I &#8211; MP<\/div>\n<div>ENS Lyon I &#8211; M<\/div>\n<\/td>\n<td>\n<div>ENS (Paris) I &#8211; MPI<\/div>\n<div>ENS Cachan I &#8211; MP<\/div>\n<div>ENS Lyon I &#8211; M<\/div>\n<\/td>\n<\/tr>\n<\/tbody>\n<\/table>\n<p>&nbsp;<\/p>\n<\/div>\n","protected":false},"excerpt":{"rendered":"<p>Document donnant acc\u00e8s aux rapports des pr\u00e9sidents et vice-pr\u00e9sidents des concours d&rsquo;admission des ENS pour la fili\u00e8re MP &nbsp; Ann\u00e9e Mot du directeur Rapport des vice-pr\u00e9sidents \u00c9l\u00e9ments statistiques 2010 ENS (Paris) I &#8211; MPI ENS Cachan I &#8211; MP ENS <a href=\"https:\/\/banques-ecoles.fr\/cms\/filiere-mp\/les-rapports-des-presidents-et-vice-presidents\/\">[Lire la suite]<\/a><\/p>\n","protected":false},"author":1,"featured_media":0,"parent":40,"menu_order":6,"comment_status":"closed","ping_status":"open","template":"","meta":{"footnotes":""},"class_list":["post-738","page","type-page","status-publish","hentry"],"_links":{"self":[{"href":"https:\/\/banques-ecoles.fr\/cms\/wp-json\/wp\/v2\/pages\/738","targetHints":{"allow":["GET"]}}],"collection":[{"href":"https:\/\/banques-ecoles.fr\/cms\/wp-json\/wp\/v2\/pages"}],"about":[{"href":"https:\/\/banques-ecoles.fr\/cms\/wp-json\/wp\/v2\/types\/page"}],"author":[{"embeddable":true,"href":"https:\/\/banques-ecoles.fr\/cms\/wp-json\/wp\/v2\/users\/1"}],"replies":[{"embeddable":true,"href":"https:\/\/banques-ecoles.fr\/cms\/wp-json\/wp\/v2\/comments?post=738"}],"version-history":[{"count":3,"href":"https:\/\/banques-ecoles.fr\/cms\/wp-json\/wp\/v2\/pages\/738\/revisions"}],"predecessor-version":[{"id":754,"href":"https:\/\/banques-ecoles.fr\/cms\/wp-json\/wp\/v2\/pages\/738\/revisions\/754"}],"up":[{"embeddable":true,"href":"https:\/\/banques-ecoles.fr\/cms\/wp-json\/wp\/v2\/pages\/40"}],"wp:attachment":[{"href":"https:\/\/banques-ecoles.fr\/cms\/wp-json\/wp\/v2\/media?parent=738"}],"curies":[{"name":"wp","href":"https:\/\/api.w.org\/{rel}","templated":true}]}}