{"id":7587,"date":"2019-06-13T14:07:13","date_gmt":"2019-06-13T12:07:13","guid":{"rendered":"https:\/\/banques-ecoles.fr\/cms\/?page_id=7587"},"modified":"2023-10-30T19:13:48","modified_gmt":"2023-10-30T17:13:48","slug":"session-2019-3","status":"publish","type":"page","link":"https:\/\/banques-ecoles.fr\/cms\/filieres-universitaires-second-concours-scientifique\/annales-du-second-concours-de-lens-de-lyon\/session-2019-3\/","title":{"rendered":"Session 2019"},"content":{"rendered":"\n<p>Sujets des \u00e9preuves \u00e9crites du concours des fili\u00e8res universitaires de l\u2019ENS de Lyon, session 2019.<\/p>\n<p>\u00a0<\/p>\n<p><a href=\"https:\/\/banques-ecoles.fr\/cms\/wp-content\/uploads\/2019\/10\/2c2019_bio.pdf\" target=\"_blank\" rel=\"noopener\">Sujet de l\u2019\u00e9crit de Biologie-Biochimie<\/a><\/p>\n<p><a href=\"https:\/\/banques-ecoles.fr\/cms\/wp-content\/uploads\/2019\/06\/19_2c_sujet_chi.pdf\" target=\"_blank\" rel=\"noopener\">Sujet de l\u2019\u00e9crit de Chimie<\/a><\/p>\n<p><a href=\"https:\/\/banques-ecoles.fr\/cms\/wp-content\/uploads\/2019\/06\/19_2c_sujet_st.pdf\" target=\"_blank\" rel=\"noopener\">Sujet de l\u2019\u00e9crit de G\u00e9osciences<\/a><\/p>\n<p><a href=\"https:\/\/banques-ecoles.fr\/cms\/wp-content\/uploads\/2019\/06\/19_2c_sujet_phy.pdf\" target=\"_blank\" rel=\"noopener\">Sujet de l\u2019\u00e9crit de Physique<\/a><\/p>\n<p><a href=\"https:\/\/banques-ecoles.fr\/cms\/wp-content\/uploads\/2019\/06\/19_2c_sujet_math.pdf\" target=\"_blank\" rel=\"noopener\">Sujet de l\u2019\u00e9crit de Math\u00e9matiques<\/a><\/p>\n<p><a href=\"https:\/\/banques-ecoles.fr\/cms\/wp-content\/uploads\/2019\/06\/19_2c_sujet_info.pdf\" target=\"_blank\" rel=\"noopener\">Sujet de l\u2019\u00e9crit d\u2019Informatique<\/a><\/p>\n","protected":false},"excerpt":{"rendered":"<p>Sujets des \u00e9preuves \u00e9crites du concours des fili\u00e8res universitaires de l\u2019ENS de Lyon, session 2019. \u00a0 Sujet de l\u2019\u00e9crit de Biologie-Biochimie Sujet de l\u2019\u00e9crit de Chimie Sujet de l\u2019\u00e9crit de G\u00e9osciences Sujet de l\u2019\u00e9crit de Physique Sujet de l\u2019\u00e9crit de <a href=\"https:\/\/banques-ecoles.fr\/cms\/filieres-universitaires-second-concours-scientifique\/annales-du-second-concours-de-lens-de-lyon\/session-2019-3\/\">[Lire la suite]<\/a><\/p>\n","protected":false},"author":5,"featured_media":0,"parent":1184,"menu_order":0,"comment_status":"closed","ping_status":"closed","template":"","meta":{"footnotes":""},"class_list":["post-7587","page","type-page","status-publish","hentry"],"_links":{"self":[{"href":"https:\/\/banques-ecoles.fr\/cms\/wp-json\/wp\/v2\/pages\/7587","targetHints":{"allow":["GET"]}}],"collection":[{"href":"https:\/\/banques-ecoles.fr\/cms\/wp-json\/wp\/v2\/pages"}],"about":[{"href":"https:\/\/banques-ecoles.fr\/cms\/wp-json\/wp\/v2\/types\/page"}],"author":[{"embeddable":true,"href":"https:\/\/banques-ecoles.fr\/cms\/wp-json\/wp\/v2\/users\/5"}],"replies":[{"embeddable":true,"href":"https:\/\/banques-ecoles.fr\/cms\/wp-json\/wp\/v2\/comments?post=7587"}],"version-history":[{"count":9,"href":"https:\/\/banques-ecoles.fr\/cms\/wp-json\/wp\/v2\/pages\/7587\/revisions"}],"predecessor-version":[{"id":7911,"href":"https:\/\/banques-ecoles.fr\/cms\/wp-json\/wp\/v2\/pages\/7587\/revisions\/7911"}],"up":[{"embeddable":true,"href":"https:\/\/banques-ecoles.fr\/cms\/wp-json\/wp\/v2\/pages\/1184"}],"wp:attachment":[{"href":"https:\/\/banques-ecoles.fr\/cms\/wp-json\/wp\/v2\/media?parent=7587"}],"curies":[{"name":"wp","href":"https:\/\/api.w.org\/{rel}","templated":true}]}}