{"id":76,"date":"2012-11-29T14:08:12","date_gmt":"2012-11-29T13:08:12","guid":{"rendered":"http:\/\/127.0.0.1\/wordpress342\/?page_id=76"},"modified":"2025-10-07T13:26:04","modified_gmt":"2025-10-07T11:26:04","slug":"filiere-psi","status":"publish","type":"page","link":"https:\/\/banques-ecoles.fr\/cms\/filiere-psi\/","title":{"rendered":"Fili\u00e8re PSI"},"content":{"rendered":"<p>Informations relatives au concours d&rsquo;admission pour la fili\u00e8re PSI.<\/p>\n<ul>\n<li><span class=\"internal-link\">S<\/span><a href=\"https:\/\/banques-ecoles.fr\/cms\/wp-content\/uploads\/2023\/12\/24_psi_structure_bq.pdf\" target=\"_blank\" rel=\"noopener\"><span class=\"internal-link\">tructure et calendrier de la banque PSI X-ENS \u00a0<strong>\u2013 <\/strong>session\u00a02024<\/span><\/a><\/li>\n<\/ul>\n<p>Pour acc\u00e9der \u00e0 votre convocation pour les \u00e9preuves \u00e9crites de la banque PSI Ecole Polytechnique \u2013 interENS, <a href=\"https:\/\/mondossier.scei-concours.fr\/GenerationConvocations\/loginXENS\" target=\"_blank\" rel=\"noopener\">cliquer ici<\/a>.<\/p>\n<p>Munissez-vous de votre n\u00b0 d\u2019inscription SCEI et de votre code confidentiel pour r\u00e9cup\u00e9rer votre document.<\/p>\n\n\n<p>Inscription en ligne :<\/p>\n<p><a href=\"https:\/\/www.billetweb.fr\/psi-physique-ulm\" target=\"_blank\" rel=\"noopener\">Physique U<\/a><\/p>\n<p>\u00a0<\/p>\n<ul>\n<li>Annales et rapports de jurys<\/li>\n<\/ul>\n<p><a href=\"https:\/\/ens-paris-saclay.fr\/admission\/concours\/concours-pre-master\/annales-concours-pre-master?field_orientation_1c_target_id%5B%5D=285\">Annales et rapports de jurys class\u00e9s par ann\u00e9e<\/a><\/p>\n<p>\u00a0<\/p>\n","protected":false},"excerpt":{"rendered":"<p>Informations relatives au concours d&rsquo;admission pour la fili\u00e8re PSI. Structure et calendrier de la banque PSI X-ENS \u00a0\u2013 session\u00a02024 Pour acc\u00e9der \u00e0 votre convocation pour les \u00e9preuves \u00e9crites de la banque PSI Ecole Polytechnique \u2013 interENS, cliquer ici. Munissez-vous de <a href=\"https:\/\/banques-ecoles.fr\/cms\/filiere-psi\/\">[Lire la suite]<\/a><\/p>\n","protected":false},"author":1,"featured_media":0,"parent":0,"menu_order":5,"comment_status":"closed","ping_status":"closed","template":"","meta":{"footnotes":""},"class_list":["post-76","page","type-page","status-publish","hentry"],"_links":{"self":[{"href":"https:\/\/banques-ecoles.fr\/cms\/wp-json\/wp\/v2\/pages\/76","targetHints":{"allow":["GET"]}}],"collection":[{"href":"https:\/\/banques-ecoles.fr\/cms\/wp-json\/wp\/v2\/pages"}],"about":[{"href":"https:\/\/banques-ecoles.fr\/cms\/wp-json\/wp\/v2\/types\/page"}],"author":[{"embeddable":true,"href":"https:\/\/banques-ecoles.fr\/cms\/wp-json\/wp\/v2\/users\/1"}],"replies":[{"embeddable":true,"href":"https:\/\/banques-ecoles.fr\/cms\/wp-json\/wp\/v2\/comments?post=76"}],"version-history":[{"count":30,"href":"https:\/\/banques-ecoles.fr\/cms\/wp-json\/wp\/v2\/pages\/76\/revisions"}],"predecessor-version":[{"id":13032,"href":"https:\/\/banques-ecoles.fr\/cms\/wp-json\/wp\/v2\/pages\/76\/revisions\/13032"}],"wp:attachment":[{"href":"https:\/\/banques-ecoles.fr\/cms\/wp-json\/wp\/v2\/media?parent=76"}],"curies":[{"name":"wp","href":"https:\/\/api.w.org\/{rel}","templated":true}]}}