{"id":777,"date":"2013-02-26T09:14:56","date_gmt":"2013-02-26T08:14:56","guid":{"rendered":"http:\/\/banques-ecoles-dev.fr\/cms\/?page_id=777"},"modified":"2013-04-21T14:36:13","modified_gmt":"2013-04-21T13:36:13","slug":"session-2004","status":"publish","type":"page","link":"https:\/\/banques-ecoles.fr\/cms\/filiere-mp\/annales-de-la-banque-i\/session-2004\/","title":{"rendered":"Session 2004"},"content":{"rendered":"<p>Sujets des \u00e9preuves \u00e9crites de la banque I, pour la session 2004.<\/p>\n<p>&nbsp;<\/p>\n<p><a href=\"\/cms\/wp-content\/data\/filiere-mp\/annales-de-la-banque-i\/session-2004\/sujet-ecrit-2004-mp-pc_francais.pdf\">Sujet de fran\u00e7ais<\/a><\/p>\n<p><a href=\"\/cms\/wp-content\/data\/filiere-mp\/annales-de-la-banque-i\/session-2004\/sujet-ecrit-2004-mp-pc_langue_vivante_1.pdf\">Sujet de langue vivante 1<\/a><\/p>\n<p><a href=\"\/cms\/wp-content\/data\/filiere-mp\/annales-de-la-banque-i\/session-2004\/sujet-ecrit-2004-mp-pc_langue_etrangere_2.pdf\">Sujet de langue \u00e9trang\u00e8re 2<\/a><\/p>\n<p><a href=\"\/cms\/wp-content\/data\/filiere-mp\/annales-de-la-banque-i\/session-2004\/sujet-ecrit-2004-informatique.pdf\">Sujet d&rsquo;informatique<\/a><\/p>\n<p><a href=\"\/cms\/wp-content\/data\/filiere-mp\/annales-de-la-banque-i\/session-2004\/sujet-ecrit-2004-mathematiques_informatique.pdf\">Sujet de math\u00e9matiques-informatique<\/a><\/p>\n<p><a href=\"\/cms\/wp-content\/data\/filiere-mp\/annales-de-la-banque-i\/session-2004\/sujet-ecrit-2004-pc_chimie_2.pdf\">Sujet de chimie<\/a><\/p>\n<p><a href=\"\/cms\/wp-content\/data\/filiere-mp\/annales-de-la-banque-i\/session-2004\/sujet-ecrit-2004-mp_mathematiques_2.pdf\">Sujet de math\u00e9matiques<\/a><\/p>\n<p><a href=\"\/cms\/wp-content\/data\/filiere-mp\/annales-de-la-banque-i\/session-2004\/sujet-ecrit-2004-pc_physique_2.pdf\">Sujet de physique<\/a><\/p>\n<p><a href=\"\/cms\/wp-content\/data\/filiere-mp\/annales-de-la-banque-i\/session-2004\/sujet-tp-2004-i-halma.pdf\">Sujet d&rsquo;algorithmique et programmation 1<\/a><\/p>\n<p><a href=\"\/cms\/wp-content\/data\/filiere-mp\/annales-de-la-banque-i\/session-2004\/sujet-tp-2004-i-halma-notes_de_correction.pdf\">\u00c9l\u00e9ments de correction sujet d&rsquo;algorithmique et programmation 1<\/a><\/p>\n<p><a href=\"\/cms\/wp-content\/data\/filiere-mp\/annales-de-la-banque-i\/session-2004\/sujet-tp-2004-i-ascenseurs.pdf\">Sujet d&rsquo;algorithmique et programmation 2<\/a><\/p>\n<p><a href=\"\/cms\/wp-content\/data\/filiere-mp\/annales-de-la-banque-i\/session-2004\/sujet-tp-2004-i-automate.pdf\">Sujet d&rsquo;algorithmique et programmation 3<\/a><\/p>\n<p><a href=\"\/cms\/wp-content\/data\/filiere-mp\/annales-de-la-banque-i\/session-2004\/sujet-tp-2004-i-frogger.pdf\">Sujet d&rsquo;algorithmique et programmation 4<\/a><\/p>\n<p><a href=\"\/cms\/wp-content\/data\/filiere-mp\/annales-de-la-banque-i\/session-2004\/sujet-tp-2004-i-graphe.pdf\">Sujet d&rsquo;algorithmique et programmation 5<\/a><\/p>\n","protected":false},"excerpt":{"rendered":"<p>Sujets des \u00e9preuves \u00e9crites de la banque I, pour la session 2004. &nbsp; Sujet de fran\u00e7ais Sujet de langue vivante 1 Sujet de langue \u00e9trang\u00e8re 2 Sujet d&rsquo;informatique Sujet de math\u00e9matiques-informatique Sujet de chimie Sujet de math\u00e9matiques Sujet de physique <a href=\"https:\/\/banques-ecoles.fr\/cms\/filiere-mp\/annales-de-la-banque-i\/session-2004\/\">[Lire la suite]<\/a><\/p>\n","protected":false},"author":1,"featured_media":0,"parent":727,"menu_order":1,"comment_status":"closed","ping_status":"open","template":"","meta":{"footnotes":""},"class_list":["post-777","page","type-page","status-publish","hentry"],"_links":{"self":[{"href":"https:\/\/banques-ecoles.fr\/cms\/wp-json\/wp\/v2\/pages\/777","targetHints":{"allow":["GET"]}}],"collection":[{"href":"https:\/\/banques-ecoles.fr\/cms\/wp-json\/wp\/v2\/pages"}],"about":[{"href":"https:\/\/banques-ecoles.fr\/cms\/wp-json\/wp\/v2\/types\/page"}],"author":[{"embeddable":true,"href":"https:\/\/banques-ecoles.fr\/cms\/wp-json\/wp\/v2\/users\/1"}],"replies":[{"embeddable":true,"href":"https:\/\/banques-ecoles.fr\/cms\/wp-json\/wp\/v2\/comments?post=777"}],"version-history":[{"count":3,"href":"https:\/\/banques-ecoles.fr\/cms\/wp-json\/wp\/v2\/pages\/777\/revisions"}],"predecessor-version":[{"id":2122,"href":"https:\/\/banques-ecoles.fr\/cms\/wp-json\/wp\/v2\/pages\/777\/revisions\/2122"}],"up":[{"embeddable":true,"href":"https:\/\/banques-ecoles.fr\/cms\/wp-json\/wp\/v2\/pages\/727"}],"wp:attachment":[{"href":"https:\/\/banques-ecoles.fr\/cms\/wp-json\/wp\/v2\/media?parent=777"}],"curies":[{"name":"wp","href":"https:\/\/api.w.org\/{rel}","templated":true}]}}