{"id":779,"date":"2013-02-26T09:15:04","date_gmt":"2013-02-26T08:15:04","guid":{"rendered":"http:\/\/banques-ecoles-dev.fr\/cms\/?page_id=779"},"modified":"2013-04-21T14:35:36","modified_gmt":"2013-04-21T13:35:36","slug":"session-2006","status":"publish","type":"page","link":"https:\/\/banques-ecoles.fr\/cms\/filiere-mp\/annales-de-la-banque-i\/session-2006\/","title":{"rendered":"Session 2006"},"content":{"rendered":"<p>Sujets des \u00e9preuves \u00e9crites de la banque I, pour la session 2006.<\/p>\n<p>&nbsp;<\/p>\n<p><a href=\"\/cms\/wp-content\/data\/filiere-mp\/annales-de-la-banque-i\/session-2006\/sujet-ecrit-2006-mp-pc_francais.pdf\">Sujet de fran\u00e7ais<\/a><\/p>\n<p><a href=\"\/cms\/wp-content\/data\/filiere-mp\/annales-de-la-banque-i\/session-2006\/sujet-ecrit-2006-mp-pc_langue_vivante_1.pdf\">Sujet de langue vivante<\/a><\/p>\n<p><a href=\"\/cms\/wp-content\/data\/filiere-mp\/annales-de-la-banque-i\/session-2006\/sujet-ecrit-2006-mp-i_informatique.pdf\">Sujet d&rsquo;informatique<\/a><\/p>\n<p><a href=\"\/cms\/wp-content\/data\/filiere-mp\/annales-de-la-banque-i\/session-2006\/sujet-ecrit-2006-i_mathematiques_informatique.pdf\">Sujet de math\u00e9matiques-informatique<\/a><\/p>\n<p><a href=\"\/cms\/wp-content\/data\/filiere-mp\/annales-de-la-banque-i\/session-2006\/sujet-ecrit-2006-mp_mathematiques_2.pdf\">Sujet de math\u00e9matiques<\/a><\/p>\n<p><a href=\"\/cms\/wp-content\/data\/filiere-mp\/annales-de-la-banque-i\/session-2006\/sujet-ecrit-2006-pc_chimie_2.pdf\">Sujet de chimie<\/a><\/p>\n<p><a href=\"\/cms\/wp-content\/data\/filiere-mp\/annales-de-la-banque-i\/session-2006\/sujet-ecrit-2006-pc_physique_2.pdf\">Sujet de physique<\/a><\/p>\n<p><a href=\"\/cms\/wp-content\/data\/filiere-mp\/annales-de-la-banque-i\/session-2006\/sujet-tp-2006-i-etoiles.pdf\">Sujet d&rsquo;algorithmique et programmation 1<\/a><\/p>\n<p><a href=\"\/cms\/wp-content\/data\/filiere-mp\/annales-de-la-banque-i\/session-2006\/sujet-tp-2006-i-geometrie.pdf\">Sujet d&rsquo;algorithmique et programmation 2<\/a><\/p>\n<p><a href=\"\/cms\/wp-content\/data\/filiere-mp\/annales-de-la-banque-i\/session-2006\/sujet-tp-2006-i-apprentissage.pdf\">Sujet d&rsquo;algorithmique et programmation 3<\/a><\/p>\n<p><a href=\"\/cms\/wp-content\/data\/filiere-mp\/annales-de-la-banque-i\/session-2006\/sujet-tp-2006-i-arbres.pdf\">Sujet d&rsquo;algorithmique et programmation 4<\/a><\/p>\n<p><a href=\"\/cms\/wp-content\/data\/filiere-mp\/annales-de-la-banque-i\/session-2006\/sujet-tp-2006-i-classifier.pdf\">Sujet d&rsquo;algorithmique et programmation 5<\/a><\/p>\n","protected":false},"excerpt":{"rendered":"<p>Sujets des \u00e9preuves \u00e9crites de la banque I, pour la session 2006. &nbsp; Sujet de fran\u00e7ais Sujet de langue vivante Sujet d&rsquo;informatique Sujet de math\u00e9matiques-informatique Sujet de math\u00e9matiques Sujet de chimie Sujet de physique Sujet d&rsquo;algorithmique et programmation 1 Sujet <a href=\"https:\/\/banques-ecoles.fr\/cms\/filiere-mp\/annales-de-la-banque-i\/session-2006\/\">[Lire la suite]<\/a><\/p>\n","protected":false},"author":1,"featured_media":0,"parent":727,"menu_order":3,"comment_status":"closed","ping_status":"open","template":"","meta":{"footnotes":""},"class_list":["post-779","page","type-page","status-publish","hentry"],"_links":{"self":[{"href":"https:\/\/banques-ecoles.fr\/cms\/wp-json\/wp\/v2\/pages\/779","targetHints":{"allow":["GET"]}}],"collection":[{"href":"https:\/\/banques-ecoles.fr\/cms\/wp-json\/wp\/v2\/pages"}],"about":[{"href":"https:\/\/banques-ecoles.fr\/cms\/wp-json\/wp\/v2\/types\/page"}],"author":[{"embeddable":true,"href":"https:\/\/banques-ecoles.fr\/cms\/wp-json\/wp\/v2\/users\/1"}],"replies":[{"embeddable":true,"href":"https:\/\/banques-ecoles.fr\/cms\/wp-json\/wp\/v2\/comments?post=779"}],"version-history":[{"count":3,"href":"https:\/\/banques-ecoles.fr\/cms\/wp-json\/wp\/v2\/pages\/779\/revisions"}],"predecessor-version":[{"id":2120,"href":"https:\/\/banques-ecoles.fr\/cms\/wp-json\/wp\/v2\/pages\/779\/revisions\/2120"}],"up":[{"embeddable":true,"href":"https:\/\/banques-ecoles.fr\/cms\/wp-json\/wp\/v2\/pages\/727"}],"wp:attachment":[{"href":"https:\/\/banques-ecoles.fr\/cms\/wp-json\/wp\/v2\/media?parent=779"}],"curies":[{"name":"wp","href":"https:\/\/api.w.org\/{rel}","templated":true}]}}