{"id":78,"date":"2012-11-29T14:08:20","date_gmt":"2012-11-29T13:08:20","guid":{"rendered":"http:\/\/127.0.0.1\/wordpress342\/?page_id=78"},"modified":"2021-12-09T12:30:10","modified_gmt":"2021-12-09T10:30:10","slug":"filiere-lettres-bel","status":"publish","type":"page","link":"https:\/\/banques-ecoles.fr\/cms\/filiere-lettres-bel\/","title":{"rendered":"Fili\u00e8re Lettres &#8211; BEL"},"content":{"rendered":"<p>Dans cette rubrique, vous trouverez :<\/p>\n<ul>\n<li><a title=\"Concours des fili\u00e8res lettres des diff\u00e9rentes ENS\" href=\"http:\/\/banques-ecoles.fr\/cms\/filiere-lettres-bel\/concours-des-filieres-lettres-des-differentes-ens\/\">la description des concours des fili\u00e8res lettres des diff\u00e9rentes ENS<\/a><\/li>\n<li><a title=\"Dispositions communes aux concours d\u2019admission en premi\u00e8re ann\u00e9e dans les \u00c9coles normales sup\u00e9rieures\" href=\"http:\/\/banques-ecoles.fr\/cms\/informations-generales\/dispositions-communes-aux-concours-dadmission-en-premiere-annee-dans-les-ecoles-normales-superieures\/\">les dispositions communes aux concours d&rsquo;admissions en premi\u00e8re ann\u00e9e dans les ENS<\/a><\/li>\n<li><a title=\"Inscriptions filli\u00e8res litt\u00e9raires\" href=\"http:\/\/banques-ecoles.fr\/cms\/filiere-lettres-bel\/inscriptions-fillieres-litteraires\/\">les modalit\u00e9s d&rsquo;inscription<\/a><\/li>\n<li><a href=\"https:\/\/banques-ecoles.fr\/cms\/filiere-lettres-bel\/session-2015-2\/\">l<\/a><a href=\"https:\/\/banques-ecoles.fr\/cms\/session-2021\/\">es sujets des \u00e9preuves \u00e9crites<\/a><\/li>\n<\/ul>\n","protected":false},"excerpt":{"rendered":"<p>Dans cette rubrique, vous trouverez : la description des concours des fili\u00e8res lettres des diff\u00e9rentes ENS les dispositions communes aux concours d&rsquo;admissions en premi\u00e8re ann\u00e9e dans les ENS les modalit\u00e9s d&rsquo;inscription les sujets des \u00e9preuves \u00e9crites<\/p>\n","protected":false},"author":1,"featured_media":0,"parent":0,"menu_order":6,"comment_status":"closed","ping_status":"closed","template":"","meta":{"footnotes":""},"class_list":["post-78","page","type-page","status-publish","hentry"],"_links":{"self":[{"href":"https:\/\/banques-ecoles.fr\/cms\/wp-json\/wp\/v2\/pages\/78","targetHints":{"allow":["GET"]}}],"collection":[{"href":"https:\/\/banques-ecoles.fr\/cms\/wp-json\/wp\/v2\/pages"}],"about":[{"href":"https:\/\/banques-ecoles.fr\/cms\/wp-json\/wp\/v2\/types\/page"}],"author":[{"embeddable":true,"href":"https:\/\/banques-ecoles.fr\/cms\/wp-json\/wp\/v2\/users\/1"}],"replies":[{"embeddable":true,"href":"https:\/\/banques-ecoles.fr\/cms\/wp-json\/wp\/v2\/comments?post=78"}],"version-history":[{"count":16,"href":"https:\/\/banques-ecoles.fr\/cms\/wp-json\/wp\/v2\/pages\/78\/revisions"}],"predecessor-version":[{"id":9857,"href":"https:\/\/banques-ecoles.fr\/cms\/wp-json\/wp\/v2\/pages\/78\/revisions\/9857"}],"wp:attachment":[{"href":"https:\/\/banques-ecoles.fr\/cms\/wp-json\/wp\/v2\/media?parent=78"}],"curies":[{"name":"wp","href":"https:\/\/api.w.org\/{rel}","templated":true}]}}