{"id":780,"date":"2013-02-26T09:15:08","date_gmt":"2013-02-26T08:15:08","guid":{"rendered":"http:\/\/banques-ecoles-dev.fr\/cms\/?page_id=780"},"modified":"2013-04-21T14:35:19","modified_gmt":"2013-04-21T13:35:19","slug":"session-2007","status":"publish","type":"page","link":"https:\/\/banques-ecoles.fr\/cms\/filiere-mp\/annales-de-la-banque-i\/session-2007\/","title":{"rendered":"Session 2007"},"content":{"rendered":"<p>Sujets des \u00e9preuves \u00e9crites de la banque I, pour la session 2007.<\/p>\n<p>&nbsp;<\/p>\n<p><a href=\"\/cms\/wp-content\/data\/filiere-mp\/annales-de-la-banque-i\/session-2007\/sujet-ecrit-2007-mp-pc_francais.pdf\">Sujet de fran\u00e7ais<\/a><\/p>\n<p><a href=\"\/cms\/wp-content\/data\/filiere-mp\/annales-de-la-banque-i\/session-2007\/sujet-ecrit-2007-mp-pc_langue_vivante_1.pdf\">Sujet de langue vivante<\/a><\/p>\n<p><a href=\"\/cms\/wp-content\/data\/filiere-mp\/annales-de-la-banque-i\/session-2007\/sujet-ecrit-2007-mp-i_informatique.pdf\">Sujet d&rsquo;informatique<\/a><\/p>\n<p><a href=\"\/cms\/wp-content\/data\/filiere-mp\/annales-de-la-banque-i\/session-2007\/sujet-ecrit-2007-i-mathematiques_informatique.pdf\">Sujet de math\u00e9matiques-informatique<\/a><\/p>\n<p><a href=\"\/cms\/wp-content\/data\/filiere-mp\/annales-de-la-banque-i\/session-2007\/sujet-ecrit-2007-pc_chimie.pdf\">Sujet de chimie<\/a><\/p>\n<p><a href=\"\/cms\/wp-content\/data\/filiere-mp\/annales-de-la-banque-i\/session-2007\/sujet-ecrit-2007-mp_mathematiques_2.pdf\">Sujet de math\u00e9matiques<\/a><\/p>\n<p><a href=\"\/cms\/wp-content\/data\/filiere-mp\/annales-de-la-banque-i\/session-2007\/sujet-ecrit-2007-pc_physique_2.pdf\">Sujet de physique<\/a><\/p>\n<p><a href=\"\/cms\/wp-content\/data\/filiere-mp\/annales-de-la-banque-i\/session-2007\/sujet-tp-2007-i-surfa_alea.pdf\">Sujet d&rsquo;algorithmique et programmation 1<\/a><\/p>\n<p><a href=\"\/cms\/wp-content\/data\/filiere-mp\/annales-de-la-banque-i\/session-2007\/sujet-tp-2007-i-automates.pdf\">Sujet d&rsquo;algorithmique et programmation 2<\/a><\/p>\n<p><a href=\"\/cms\/wp-content\/data\/filiere-mp\/annales-de-la-banque-i\/session-2007\/sujet-tp-2007-i-galactic.pdf\">Sujet d&rsquo;algorithmique et programmation 3<\/a><\/p>\n<p><a href=\"\/cms\/wp-content\/data\/filiere-mp\/annales-de-la-banque-i\/session-2007\/sujet-tp-2007-i-ratsbomb.pdf\">Sujet d&rsquo;algorithmique et programmation 4<\/a><\/p>\n<p><a href=\"\/cms\/wp-content\/data\/filiere-mp\/annales-de-la-banque-i\/session-2007\/sujet-tp-2007-i-rechauf_clima.pdf\">Sujet d&rsquo;algorithmique et programmation 5<\/a><\/p>\n","protected":false},"excerpt":{"rendered":"<p>Sujets des \u00e9preuves \u00e9crites de la banque I, pour la session 2007. &nbsp; Sujet de fran\u00e7ais Sujet de langue vivante Sujet d&rsquo;informatique Sujet de math\u00e9matiques-informatique Sujet de chimie Sujet de math\u00e9matiques Sujet de physique Sujet d&rsquo;algorithmique et programmation 1 Sujet <a href=\"https:\/\/banques-ecoles.fr\/cms\/filiere-mp\/annales-de-la-banque-i\/session-2007\/\">[Lire la suite]<\/a><\/p>\n","protected":false},"author":1,"featured_media":0,"parent":727,"menu_order":4,"comment_status":"closed","ping_status":"open","template":"","meta":{"footnotes":""},"class_list":["post-780","page","type-page","status-publish","hentry"],"_links":{"self":[{"href":"https:\/\/banques-ecoles.fr\/cms\/wp-json\/wp\/v2\/pages\/780","targetHints":{"allow":["GET"]}}],"collection":[{"href":"https:\/\/banques-ecoles.fr\/cms\/wp-json\/wp\/v2\/pages"}],"about":[{"href":"https:\/\/banques-ecoles.fr\/cms\/wp-json\/wp\/v2\/types\/page"}],"author":[{"embeddable":true,"href":"https:\/\/banques-ecoles.fr\/cms\/wp-json\/wp\/v2\/users\/1"}],"replies":[{"embeddable":true,"href":"https:\/\/banques-ecoles.fr\/cms\/wp-json\/wp\/v2\/comments?post=780"}],"version-history":[{"count":3,"href":"https:\/\/banques-ecoles.fr\/cms\/wp-json\/wp\/v2\/pages\/780\/revisions"}],"predecessor-version":[{"id":2119,"href":"https:\/\/banques-ecoles.fr\/cms\/wp-json\/wp\/v2\/pages\/780\/revisions\/2119"}],"up":[{"embeddable":true,"href":"https:\/\/banques-ecoles.fr\/cms\/wp-json\/wp\/v2\/pages\/727"}],"wp:attachment":[{"href":"https:\/\/banques-ecoles.fr\/cms\/wp-json\/wp\/v2\/media?parent=780"}],"curies":[{"name":"wp","href":"https:\/\/api.w.org\/{rel}","templated":true}]}}