{"id":7822,"date":"2019-10-27T17:21:15","date_gmt":"2019-10-27T15:21:15","guid":{"rendered":"https:\/\/banques-ecoles.fr\/cms\/?page_id=7822"},"modified":"2023-08-31T11:19:10","modified_gmt":"2023-08-31T09:19:10","slug":"session-2019-9","status":"publish","type":"page","link":"https:\/\/banques-ecoles.fr\/cms\/filiere-mp\/annales-de-la-banque-mmpmpi\/session-2019-9\/","title":{"rendered":"Session 2019"},"content":{"rendered":"\n<p><strong>Sujets des \u00e9preuves \u00e9crites de la banque M\/MP-M\/MPI 2019 :<\/strong><\/p>\n<p>\u00a0<\/p>\n<p><a href=\"https:\/\/banques-ecoles.fr\/cms\/wp-content\/uploads\/2019\/10\/2019_MPI_sujet_MathA.pdf\" target=\"_blank\" rel=\"noopener\">\u00c9preuve \u00e9crite de Math A &#8211; 4h &#8211; MP XLCR<\/a><\/p>\n<p><a href=\"https:\/\/banques-ecoles.fr\/cms\/wp-content\/uploads\/2019\/10\/2019_MPI_sujet_MathB.pdf\" target=\"_blank\" rel=\"noopener\">\u00c9preuve \u00e9crite de Math B &#8211; 4h &#8211; MP X<\/a><\/p>\n<p><a href=\"https:\/\/banques-ecoles.fr\/cms\/wp-content\/uploads\/2019\/11\/2019_MP_sujet_MathC.pdf\" target=\"_blank\" rel=\"noopener\">\u00c9preuve \u00e9crite de Math C &#8211; 4h &#8211; MP ULCR<\/a><\/p>\n<p><a href=\"https:\/\/banques-ecoles.fr\/cms\/wp-content\/uploads\/2019\/11\/2019_MP_sujet_MathD.pdf\" target=\"_blank\" rel=\"noopener\">\u00c9preuve \u00e9crite de Math D &#8211; 6h &#8211; MP U<\/a><\/p>\n<p><a href=\"https:\/\/banques-ecoles.fr\/cms\/wp-content\/uploads\/2019\/10\/2019_MP_sujet_InfoA.pdf\" target=\"_blank\" rel=\"noopener\">\u00c9preuve \u00e9crite de Info A &#8211; 4h &#8211; MP XULCR<\/a><\/p>\n<p><a href=\"https:\/\/banques-ecoles.fr\/cms\/wp-content\/uploads\/2019\/10\/2019_MPPC_sujet_InfoB.pdf\" target=\"_blank\" rel=\"noopener\">\u00c9preuve \u00e9crite de Info B &#8211; 2h &#8211; MP-PC XELCR<\/a><\/p>\n<p><a href=\"https:\/\/banques-ecoles.fr\/cms\/wp-content\/uploads\/2019\/10\/2018_MP_sujet_Phy.pdf\" target=\"_blank\" rel=\"noopener\">\u00c9preuve \u00e9crite de Physique &#8211; 4h &#8211; MP XULCR<\/a><\/p>\n<p><a href=\"https:\/\/banques-ecoles.fr\/cms\/wp-content\/uploads\/2019\/10\/2019_MPI_sujet_PSI.pdf\" target=\"_blank\" rel=\"noopener\">\u00c9preuve \u00e9crite de P&amp;SI &#8211; 4h &#8211; MP X<\/a><\/p>\n<p><a href=\"https:\/\/banques-ecoles.fr\/cms\/wp-content\/uploads\/2019\/10\/2019_MPPC_sujet_Fr.pdf\" target=\"_blank\" rel=\"noopener\">\u00c9preuve \u00e9crite de fran\u00e7ais &#8211; 4h &#8211; MP-PC XEULCR<\/a><\/p>\n<p>\u00a0<\/p>\n<p><em>\u00c9preuve \u00e9crite de LV &#8211; 4h &#8211; MP-PC XEULCR :<\/em><\/p>\n<ul>\n<li><a href=\"https:\/\/banques-ecoles.fr\/cms\/wp-content\/uploads\/2019\/10\/2019_MPPC_sujet_All.pdf\" target=\"_blank\" rel=\"noopener\">allemand<\/a><\/li>\n<li><a href=\"https:\/\/banques-ecoles.fr\/cms\/wp-content\/uploads\/2019\/10\/2019_MPPC_sujet_Angl.pdf\" target=\"_blank\" rel=\"noopener\">anglais<\/a><\/li>\n<li><a href=\"https:\/\/banques-ecoles.fr\/cms\/wp-content\/uploads\/2019\/10\/2019_MPPC_sujet_Arabe.pdf\" target=\"_blank\" rel=\"noopener\">arabe<\/a><\/li>\n<li><a href=\"https:\/\/banques-ecoles.fr\/cms\/wp-content\/uploads\/2019\/10\/2019_MPPC_sujet_Chinois.pdf\" target=\"_blank\" rel=\"noopener\">chinois<\/a><\/li>\n<li><a href=\"https:\/\/banques-ecoles.fr\/cms\/wp-content\/uploads\/2019\/10\/2019_MPPC_sujet_Esp.pdf\" target=\"_blank\" rel=\"noopener\">espagnol<\/a><\/li>\n<\/ul>\n","protected":false},"excerpt":{"rendered":"<p>Sujets des \u00e9preuves \u00e9crites de la banque M\/MP-M\/MPI 2019 : \u00a0 \u00c9preuve \u00e9crite de Math A &#8211; 4h &#8211; MP XLCR \u00c9preuve \u00e9crite de Math B &#8211; 4h &#8211; MP X \u00c9preuve \u00e9crite de Math C &#8211; 4h &#8211; MP <a href=\"https:\/\/banques-ecoles.fr\/cms\/filiere-mp\/annales-de-la-banque-mmpmpi\/session-2019-9\/\">[Lire la suite]<\/a><\/p>\n","protected":false},"author":5,"featured_media":0,"parent":728,"menu_order":0,"comment_status":"closed","ping_status":"closed","template":"","meta":{"footnotes":""},"class_list":["post-7822","page","type-page","status-publish","hentry"],"_links":{"self":[{"href":"https:\/\/banques-ecoles.fr\/cms\/wp-json\/wp\/v2\/pages\/7822","targetHints":{"allow":["GET"]}}],"collection":[{"href":"https:\/\/banques-ecoles.fr\/cms\/wp-json\/wp\/v2\/pages"}],"about":[{"href":"https:\/\/banques-ecoles.fr\/cms\/wp-json\/wp\/v2\/types\/page"}],"author":[{"embeddable":true,"href":"https:\/\/banques-ecoles.fr\/cms\/wp-json\/wp\/v2\/users\/5"}],"replies":[{"embeddable":true,"href":"https:\/\/banques-ecoles.fr\/cms\/wp-json\/wp\/v2\/comments?post=7822"}],"version-history":[{"count":14,"href":"https:\/\/banques-ecoles.fr\/cms\/wp-json\/wp\/v2\/pages\/7822\/revisions"}],"predecessor-version":[{"id":8100,"href":"https:\/\/banques-ecoles.fr\/cms\/wp-json\/wp\/v2\/pages\/7822\/revisions\/8100"}],"up":[{"embeddable":true,"href":"https:\/\/banques-ecoles.fr\/cms\/wp-json\/wp\/v2\/pages\/728"}],"wp:attachment":[{"href":"https:\/\/banques-ecoles.fr\/cms\/wp-json\/wp\/v2\/media?parent=7822"}],"curies":[{"name":"wp","href":"https:\/\/api.w.org\/{rel}","templated":true}]}}