{"id":784,"date":"2013-02-26T09:15:22","date_gmt":"2013-02-26T08:15:22","guid":{"rendered":"http:\/\/banques-ecoles-dev.fr\/cms\/?page_id=784"},"modified":"2013-04-21T14:33:54","modified_gmt":"2013-04-21T13:33:54","slug":"session-2011","status":"publish","type":"page","link":"https:\/\/banques-ecoles.fr\/cms\/filiere-mp\/annales-de-la-banque-i\/session-2011\/","title":{"rendered":"Session 2011"},"content":{"rendered":"<p>Sujets des \u00e9preuves \u00e9crites de la banque I, pour la session 2011.<\/p>\n<p>&nbsp;<\/p>\n<p><a href=\"\/cms\/wp-content\/data\/filiere-mp\/annales-de-la-banque-i\/session-2011\/2011%20MP-PC%20SUJET%20ECRIT%20FRANCAIS.pdf\">Sujet de l&rsquo;\u00e9crit de fran\u00e7ais MP-PC XEULC<\/a><\/p>\n<p><a href=\"\/cms\/wp-content\/data\/filiere-mp\/annales-de-la-banque-i\/session-2011\/2011%20MP-PC%20SUJET%20EXPRESSION%20ECRITE_LVA1.pdf\">Sujet LVA expression \u00e9crite MP-PC<\/a><\/p>\n<p><a href=\"\/cms\/wp-content\/data\/filiere-mp\/annales-de-la-banque-i\/session-2011\/2011%20Version_LVA2.pdf\">Sujet LVA version MP-PC<\/a><\/p>\n<p>&nbsp;<\/p>\n<p><a href=\"\/cms\/wp-content\/data\/filiere-mp\/annales-de-la-banque-i\/session-2011\/2011%20MP%20SUJET%20ECRIT%20INFORMATIQUE%20A%20-4H-%20-XULC-%20.pdf\">Sujet de l&rsquo;\u00e9crit Info A \u2013 4h \u2013 XULC<\/a><\/p>\n<p><a href=\"\/cms\/wp-content\/data\/filiere-mp\/annales-de-la-banque-i\/session-2011\/2011%20Info_Maths.pdf\">Sujet de l&rsquo;\u00e9crit Info-Math \u2013 4h \u2013 ULC<\/a><\/p>\n<p>&nbsp;<\/p>\n","protected":false},"excerpt":{"rendered":"<p>Sujets des \u00e9preuves \u00e9crites de la banque I, pour la session 2011. &nbsp; Sujet de l&rsquo;\u00e9crit de fran\u00e7ais MP-PC XEULC Sujet LVA expression \u00e9crite MP-PC Sujet LVA version MP-PC &nbsp; Sujet de l&rsquo;\u00e9crit Info A \u2013 4h \u2013 XULC Sujet <a href=\"https:\/\/banques-ecoles.fr\/cms\/filiere-mp\/annales-de-la-banque-i\/session-2011\/\">[Lire la suite]<\/a><\/p>\n","protected":false},"author":1,"featured_media":0,"parent":727,"menu_order":8,"comment_status":"closed","ping_status":"open","template":"","meta":{"footnotes":""},"class_list":["post-784","page","type-page","status-publish","hentry"],"_links":{"self":[{"href":"https:\/\/banques-ecoles.fr\/cms\/wp-json\/wp\/v2\/pages\/784","targetHints":{"allow":["GET"]}}],"collection":[{"href":"https:\/\/banques-ecoles.fr\/cms\/wp-json\/wp\/v2\/pages"}],"about":[{"href":"https:\/\/banques-ecoles.fr\/cms\/wp-json\/wp\/v2\/types\/page"}],"author":[{"embeddable":true,"href":"https:\/\/banques-ecoles.fr\/cms\/wp-json\/wp\/v2\/users\/1"}],"replies":[{"embeddable":true,"href":"https:\/\/banques-ecoles.fr\/cms\/wp-json\/wp\/v2\/comments?post=784"}],"version-history":[{"count":6,"href":"https:\/\/banques-ecoles.fr\/cms\/wp-json\/wp\/v2\/pages\/784\/revisions"}],"predecessor-version":[{"id":2115,"href":"https:\/\/banques-ecoles.fr\/cms\/wp-json\/wp\/v2\/pages\/784\/revisions\/2115"}],"up":[{"embeddable":true,"href":"https:\/\/banques-ecoles.fr\/cms\/wp-json\/wp\/v2\/pages\/727"}],"wp:attachment":[{"href":"https:\/\/banques-ecoles.fr\/cms\/wp-json\/wp\/v2\/media?parent=784"}],"curies":[{"name":"wp","href":"https:\/\/api.w.org\/{rel}","templated":true}]}}