{"id":813,"date":"2013-02-26T09:33:40","date_gmt":"2013-02-26T08:33:40","guid":{"rendered":"http:\/\/banques-ecoles-dev.fr\/cms\/?page_id=813"},"modified":"2013-05-21T16:53:09","modified_gmt":"2013-05-21T15:53:09","slug":"session-2012","status":"publish","type":"page","link":"https:\/\/banques-ecoles.fr\/cms\/filiere-mp\/annales-de-la-banque-mmpmpi\/session-2012\/","title":{"rendered":"Session 2012"},"content":{"rendered":"<p>Sujets des \u00e9preuves \u00e9crites de la banque M\/MP\/MPI, pour la session 2012.<\/p>\n<p>&nbsp;<\/p>\n<p><a href=\"\/cms\/wp-content\/data\/filiere-mp\/annales-de-la-banque-mp\/session-2012\/mp2012_sujet_francais.pdf\">Sujet de l&rsquo;\u00e9crit de fran\u00e7ais &#8211; 4h &#8211; MP-PC XEULC<\/a><\/p>\n<p><a href=\"\/cms\/wp-content\/data\/filiere-mp\/annales-de-la-banque-mp\/session-2012\/mp2012_sujet_langue_vivante_expression.pdf\">Sujet LV expression \u00e9crite &#8211; 1h30 &#8211; MP-PC<\/a><\/p>\n<p><a href=\"\/cms\/wp-content\/data\/filiere-mp\/annales-de-la-banque-mp\/session-2012\/mp2012_sujet_langue_vivante_version.pdf\">Sujet LV version &#8211; 1h30 &#8211; MP-PC<\/a><\/p>\n<p><a href=\"\/cms\/wp-content\/data\/filiere-mp\/annales-de-la-banque-mp\/session-2012\/mp2012_sujet_mathematiques_a.pdf\">Sujet de l&rsquo;\u00e9crit Math A &#8211; 4h &#8211; XLC<\/a><\/p>\n<p><a href=\"\/cms\/wp-content\/data\/filiere-mp\/annales-de-la-banque-mp\/session-2012\/mp2012_sujet_math_c_ulc.pdf\">Sujet de l&rsquo;\u00e9crit Math C &#8211; 4h &#8211; ULC<\/a><\/p>\n<p><a href=\"\/cms\/wp-content\/data\/filiere-mp\/annales-de-la-banque-mp\/session-2012\/mp2012_sujet_math_d_6h_u.pdf\">Sujet de l&rsquo;\u00e9crit Math D &#8211; 6h &#8211; U<\/a><\/p>\n<p><a href=\"\/cms\/wp-content\/data\/filiere-mp\/annales-de-la-banque-mp\/session-2012\/mp2012_sujet_informatique_a.pdf\">Sujet de l&rsquo;\u00e9crit Info A &#8211; 4h &#8211; XULC<\/a><\/p>\n<p><a href=\"\/cms\/wp-content\/data\/filiere-mp\/annales-de-la-banque-mp\/session-2012\/mp2012_sujet_informatique_b.pdf\">Sujet de l&rsquo;\u00e9crit Info B &#8211; 2h &#8211; XC<\/a><\/p>\n<p><a href=\"\/cms\/wp-content\/data\/filiere-mp\/annales-de-la-banque-mp\/session-2012\/mp2012_sujet_physique.pdf\">Sujet de l&rsquo;\u00e9crit de Physique &#8211; 4h &#8211; XULC<\/a><\/p>\n<p>&nbsp;<\/p>\n<p><a href=\"https:\/\/banques-ecoles.fr\/cms\/wp-content\/uploads\/2013\/02\/12_sujets_oraux_info_fond.pdf\">Exemples de sujets de l&rsquo;\u00e9preuve orale d&rsquo;Info fondamentale &#8211; ULC<\/a><\/p>\n","protected":false},"excerpt":{"rendered":"<p>Sujets des \u00e9preuves \u00e9crites de la banque M\/MP\/MPI, pour la session 2012. &nbsp; Sujet de l&rsquo;\u00e9crit de fran\u00e7ais &#8211; 4h &#8211; MP-PC XEULC Sujet LV expression \u00e9crite &#8211; 1h30 &#8211; MP-PC Sujet LV version &#8211; 1h30 &#8211; MP-PC Sujet de <a href=\"https:\/\/banques-ecoles.fr\/cms\/filiere-mp\/annales-de-la-banque-mmpmpi\/session-2012\/\">[Lire la suite]<\/a><\/p>\n","protected":false},"author":1,"featured_media":0,"parent":728,"menu_order":0,"comment_status":"closed","ping_status":"open","template":"","meta":{"footnotes":""},"class_list":["post-813","page","type-page","status-publish","hentry"],"_links":{"self":[{"href":"https:\/\/banques-ecoles.fr\/cms\/wp-json\/wp\/v2\/pages\/813","targetHints":{"allow":["GET"]}}],"collection":[{"href":"https:\/\/banques-ecoles.fr\/cms\/wp-json\/wp\/v2\/pages"}],"about":[{"href":"https:\/\/banques-ecoles.fr\/cms\/wp-json\/wp\/v2\/types\/page"}],"author":[{"embeddable":true,"href":"https:\/\/banques-ecoles.fr\/cms\/wp-json\/wp\/v2\/users\/1"}],"replies":[{"embeddable":true,"href":"https:\/\/banques-ecoles.fr\/cms\/wp-json\/wp\/v2\/comments?post=813"}],"version-history":[{"count":6,"href":"https:\/\/banques-ecoles.fr\/cms\/wp-json\/wp\/v2\/pages\/813\/revisions"}],"predecessor-version":[{"id":2320,"href":"https:\/\/banques-ecoles.fr\/cms\/wp-json\/wp\/v2\/pages\/813\/revisions\/2320"}],"up":[{"embeddable":true,"href":"https:\/\/banques-ecoles.fr\/cms\/wp-json\/wp\/v2\/pages\/728"}],"wp:attachment":[{"href":"https:\/\/banques-ecoles.fr\/cms\/wp-json\/wp\/v2\/media?parent=813"}],"curies":[{"name":"wp","href":"https:\/\/api.w.org\/{rel}","templated":true}]}}