{"id":814,"date":"2013-02-26T09:33:44","date_gmt":"2013-02-26T08:33:44","guid":{"rendered":"http:\/\/banques-ecoles-dev.fr\/cms\/?page_id=814"},"modified":"2013-04-21T14:39:28","modified_gmt":"2013-04-21T13:39:28","slug":"session-2011","status":"publish","type":"page","link":"https:\/\/banques-ecoles.fr\/cms\/filiere-mp\/annales-de-la-banque-mmpmpi\/session-2011\/","title":{"rendered":"Session 2011"},"content":{"rendered":"<p>Sujets des \u00e9preuves \u00e9crites de la banque M\/MP\/MPI, pour la session 2011.<\/p>\n<p>&nbsp;<\/p>\n<p><a href=\"\/cms\/wp-content\/data\/filiere-mp\/annales-de-la-banque-mp\/session-2011\/2011%20MP-PC%20SUJET%20ECRIT%20FRANCAIS.pdf\">Sujet de l&rsquo;\u00e9crit de fran\u00e7ais &#8211; 4h &#8211; MP-PC XEULC <\/a><\/p>\n<p><a href=\"\/cms\/wp-content\/data\/filiere-mp\/annales-de-la-banque-mp\/session-2011\/2011%20MP-PC%20SUJET%20EXPRESSION%20ECRITE_LVA1.pdf\">Sujet LVA expression \u00e9crite &#8211; 1h30 &#8211; MP-PC<\/a><\/p>\n<p><a href=\"\/cms\/wp-content\/data\/filiere-mp\/annales-de-la-banque-mp\/session-2011\/2011%20Version_LVA2.pdf\">Sujet LVA version &#8211; 1h30 &#8211; MP-PC<\/a><\/p>\n<p><a href=\"\/cms\/wp-content\/data\/filiere-mp\/annales-de-la-banque-mp\/session-2011\/2011%20Langue%20E-B.pdf\">Sujet de l&rsquo;\u00e9crit LEB &#8211; 2h &#8211; UC<\/a><\/p>\n<p><a href=\"\/cms\/wp-content\/data\/filiere-mp\/annales-de-la-banque-mp\/session-2011\/2011%20MP%20SUJET%20ECRIT%20MATH%20A%20-XLC.pdf\">Sujet de l&rsquo;\u00e9crit Math A \u2013 4h \u2013 XLC<\/a><\/p>\n<p><a href=\"\/cms\/wp-content\/data\/filiere-mp\/annales-de-la-banque-mp\/session-2011\/2011%20Math_MP_C.pdf\">Sujet de l&rsquo;\u00e9crit Math C \u2013 4h \u2013 ULC<\/a><\/p>\n<p><a href=\"\/cms\/wp-content\/data\/filiere-mp\/annales-de-la-banque-mp\/session-2011\/sujet_math_d_mp2011.pdf\">Sujet de l&rsquo;\u00e9crit Math D &#8211; U<\/a><\/p>\n<p><a href=\"\/cms\/wp-content\/data\/filiere-mp\/annales-de-la-banque-mp\/session-2011\/2011%20MP%20SUJET%20ECRIT%20INFORMATIQUE%20A%20-4H-%20-XULC-%20.pdf\">Sujet de l&rsquo;\u00e9crit Info A \u2013 4h \u2013<\/a><\/p>\n<p><a href=\"\/cms\/wp-content\/data\/filiere-mp\/annales-de-la-banque-mp\/session-2011\/info_b_mppc2011.pdf\">Sujet de l&rsquo;\u00e9crit Info B &#8211; XC<\/a><\/p>\n<p><a href=\"\/cms\/wp-content\/data\/filiere-mp\/annales-de-la-banque-mp\/session-2011\/2011%20MP%20SUJET%20ECRIT%20PHYSIQUE%20-XULC.pdf\">Sujet de l&rsquo;\u00e9crit de physique \u2013 4h \u2013 XULC<\/a><\/p>\n<p>&nbsp;<\/p>\n","protected":false},"excerpt":{"rendered":"<p>Sujets des \u00e9preuves \u00e9crites de la banque M\/MP\/MPI, pour la session 2011. &nbsp; Sujet de l&rsquo;\u00e9crit de fran\u00e7ais &#8211; 4h &#8211; MP-PC XEULC Sujet LVA expression \u00e9crite &#8211; 1h30 &#8211; MP-PC Sujet LVA version &#8211; 1h30 &#8211; MP-PC Sujet de <a href=\"https:\/\/banques-ecoles.fr\/cms\/filiere-mp\/annales-de-la-banque-mmpmpi\/session-2011\/\">[Lire la suite]<\/a><\/p>\n","protected":false},"author":1,"featured_media":0,"parent":728,"menu_order":1,"comment_status":"closed","ping_status":"open","template":"","meta":{"footnotes":""},"class_list":["post-814","page","type-page","status-publish","hentry"],"_links":{"self":[{"href":"https:\/\/banques-ecoles.fr\/cms\/wp-json\/wp\/v2\/pages\/814","targetHints":{"allow":["GET"]}}],"collection":[{"href":"https:\/\/banques-ecoles.fr\/cms\/wp-json\/wp\/v2\/pages"}],"about":[{"href":"https:\/\/banques-ecoles.fr\/cms\/wp-json\/wp\/v2\/types\/page"}],"author":[{"embeddable":true,"href":"https:\/\/banques-ecoles.fr\/cms\/wp-json\/wp\/v2\/users\/1"}],"replies":[{"embeddable":true,"href":"https:\/\/banques-ecoles.fr\/cms\/wp-json\/wp\/v2\/comments?post=814"}],"version-history":[{"count":4,"href":"https:\/\/banques-ecoles.fr\/cms\/wp-json\/wp\/v2\/pages\/814\/revisions"}],"predecessor-version":[{"id":2132,"href":"https:\/\/banques-ecoles.fr\/cms\/wp-json\/wp\/v2\/pages\/814\/revisions\/2132"}],"up":[{"embeddable":true,"href":"https:\/\/banques-ecoles.fr\/cms\/wp-json\/wp\/v2\/pages\/728"}],"wp:attachment":[{"href":"https:\/\/banques-ecoles.fr\/cms\/wp-json\/wp\/v2\/media?parent=814"}],"curies":[{"name":"wp","href":"https:\/\/api.w.org\/{rel}","templated":true}]}}