{"id":815,"date":"2013-02-26T09:33:48","date_gmt":"2013-02-26T08:33:48","guid":{"rendered":"http:\/\/banques-ecoles-dev.fr\/cms\/?page_id=815"},"modified":"2013-04-21T14:39:11","modified_gmt":"2013-04-21T13:39:11","slug":"session-2010","status":"publish","type":"page","link":"https:\/\/banques-ecoles.fr\/cms\/filiere-mp\/annales-de-la-banque-mmpmpi\/session-2010\/","title":{"rendered":"Session 2010"},"content":{"rendered":"<p>Sujets des \u00e9preuves \u00e9crites de la banque M\/MP\/MPI, pour la session 2010.<\/p>\n<p>&nbsp;<\/p>\n<p><a href=\"\/cms\/wp-content\/data\/filiere-mp\/annales-de-la-banque-mp\/session-2010\/FRANCAIS%2010.08%20M-P.pdf\">Sujet de fran\u00e7ais<\/a><\/p>\n<p><a href=\"\/cms\/wp-content\/data\/filiere-mp\/annales-de-la-banque-mp\/session-2010\/LANGUE%20VIVANTE%20ETRANGERE%20I%2010.09%20M-P.pdf\">Sujet de langue vivante 1<\/a><\/p>\n<p><a href=\"\/cms\/wp-content\/data\/filiere-mp\/annales-de-la-banque-mp\/session-2010\/LANGUES%20ETRANGERES%20II%2010.07MP-P.pdf\">Sujet de langue \u00e9trang\u00e8re 2<\/a><\/p>\n<p><a href=\"\/cms\/wp-content\/data\/filiere-mp\/annales-de-la-banque-mp\/session-2010\/INFORMATIQUE%2010.04M.pdf\">Sujet d&rsquo;informatique<\/a><\/p>\n<p><a href=\"\/cms\/wp-content\/data\/filiere-mp\/annales-de-la-banque-mp\/session-2010\/MATHEMATIQUES%20MPI%201%2010.01M.pdf\">Sujet de math\u00e9matiques 1<\/a><\/p>\n<p><a href=\"\/cms\/wp-content\/data\/filiere-mp\/annales-de-la-banque-mp\/session-2010\/MATHEMATIQUE%20MPI%202%2010.03%20MP.pdf\">Sujet de math\u00e9matiques 2<\/a><\/p>\n<p><a href=\"\/cms\/wp-content\/data\/filiere-mp\/annales-de-la-banque-mp\/session-2010\/physique.pdf\">Sujet de physique<\/a><\/p>\n","protected":false},"excerpt":{"rendered":"<p>Sujets des \u00e9preuves \u00e9crites de la banque M\/MP\/MPI, pour la session 2010. &nbsp; Sujet de fran\u00e7ais Sujet de langue vivante 1 Sujet de langue \u00e9trang\u00e8re 2 Sujet d&rsquo;informatique Sujet de math\u00e9matiques 1 Sujet de math\u00e9matiques 2 Sujet de physique<\/p>\n","protected":false},"author":1,"featured_media":0,"parent":728,"menu_order":2,"comment_status":"closed","ping_status":"open","template":"","meta":{"footnotes":""},"class_list":["post-815","page","type-page","status-publish","hentry"],"_links":{"self":[{"href":"https:\/\/banques-ecoles.fr\/cms\/wp-json\/wp\/v2\/pages\/815","targetHints":{"allow":["GET"]}}],"collection":[{"href":"https:\/\/banques-ecoles.fr\/cms\/wp-json\/wp\/v2\/pages"}],"about":[{"href":"https:\/\/banques-ecoles.fr\/cms\/wp-json\/wp\/v2\/types\/page"}],"author":[{"embeddable":true,"href":"https:\/\/banques-ecoles.fr\/cms\/wp-json\/wp\/v2\/users\/1"}],"replies":[{"embeddable":true,"href":"https:\/\/banques-ecoles.fr\/cms\/wp-json\/wp\/v2\/comments?post=815"}],"version-history":[{"count":5,"href":"https:\/\/banques-ecoles.fr\/cms\/wp-json\/wp\/v2\/pages\/815\/revisions"}],"predecessor-version":[{"id":2131,"href":"https:\/\/banques-ecoles.fr\/cms\/wp-json\/wp\/v2\/pages\/815\/revisions\/2131"}],"up":[{"embeddable":true,"href":"https:\/\/banques-ecoles.fr\/cms\/wp-json\/wp\/v2\/pages\/728"}],"wp:attachment":[{"href":"https:\/\/banques-ecoles.fr\/cms\/wp-json\/wp\/v2\/media?parent=815"}],"curies":[{"name":"wp","href":"https:\/\/api.w.org\/{rel}","templated":true}]}}