{"id":817,"date":"2013-02-26T09:33:56","date_gmt":"2013-02-26T08:33:56","guid":{"rendered":"http:\/\/banques-ecoles-dev.fr\/cms\/?page_id=817"},"modified":"2013-04-21T14:38:38","modified_gmt":"2013-04-21T13:38:38","slug":"session-2008","status":"publish","type":"page","link":"https:\/\/banques-ecoles.fr\/cms\/filiere-mp\/annales-de-la-banque-mmpmpi\/session-2008\/","title":{"rendered":"Session 2008"},"content":{"rendered":"<p>Sujets des \u00e9preuves \u00e9crites de la banque M\/MP\/MPI, pour la session 2008.<\/p>\n<p>&nbsp;<\/p>\n<p><a href=\"\/cms\/wp-content\/data\/filiere-mp\/annales-de-la-banque-mp\/session-2008\/sujet-ecrit-2008_mp-pc_sujet_francais.pdf\">Sujet de fran\u00e7ais<\/a><\/p>\n<p><a href=\"\/cms\/wp-content\/data\/filiere-mp\/annales-de-la-banque-mp\/session-2008\/sujet-ecrit-2008_mppc_sujet_langue_vivante_1.pdf\">Sujet de langue vivante 1<\/a><\/p>\n<p><a href=\"\/cms\/wp-content\/data\/filiere-mp\/annales-de-la-banque-mp\/session-2008\/sujet-ecrit-2008_mp-pc_sujet_langue_etrangere_2.pdf\">Sujet de langue \u00e9trang\u00e8re 2<\/a><\/p>\n<p><a href=\"\/cms\/wp-content\/data\/filiere-mp\/annales-de-la-banque-mp\/session-2008\/sujet-2008_mpi_sujet_informatique.pdf\">Sujet d&rsquo;informatique<\/a><\/p>\n<p><a href=\"\/cms\/wp-content\/data\/filiere-mp\/annales-de-la-banque-mp\/session-2008\/sujet-2008_mpi_sujet_mathematiques_1.pdf\">Sujet de math\u00e9matiques 1<\/a><\/p>\n<p><a href=\"\/cms\/wp-content\/data\/filiere-mp\/annales-de-la-banque-mp\/session-2008\/sujet-2008_mp_sujet_mathematiques_2.pdf\">Sujet de math\u00e9matiques 2<\/a><\/p>\n<p><a href=\"\/cms\/wp-content\/data\/filiere-mp\/annales-de-la-banque-mp\/session-2008\/sujet-2008_mp_sujet_physique.pdf\">Sujet de physique<\/a><\/p>\n","protected":false},"excerpt":{"rendered":"<p>Sujets des \u00e9preuves \u00e9crites de la banque M\/MP\/MPI, pour la session 2008. &nbsp; Sujet de fran\u00e7ais Sujet de langue vivante 1 Sujet de langue \u00e9trang\u00e8re 2 Sujet d&rsquo;informatique Sujet de math\u00e9matiques 1 Sujet de math\u00e9matiques 2 Sujet de physique<\/p>\n","protected":false},"author":1,"featured_media":0,"parent":728,"menu_order":4,"comment_status":"closed","ping_status":"open","template":"","meta":{"footnotes":""},"class_list":["post-817","page","type-page","status-publish","hentry"],"_links":{"self":[{"href":"https:\/\/banques-ecoles.fr\/cms\/wp-json\/wp\/v2\/pages\/817","targetHints":{"allow":["GET"]}}],"collection":[{"href":"https:\/\/banques-ecoles.fr\/cms\/wp-json\/wp\/v2\/pages"}],"about":[{"href":"https:\/\/banques-ecoles.fr\/cms\/wp-json\/wp\/v2\/types\/page"}],"author":[{"embeddable":true,"href":"https:\/\/banques-ecoles.fr\/cms\/wp-json\/wp\/v2\/users\/1"}],"replies":[{"embeddable":true,"href":"https:\/\/banques-ecoles.fr\/cms\/wp-json\/wp\/v2\/comments?post=817"}],"version-history":[{"count":5,"href":"https:\/\/banques-ecoles.fr\/cms\/wp-json\/wp\/v2\/pages\/817\/revisions"}],"predecessor-version":[{"id":2129,"href":"https:\/\/banques-ecoles.fr\/cms\/wp-json\/wp\/v2\/pages\/817\/revisions\/2129"}],"up":[{"embeddable":true,"href":"https:\/\/banques-ecoles.fr\/cms\/wp-json\/wp\/v2\/pages\/728"}],"wp:attachment":[{"href":"https:\/\/banques-ecoles.fr\/cms\/wp-json\/wp\/v2\/media?parent=817"}],"curies":[{"name":"wp","href":"https:\/\/api.w.org\/{rel}","templated":true}]}}