{"id":82,"date":"2012-11-29T14:08:42","date_gmt":"2012-11-29T13:08:42","guid":{"rendered":"http:\/\/127.0.0.1\/wordpress342\/?page_id=82"},"modified":"2025-10-20T15:48:50","modified_gmt":"2025-10-20T13:48:50","slug":"filieres-universitaires-second-concours-scientifique","status":"publish","type":"page","link":"https:\/\/banques-ecoles.fr\/cms\/filieres-universitaires-second-concours-scientifique\/","title":{"rendered":"Fili\u00e8re universitaire &#8211; Second concours scientifique de l&rsquo;ENS de Lyon"},"content":{"rendered":"<p>Informations relatives aux concours d&rsquo;admission en premi\u00e8re ann\u00e9e pour les \u00e9tudiants inscrits en universit\u00e9 scientifique, m\u00e9dicale, pharmaceutique, IUT, INSA.<\/p>\n<h2>I. Description du concours et inscription<\/h2>\n<ul>\n<li><a href=\"http:\/\/banques-ecoles.fr\/cms\/filieres-universitaires-second-concours-scientifique\/le-second-concours-dadmission-de-lens-de-lyon\/\">Description des \u00e9preuves et programmes<\/a><\/li>\n<li><a href=\"http:\/\/banques-ecoles.fr\/cms\/filieres-universitaires-second-concours-scientifique\/les-conditions-dinscription-aux-seconds-concours-dadmission-des-ens\/\">Conditions d&rsquo;inscription<\/a><\/li>\n<li><a href=\"https:\/\/banques-ecoles.fr\/cms\/filieres-universitaires-second-concours-scientifique\/modalites-dinscription\/\">Modalit\u00e9s d&rsquo;inscription<\/a><\/li>\n<\/ul>\n<h2>II. D\u00e9roulement du concours<\/h2>\n<ul>\n<li>L&rsquo;acc\u00e8s \u00e0 sa convocation aux \u00e9crits du second concours de l&rsquo;ENS de Lyon sera possible \u00e0 partir de la page d&rsquo;accueil (se connecter \u00e0 l&rsquo;aide de son num\u00e9ro d&rsquo;inscription SCEI et de son code signature confidentiel)\n<ul>\n<li>Acc\u00e8s aux convocations aux \u00e9crits du Second concours Lyon\u00a0<\/li>\n<li><a href=\"https:\/\/banques-ecoles.fr\/cms\/wp-content\/uploads\/2013\/04\/13_2c_ecrits_consignes.pdf\">Consignes aux candidats<\/a><\/li>\n<\/ul>\n<\/li>\n<li>Organisation des \u00e9preuves \u00e9crites\n<ul>\n<li><a title=\"L\u2019organisation des \u00e9preuves \u00e9crites du second concours de l\u2019ENS de Lyon\" href=\"http:\/\/banques-ecoles.fr\/cms\/filieres-universitaires-second-concours-scientifique\/lorganisation-des-epreuves-ecrites-du-second-concours-de-lens-de-lyon\/\">Second concours de l&rsquo;ENS de Lyon<\/a><\/li>\n<\/ul>\n<\/li>\n<li>Publication des r\u00e9sultats d&rsquo;admissibilit\u00e9 le <strong>16 juin<\/strong><b> 2026.<\/b><\/li>\n<\/ul>\n<ul style=\"list-style-type: disc;\">\n<li>Organisation des \u00e9preuves orales \u00e0 Lyon :\n<ul>\n<li><span class=\"internal-link\"><span class=\"internal-link\"><a href=\"https:\/\/banques-ecoles.fr\/cms\/wp-content\/uploads\/2025\/06\/2025_infos_deroulement_oral_second_concours_Lyon.pdf\" target=\"_blank\" rel=\"noopener\">Informations g\u00e9n\u00e9rales et organisation des oraux<\/a>\u00a0<\/span><\/span><\/li>\n<li><span style=\"color: #00ccff;\"><a style=\"color: #00ccff;\" href=\"https:\/\/banques-ecoles.fr\/cms\/wp-content\/uploads\/2025\/06\/25_Hebergement_Lyon_modifie.pdf\"><span class=\"internal-link\"><span class=\"internal-link\"><span style=\"color: #0000ff;\">H\u00e9bergement \u00e0 Lyon<\/span><\/span><\/span><\/a><\/span><\/li>\n<li><a href=\"http:\/\/www.ens-lyon.eu\/informations-pratiques\/acces-a-l-ens-de-lyon--81546.kjsp?RH=ENS-LYON-FR-CAMPUS\" target=\"_blank\" rel=\"noopener noreferrer\">Lieu des \u00e9preuves (site monod)<\/a><\/li>\n<\/ul>\n<\/li>\n<li>Publication des r\u00e9sultats d&rsquo;admission le <strong>10 juillet 2026.<\/strong><\/li>\n<\/ul>\n<h2>III. Annales et rapports de jury<\/h2>\n\n\n<p><em>Classement par ann\u00e9es<\/em><\/p>\n<ul>\n<li><a href=\"https:\/\/banques-ecoles.fr\/cms\/filieres-universitaires-second-concours-scientifique\/annales-du-second-concours-de-lens-de-lyon\/\">Annales class\u00e9es par ann\u00e9e<\/a><\/li>\n<li><a href=\"https:\/\/banques-ecoles.fr\/cms\/filieres-universitaires-second-concours-scientifique\/rapports-des-jurys-du-second-concours-de-lens-de-lyon\/\">Rapports des jurys class\u00e9s par ann\u00e9es<\/a><\/li>\n<\/ul>\n<p><em>Classement par discipline<\/em><\/p>\n<ul>\n<li><a href=\"http:\/\/banques-ecoles.fr\/cms\/filieres-universitaires-second-concours-scientifique\/les-annales-et-rapports-des-jurys-2\/\">Annales et rapports des jurys class\u00e9s par discipline<\/a><\/li>\n<li><a href=\"https:\/\/banques-ecoles.fr\/cms\/filieres-universitaires-second-concours-scientifique\/les-rapports-des-presidents-et-vice-presidents\/\">Rapport g\u00e9n\u00e9ral<\/a><\/li>\n<\/ul>\n","protected":false},"excerpt":{"rendered":"<p>Informations relatives aux concours d&rsquo;admission en premi\u00e8re ann\u00e9e pour les \u00e9tudiants inscrits en universit\u00e9 scientifique, m\u00e9dicale, pharmaceutique, IUT, INSA. I. Description du concours et inscription Description des \u00e9preuves et programmes Conditions d&rsquo;inscription Modalit\u00e9s d&rsquo;inscription II. D\u00e9roulement du concours L&rsquo;acc\u00e8s \u00e0 <a href=\"https:\/\/banques-ecoles.fr\/cms\/filieres-universitaires-second-concours-scientifique\/\">[Lire la suite]<\/a><\/p>\n","protected":false},"author":1,"featured_media":0,"parent":0,"menu_order":8,"comment_status":"closed","ping_status":"closed","template":"","meta":{"footnotes":""},"class_list":["post-82","page","type-page","status-publish","hentry"],"_links":{"self":[{"href":"https:\/\/banques-ecoles.fr\/cms\/wp-json\/wp\/v2\/pages\/82","targetHints":{"allow":["GET"]}}],"collection":[{"href":"https:\/\/banques-ecoles.fr\/cms\/wp-json\/wp\/v2\/pages"}],"about":[{"href":"https:\/\/banques-ecoles.fr\/cms\/wp-json\/wp\/v2\/types\/page"}],"author":[{"embeddable":true,"href":"https:\/\/banques-ecoles.fr\/cms\/wp-json\/wp\/v2\/users\/1"}],"replies":[{"embeddable":true,"href":"https:\/\/banques-ecoles.fr\/cms\/wp-json\/wp\/v2\/comments?post=82"}],"version-history":[{"count":154,"href":"https:\/\/banques-ecoles.fr\/cms\/wp-json\/wp\/v2\/pages\/82\/revisions"}],"predecessor-version":[{"id":13043,"href":"https:\/\/banques-ecoles.fr\/cms\/wp-json\/wp\/v2\/pages\/82\/revisions\/13043"}],"wp:attachment":[{"href":"https:\/\/banques-ecoles.fr\/cms\/wp-json\/wp\/v2\/media?parent=82"}],"curies":[{"name":"wp","href":"https:\/\/api.w.org\/{rel}","templated":true}]}}