{"id":820,"date":"2013-02-26T09:34:09","date_gmt":"2013-02-26T08:34:09","guid":{"rendered":"http:\/\/banques-ecoles-dev.fr\/cms\/?page_id=820"},"modified":"2013-04-21T14:37:47","modified_gmt":"2013-04-21T13:37:47","slug":"session-2005","status":"publish","type":"page","link":"https:\/\/banques-ecoles.fr\/cms\/filiere-mp\/annales-de-la-banque-mmpmpi\/session-2005\/","title":{"rendered":"Session 2005"},"content":{"rendered":"<p>Sujets des \u00e9preuves \u00e9crites de la banque M\/MP\/MPI, pour la session 2005.<\/p>\n<p>&nbsp;<\/p>\n<p><a href=\"\/cms\/wp-content\/data\/filiere-mp\/annales-de-la-banque-mp\/session-2005\/sujet-2005-ecrit-mp_pc_francais.pdf\">Sujet de fran\u00e7ais<\/a><\/p>\n<p><a href=\"\/cms\/wp-content\/data\/filiere-mp\/annales-de-la-banque-mp\/session-2005\/sujet-2005-ecrit-mp_pc_langue_vivante_1.pdf\">Sujet de langue vivante 1<\/a><\/p>\n<p><a href=\"\/cms\/wp-content\/data\/filiere-mp\/annales-de-la-banque-mp\/session-2005\/sujet-2005-ecrit-mp_pc_langue_etrangere_2.pdf\">Sujet de langue \u00e9trang\u00e8re 2<\/a><\/p>\n<p><a href=\"\/cms\/wp-content\/data\/filiere-mp\/annales-de-la-banque-mp\/session-2005\/sujet-2005-ecrit-mp-i_informatique.pdf\">Sujet d&rsquo;informatique<\/a><\/p>\n<p><a href=\"\/cms\/wp-content\/data\/filiere-mp\/annales-de-la-banque-mp\/session-2005\/sujet-2005-ecrit-mp_mathematiques_1.pdf\">Sujet de math\u00e9matiques 1<\/a><\/p>\n<p><a href=\"\/cms\/wp-content\/data\/filiere-mp\/annales-de-la-banque-mp\/session-2005\/sujet-2005-ecrit-mp_mathematiques_2.pdf\">Sujet de math\u00e9matiques 2<\/a><\/p>\n<p><a href=\"\/cms\/wp-content\/data\/filiere-mp\/annales-de-la-banque-mp\/session-2005\/sujet-2005-ecrit-mp_physique.pdf\">Sujet de physique<\/a><\/p>\n","protected":false},"excerpt":{"rendered":"<p>Sujets des \u00e9preuves \u00e9crites de la banque M\/MP\/MPI, pour la session 2005. &nbsp; Sujet de fran\u00e7ais Sujet de langue vivante 1 Sujet de langue \u00e9trang\u00e8re 2 Sujet d&rsquo;informatique Sujet de math\u00e9matiques 1 Sujet de math\u00e9matiques 2 Sujet de physique<\/p>\n","protected":false},"author":1,"featured_media":0,"parent":728,"menu_order":7,"comment_status":"closed","ping_status":"open","template":"","meta":{"footnotes":""},"class_list":["post-820","page","type-page","status-publish","hentry"],"_links":{"self":[{"href":"https:\/\/banques-ecoles.fr\/cms\/wp-json\/wp\/v2\/pages\/820","targetHints":{"allow":["GET"]}}],"collection":[{"href":"https:\/\/banques-ecoles.fr\/cms\/wp-json\/wp\/v2\/pages"}],"about":[{"href":"https:\/\/banques-ecoles.fr\/cms\/wp-json\/wp\/v2\/types\/page"}],"author":[{"embeddable":true,"href":"https:\/\/banques-ecoles.fr\/cms\/wp-json\/wp\/v2\/users\/1"}],"replies":[{"embeddable":true,"href":"https:\/\/banques-ecoles.fr\/cms\/wp-json\/wp\/v2\/comments?post=820"}],"version-history":[{"count":3,"href":"https:\/\/banques-ecoles.fr\/cms\/wp-json\/wp\/v2\/pages\/820\/revisions"}],"predecessor-version":[{"id":2126,"href":"https:\/\/banques-ecoles.fr\/cms\/wp-json\/wp\/v2\/pages\/820\/revisions\/2126"}],"up":[{"embeddable":true,"href":"https:\/\/banques-ecoles.fr\/cms\/wp-json\/wp\/v2\/pages\/728"}],"wp:attachment":[{"href":"https:\/\/banques-ecoles.fr\/cms\/wp-json\/wp\/v2\/media?parent=820"}],"curies":[{"name":"wp","href":"https:\/\/api.w.org\/{rel}","templated":true}]}}