{"id":821,"date":"2013-02-26T09:34:13","date_gmt":"2013-02-26T08:34:13","guid":{"rendered":"http:\/\/banques-ecoles-dev.fr\/cms\/?page_id=821"},"modified":"2013-04-21T14:37:29","modified_gmt":"2013-04-21T13:37:29","slug":"session-2004","status":"publish","type":"page","link":"https:\/\/banques-ecoles.fr\/cms\/filiere-mp\/annales-de-la-banque-mmpmpi\/session-2004\/","title":{"rendered":"Session 2004"},"content":{"rendered":"<p>Sujets des \u00e9preuves \u00e9crites de la banque M\/MP\/MPI, pour la session 2004.<\/p>\n<p>&nbsp;<\/p>\n<p><a href=\"\/cms\/wp-content\/data\/filiere-mp\/annales-de-la-banque-mp\/session-2004\/sujet-ecrit-2004-mp_pc_francais.pdf\">Sujet de fran\u00e7ais<\/a><\/p>\n<p><a href=\"\/cms\/wp-content\/data\/filiere-mp\/annales-de-la-banque-mp\/session-2004\/sujet-ecrit-2004-mp_pc_langue_etrangere_2.pdf\">Sujet de langue \u00e9trang\u00e8re 2<\/a><\/p>\n<p><a href=\"\/cms\/wp-content\/data\/filiere-mp\/annales-de-la-banque-mp\/session-2004\/sujet-ecrit-2004-mp_pc_langue_vivante_1.pdf\">Sujet de langue vivante 1<\/a><\/p>\n<p><a href=\"\/cms\/wp-content\/data\/filiere-mp\/annales-de-la-banque-mp\/session-2004\/sujet-2004-ecrit-mp-informatique.pdf\">Sujet d&rsquo;informatique<\/a><\/p>\n<p><a href=\"\/cms\/wp-content\/data\/filiere-mp\/annales-de-la-banque-mp\/session-2004\/sujet-2004-ecrit-mp_mathematiques_cachan_paris.pdf\">Sujet de math\u00e9matiques Cachan-Paris<\/a><\/p>\n<p><a href=\"\/cms\/wp-content\/data\/filiere-mp\/annales-de-la-banque-mp\/session-2004\/sujet-2004-ecrit-mp_mathematiques_lyon_paris.pdf\">Sujet de math\u00e9matiques Lyon-Paris<\/a><\/p>\n<p><a href=\"\/cms\/wp-content\/data\/filiere-mp\/annales-de-la-banque-mp\/session-2004\/sujet-2004-ecrit-mp_mathematiques_cachan_lyon.pdf\">Sujet de math\u00e9matiques Cachan-Lyon<\/a><\/p>\n<p><a href=\"\/cms\/wp-content\/data\/filiere-mp\/annales-de-la-banque-mp\/session-2004\/sujet-2004-ecrit-mp_physique_cachan_lyon.pdf\">Sujet de physique Cachan-Lyon<\/a><\/p>\n<p><a href=\"\/cms\/wp-content\/data\/filiere-mp\/annales-de-la-banque-mp\/session-2004\/sujet-2004-ecrit-mp_physique_paris.pdf\">Sujet de physique Paris<\/a><\/p>\n","protected":false},"excerpt":{"rendered":"<p>Sujets des \u00e9preuves \u00e9crites de la banque M\/MP\/MPI, pour la session 2004. &nbsp; Sujet de fran\u00e7ais Sujet de langue \u00e9trang\u00e8re 2 Sujet de langue vivante 1 Sujet d&rsquo;informatique Sujet de math\u00e9matiques Cachan-Paris Sujet de math\u00e9matiques Lyon-Paris Sujet de math\u00e9matiques Cachan-Lyon <a href=\"https:\/\/banques-ecoles.fr\/cms\/filiere-mp\/annales-de-la-banque-mmpmpi\/session-2004\/\">[Lire la suite]<\/a><\/p>\n","protected":false},"author":1,"featured_media":0,"parent":728,"menu_order":8,"comment_status":"closed","ping_status":"open","template":"","meta":{"footnotes":""},"class_list":["post-821","page","type-page","status-publish","hentry"],"_links":{"self":[{"href":"https:\/\/banques-ecoles.fr\/cms\/wp-json\/wp\/v2\/pages\/821","targetHints":{"allow":["GET"]}}],"collection":[{"href":"https:\/\/banques-ecoles.fr\/cms\/wp-json\/wp\/v2\/pages"}],"about":[{"href":"https:\/\/banques-ecoles.fr\/cms\/wp-json\/wp\/v2\/types\/page"}],"author":[{"embeddable":true,"href":"https:\/\/banques-ecoles.fr\/cms\/wp-json\/wp\/v2\/users\/1"}],"replies":[{"embeddable":true,"href":"https:\/\/banques-ecoles.fr\/cms\/wp-json\/wp\/v2\/comments?post=821"}],"version-history":[{"count":3,"href":"https:\/\/banques-ecoles.fr\/cms\/wp-json\/wp\/v2\/pages\/821\/revisions"}],"predecessor-version":[{"id":2125,"href":"https:\/\/banques-ecoles.fr\/cms\/wp-json\/wp\/v2\/pages\/821\/revisions\/2125"}],"up":[{"embeddable":true,"href":"https:\/\/banques-ecoles.fr\/cms\/wp-json\/wp\/v2\/pages\/728"}],"wp:attachment":[{"href":"https:\/\/banques-ecoles.fr\/cms\/wp-json\/wp\/v2\/media?parent=821"}],"curies":[{"name":"wp","href":"https:\/\/api.w.org\/{rel}","templated":true}]}}