{"id":84,"date":"2012-11-29T14:08:56","date_gmt":"2012-11-29T13:08:56","guid":{"rendered":"http:\/\/127.0.0.1\/wordpress342\/?page_id=84"},"modified":"2014-10-14T17:51:42","modified_gmt":"2014-10-14T15:51:42","slug":"informations-generales","status":"publish","type":"page","link":"https:\/\/banques-ecoles.fr\/cms\/informations-generales\/","title":{"rendered":"Informations g\u00e9n\u00e9rales"},"content":{"rendered":"<p>Informations, relatives aux concours d&rsquo;admission, communes aux diff\u00e9rentes fili\u00e8res.<\/p>\n<p>&nbsp;<\/p>\n<ul>\n<li><a title=\"Dispositions communes aux concours d\u2019admission en premi\u00e8re ann\u00e9e dans les \u00c9coles normales sup\u00e9rieures\" href=\"http:\/\/banques-ecoles.fr\/cms\/informations-generales\/dispositions-communes-aux-concours-dadmission-en-premiere-annee-dans-les-ecoles-normales-superieures\/\">Dispositions communes aux concours d&rsquo;admission en premi\u00e8re ann\u00e9e dans les \u00c9coles normales sup\u00e9rieures<\/a><\/li>\n<\/ul>\n<ul>\n<li><a title=\"Modalit\u00e9s d\u2019inscription\" href=\"http:\/\/banques-ecoles.fr\/cms\/informations-generales\/modalites-dinscription\/\">Modalit\u00e9s d&rsquo;inscription aux concours des fili\u00e8res BCPST, MP et PC<\/a><\/li>\n<\/ul>\n","protected":false},"excerpt":{"rendered":"<p>Informations, relatives aux concours d&rsquo;admission, communes aux diff\u00e9rentes fili\u00e8res. &nbsp; Dispositions communes aux concours d&rsquo;admission en premi\u00e8re ann\u00e9e dans les \u00c9coles normales sup\u00e9rieures Modalit\u00e9s d&rsquo;inscription aux concours des fili\u00e8res BCPST, MP et PC<\/p>\n","protected":false},"author":1,"featured_media":0,"parent":0,"menu_order":9,"comment_status":"closed","ping_status":"closed","template":"","meta":{"footnotes":""},"class_list":["post-84","page","type-page","status-publish","hentry"],"_links":{"self":[{"href":"https:\/\/banques-ecoles.fr\/cms\/wp-json\/wp\/v2\/pages\/84","targetHints":{"allow":["GET"]}}],"collection":[{"href":"https:\/\/banques-ecoles.fr\/cms\/wp-json\/wp\/v2\/pages"}],"about":[{"href":"https:\/\/banques-ecoles.fr\/cms\/wp-json\/wp\/v2\/types\/page"}],"author":[{"embeddable":true,"href":"https:\/\/banques-ecoles.fr\/cms\/wp-json\/wp\/v2\/users\/1"}],"replies":[{"embeddable":true,"href":"https:\/\/banques-ecoles.fr\/cms\/wp-json\/wp\/v2\/comments?post=84"}],"version-history":[{"count":8,"href":"https:\/\/banques-ecoles.fr\/cms\/wp-json\/wp\/v2\/pages\/84\/revisions"}],"predecessor-version":[{"id":3465,"href":"https:\/\/banques-ecoles.fr\/cms\/wp-json\/wp\/v2\/pages\/84\/revisions\/3465"}],"wp:attachment":[{"href":"https:\/\/banques-ecoles.fr\/cms\/wp-json\/wp\/v2\/media?parent=84"}],"curies":[{"name":"wp","href":"https:\/\/api.w.org\/{rel}","templated":true}]}}