{"id":8486,"date":"2020-06-23T09:36:11","date_gmt":"2020-06-23T07:36:11","guid":{"rendered":"https:\/\/banques-ecoles.fr\/cms\/?page_id=8486"},"modified":"2020-07-01T09:36:42","modified_gmt":"2020-07-01T07:36:42","slug":"session-2020","status":"publish","type":"page","link":"https:\/\/banques-ecoles.fr\/cms\/filiere-lettres-bel\/session-2020\/","title":{"rendered":"Session 2020"},"content":{"rendered":"\n<p>Sujets des \u00e9preuves \u00e9crites :<\/p>\n<h4>\u00c9preuves communes<\/h4>\n<ul>\n<li><a href=\"https:\/\/banques-ecoles.fr\/cms\/wp-content\/uploads\/2020\/06\/Composition-dhistoire.pdf\">Composition d&rsquo;histoire<\/a><\/li>\n<li><a href=\"https:\/\/banques-ecoles.fr\/cms\/wp-content\/uploads\/2020\/06\/Composition-fran\u00e7aise.pdf\">Composition fran\u00e7aise<\/a><\/li>\n<li><a href=\"https:\/\/banques-ecoles.fr\/cms\/wp-content\/uploads\/2020\/06\/Composition-de-philosophie-tronc-commun.pdf\">Composition de philosophie<\/a><\/li>\n<li><a href=\"https:\/\/banques-ecoles.fr\/cms\/wp-content\/uploads\/2020\/06\/Comm-et-trad-en-LVE.pdf\">Comm et trad en LVE<\/a><\/li>\n<li><a href=\"https:\/\/banques-ecoles.fr\/cms\/wp-content\/uploads\/2020\/06\/Epreuves-dart.pdf\">Epreuves d&rsquo;art<\/a><\/li>\n<\/ul>\n<h4>\u00c9preuves sp\u00e9cifiques ENS de Lyon<\/h4>\n<ul>\n<li><a href=\"https:\/\/banques-ecoles.fr\/cms\/wp-content\/uploads\/2020\/06\/Composition-de-g\u00e9ographie-tronc-commun.pdf\">Composition de g\u00e9ographie tronc commun<\/a><\/li>\n<li><a href=\"https:\/\/banques-ecoles.fr\/cms\/wp-content\/uploads\/2020\/06\/Epreuves-de-sp\u00e9cialit\u00e9-Lyon.pdf\">Epreuves de sp\u00e9cialit\u00e9 Lyon<\/a><\/li>\n<li><a href=\"https:\/\/banques-ecoles.fr\/cms\/wp-content\/uploads\/2020\/06\/Version-grecque.pdf\">Epreuve de sp\u00e9cialit\u00e9 version grecque<\/a><\/li>\n<li><a href=\"https:\/\/banques-ecoles.fr\/cms\/wp-content\/uploads\/2020\/06\/Sp\u00e9cialit\u00e9-g\u00e9ographie.pdf\">Commentaire de carte de g\u00e9ographie<\/a><br \/>\n<ul>\n<li><a href=\"https:\/\/banques-ecoles.fr\/cms\/wp-content\/uploads\/2020\/07\/DocPrincipal.pdf\">Document principal<\/a><\/li>\n<\/ul>\n<\/li>\n<\/ul>\n<h4>\u00c9preuves sp\u00e9cifiques ENS de Paris<\/h4>\n<ul>\n<li>langue et culture anciennes\n<ul>\n<li>traduction et commentaire d\u2019un texte latin<\/li>\n<li>traduction et commentaire d\u2019un texte grec<\/li>\n<li>version latine<\/li>\n<li>version grecque<\/li>\n<\/ul>\n<\/li>\n<li>\u00e9preuve \u00e0 option\n<ul>\n<li>version latine et court th\u00e8me<\/li>\n<li>commentaire d\u2019un texte philosophique<\/li>\n<li>commentaire d\u2019un texte litt\u00e9raire fran\u00e7ais<\/li>\n<li>composition de g\u00e9ographie<\/li>\n<li>commentaire compos\u00e9 et court th\u00e8me\n<ul>\n<li>allemand<\/li>\n<li>anglais<\/li>\n<li>espagnol<\/li>\n<li>italien<\/li>\n<li>russe<\/li>\n<\/ul>\n<\/li>\n<li>version et th\u00e8me\n<ul>\n<li>allemand<\/li>\n<li>anglais<\/li>\n<li>chinois<\/li>\n<li>espagnol<\/li>\n<li>h\u00e9breu<\/li>\n<li>italien<\/li>\n<li>russe<\/li>\n<\/ul>\n<\/li>\n<\/ul>\n<\/li>\n<\/ul>\n","protected":false},"excerpt":{"rendered":"<p>Sujets des \u00e9preuves \u00e9crites : \u00c9preuves communes Composition d&rsquo;histoire Composition fran\u00e7aise Composition de philosophie Comm et trad en LVE Epreuves d&rsquo;art \u00c9preuves sp\u00e9cifiques ENS de Lyon Composition de g\u00e9ographie tronc commun Epreuves de sp\u00e9cialit\u00e9 Lyon Epreuve de sp\u00e9cialit\u00e9 version grecque <a href=\"https:\/\/banques-ecoles.fr\/cms\/filiere-lettres-bel\/session-2020\/\">[Lire la suite]<\/a><\/p>\n","protected":false},"author":1,"featured_media":0,"parent":78,"menu_order":0,"comment_status":"closed","ping_status":"closed","template":"","meta":{"footnotes":""},"class_list":["post-8486","page","type-page","status-publish","hentry"],"_links":{"self":[{"href":"https:\/\/banques-ecoles.fr\/cms\/wp-json\/wp\/v2\/pages\/8486","targetHints":{"allow":["GET"]}}],"collection":[{"href":"https:\/\/banques-ecoles.fr\/cms\/wp-json\/wp\/v2\/pages"}],"about":[{"href":"https:\/\/banques-ecoles.fr\/cms\/wp-json\/wp\/v2\/types\/page"}],"author":[{"embeddable":true,"href":"https:\/\/banques-ecoles.fr\/cms\/wp-json\/wp\/v2\/users\/1"}],"replies":[{"embeddable":true,"href":"https:\/\/banques-ecoles.fr\/cms\/wp-json\/wp\/v2\/comments?post=8486"}],"version-history":[{"count":13,"href":"https:\/\/banques-ecoles.fr\/cms\/wp-json\/wp\/v2\/pages\/8486\/revisions"}],"predecessor-version":[{"id":9058,"href":"https:\/\/banques-ecoles.fr\/cms\/wp-json\/wp\/v2\/pages\/8486\/revisions\/9058"}],"up":[{"embeddable":true,"href":"https:\/\/banques-ecoles.fr\/cms\/wp-json\/wp\/v2\/pages\/78"}],"wp:attachment":[{"href":"https:\/\/banques-ecoles.fr\/cms\/wp-json\/wp\/v2\/media?parent=8486"}],"curies":[{"name":"wp","href":"https:\/\/api.w.org\/{rel}","templated":true}]}}