{"id":850,"date":"2013-02-26T09:51:06","date_gmt":"2013-02-26T08:51:06","guid":{"rendered":"http:\/\/banques-ecoles-dev.fr\/cms\/?page_id=850"},"modified":"2013-06-21T15:05:08","modified_gmt":"2013-06-21T14:05:08","slug":"session-2012","status":"publish","type":"page","link":"https:\/\/banques-ecoles.fr\/cms\/filiere-mp\/rapports-des-jurys-de-la-banque-i\/session-2012\/","title":{"rendered":"Session 2012"},"content":{"rendered":"<p>Rapports de jury des \u00e9preuves des concours Info 2012.<\/p>\n<p>&nbsp;<\/p>\n<p><a href=\"\/cms\/wp-content\/uploads\/2013\/04\/12_mp_rap_ecrit_math_a_xlc.pdf\">Rapport de l&rsquo;\u00e9preuve \u00e9crite de math\u00e9matiques A &#8211; XLC<\/a><\/p>\n<p><a href=\"\/cms\/wp-content\/uploads\/2013\/04\/12_mp_rap_ecrit_math_b_x.pdf\">Rapport de l&rsquo;\u00e9preuve \u00e9crite de math\u00e9matiques B &#8211; X<\/a><\/p>\n<p><a href=\"\/cms\/wp-content\/data\/filiere-mp\/rapports-des-jurys-de-la-banque-mp\/session-2012\/rap_ecrit_mathC_ulc_mpi2012.pdf\">Rapport de l&rsquo;\u00e9preuve \u00e9crite de math\u00e9matiques C &#8211; ULC<\/a><\/p>\n<p><a href=\"\/cms\/wp-content\/data\/filiere-mp\/rapports-des-jurys-de-la-banque-mp\/session-2012\/rap_ecrit_mathD_u_mpi2012.pdf\">Rapport de l&rsquo;\u00e9preuve \u00e9crite de Math\u00e9matiques D &#8211; U<\/a><\/p>\n<p><a href=\"\/cms\/wp-content\/data\/filiere-mp\/rapports-des-jurys-de-la-banque-mp\/session-2012\/rap_mp2012_e_phy.pdf\">Rapport de l&rsquo;\u00e9preuve \u00e9crite de physique &#8211; XULC<\/a><\/p>\n<p><a href=\"\/cms\/wp-content\/uploads\/2013\/04\/12_mp_rap_ecrit_info_4h_xulc.pdf\">Rapport de l&rsquo;\u00e9preuve \u00e9crite d&rsquo;informatique 4h &#8211; XULC<\/a><\/p>\n<p><a href=\"\/cms\/wp-content\/uploads\/2013\/04\/12_mp_rap_ecrit_info_2h_xc.pdf\">Rapport de l&rsquo;\u00e9preuve \u00e9crite d&rsquo;informatique 2h &#8211; XC<\/a><\/p>\n<p><a href=\"\/cms\/wp-content\/uploads\/2013\/04\/12_mp_rap_ecrit_psi_x.pdf\">Rapport de l&rsquo;\u00e9preuve \u00e9crite PSI &#8211; X<\/a><\/p>\n<p>&nbsp;<\/p>\n<p><a href=\"\/cms\/wp-content\/data\/filiere-mp\/rapports-des-jurys-de-la-banque-mp\/session-2012\/rap_oral_maths_u_ulc_mpi2012.pdf\">Rapport de l&rsquo;\u00e9preuve orale de math\u00e9matiques &#8211; ULC<\/a><\/p>\n<p><a href=\"\/cms\/wp-content\/data\/filiere-mp\/rapports-des-jurys-de-la-banque-mp\/session-2012\/Copie%20de%20rap_oral_maths_u_ulc_mpi2012.pdf\">Rapport de l&rsquo;\u00e9preuve orale de math\u00e9matiques &#8211; U<\/a><\/p>\n<p><a href=\"\/cms\/wp-content\/data\/filiere-mp\/rapports-des-jurys-de-la-banque-mp\/session-2012\/rap_oral_maths_c_mpi2012.pdf\">Rapport de l&rsquo;\u00e9preuve orale de math\u00e9matiques &#8211; C<\/a><\/p>\n<p><a href=\"\/cms\/wp-content\/data\/filiere-mp\/rapports-des-jurys-de-la-banque-mp\/session-2012\/rap_oral_info_ulc_mpi2012.pdf\">Rapport de l&rsquo;\u00e9preuve orale d&rsquo;informatique fondamentale &#8211; ULC<\/a><\/p>\n<p><a href=\"\/cms\/wp-content\/data\/filiere-mp\/rapports-des-jurys-de-la-banque-i\/session-2012\/rap_info2012_tpalgo.pdf\">Rapport du TP d&rsquo;algorithmique et programmation &#8211; ULC<\/a><\/p>\n<p><a href=\"https:\/\/banques-ecoles.fr\/cms\/wp-content\/uploads\/2013\/06\/12_rap_tipe_info_ulc_mpi.pdf\">Rapport de l&rsquo;\u00e9preuve de TIPE &#8211; informatique &#8211; ULC<\/a><\/p>\n<p><a href=\"\/cms\/wp-content\/data\/filiere-mp\/rapports-des-jurys-de-la-banque-mp\/session-2012\/rap_tipe_maths_ulc_mpi2012.pdf\">Rapport de l&rsquo;\u00e9preuve de TIPE &#8211; math\u00e9matiques &#8211; ULC <\/a><\/p>\n<p><a href=\"\/cms\/wp-content\/data\/filiere-mp\/rapports-des-jurys-de-la-banque-mp\/session-2012\/rap_mp2012_o_tipe_phy.pdf\">Rapport de l&rsquo;\u00e9preuve de TIPE &#8211; Physique &#8211; ULC<\/a><\/p>\n<p><a href=\"\/cms\/wp-content\/data\/filiere-mp\/rapports-des-jurys-de-la-banque-mp\/session-2012\/rap_mppc2012_oral_lv_all.pdf\">Rapport de l&rsquo;\u00e9preuve orale de LV : allemand &#8211; ULC<\/a><\/p>\n<p><a href=\"\/cms\/wp-content\/data\/filiere-mp\/rapports-des-jurys-de-la-banque-mp\/session-2012\/rap_mppc2012_oral_lv_esp.pdf\">Rapport de l&rsquo;\u00e9preuve orale de LV : espagnol &#8211; ULC<\/a><\/p>\n","protected":false},"excerpt":{"rendered":"<p>Rapports de jury des \u00e9preuves des concours Info 2012. &nbsp; Rapport de l&rsquo;\u00e9preuve \u00e9crite de math\u00e9matiques A &#8211; XLC Rapport de l&rsquo;\u00e9preuve \u00e9crite de math\u00e9matiques B &#8211; X Rapport de l&rsquo;\u00e9preuve \u00e9crite de math\u00e9matiques C &#8211; ULC Rapport de l&rsquo;\u00e9preuve <a href=\"https:\/\/banques-ecoles.fr\/cms\/filiere-mp\/rapports-des-jurys-de-la-banque-i\/session-2012\/\">[Lire la suite]<\/a><\/p>\n","protected":false},"author":1,"featured_media":0,"parent":729,"menu_order":0,"comment_status":"closed","ping_status":"open","template":"","meta":{"footnotes":""},"class_list":["post-850","page","type-page","status-publish","hentry"],"_links":{"self":[{"href":"https:\/\/banques-ecoles.fr\/cms\/wp-json\/wp\/v2\/pages\/850","targetHints":{"allow":["GET"]}}],"collection":[{"href":"https:\/\/banques-ecoles.fr\/cms\/wp-json\/wp\/v2\/pages"}],"about":[{"href":"https:\/\/banques-ecoles.fr\/cms\/wp-json\/wp\/v2\/types\/page"}],"author":[{"embeddable":true,"href":"https:\/\/banques-ecoles.fr\/cms\/wp-json\/wp\/v2\/users\/1"}],"replies":[{"embeddable":true,"href":"https:\/\/banques-ecoles.fr\/cms\/wp-json\/wp\/v2\/comments?post=850"}],"version-history":[{"count":6,"href":"https:\/\/banques-ecoles.fr\/cms\/wp-json\/wp\/v2\/pages\/850\/revisions"}],"predecessor-version":[{"id":2478,"href":"https:\/\/banques-ecoles.fr\/cms\/wp-json\/wp\/v2\/pages\/850\/revisions\/2478"}],"up":[{"embeddable":true,"href":"https:\/\/banques-ecoles.fr\/cms\/wp-json\/wp\/v2\/pages\/729"}],"wp:attachment":[{"href":"https:\/\/banques-ecoles.fr\/cms\/wp-json\/wp\/v2\/media?parent=850"}],"curies":[{"name":"wp","href":"https:\/\/api.w.org\/{rel}","templated":true}]}}