{"id":852,"date":"2013-02-26T09:51:15","date_gmt":"2013-02-26T08:51:15","guid":{"rendered":"http:\/\/banques-ecoles-dev.fr\/cms\/?page_id=852"},"modified":"2013-04-21T14:31:13","modified_gmt":"2013-04-21T13:31:13","slug":"session-2010","status":"publish","type":"page","link":"https:\/\/banques-ecoles.fr\/cms\/filiere-mp\/rapports-des-jurys-de-la-banque-i\/session-2010\/","title":{"rendered":"Session 2010"},"content":{"rendered":"<p>Rapports de jury des \u00e9preuves scientifiques et litt\u00e9raires de la session 2010.<\/p>\n<p>&nbsp;<\/p>\n<p><a href=\"\/cms\/wp-content\/data\/filiere-mp\/rapports-des-jurys-de-la-banque-i\/session-2010\/RapportMPI2.pdf\">Rapport de l&rsquo;\u00e9crit de math\u00e9matiques MPI2<\/a><\/p>\n<p><a href=\"\/cms\/wp-content\/data\/filiere-mp\/rapports-des-jurys-de-la-banque-i\/session-2010\/Rapport_math-info.pdf\">Rapport et corrig\u00e9 de l&rsquo;\u00e9preuve \u00e9crite de maths-info<\/a><\/p>\n<p><a href=\"\/cms\/wp-content\/data\/filiere-mp\/rapports-des-jurys-de-la-banque-i\/session-2010\/rapport-de-lepreuve-ecrite-dinformatique.url\">Rapport de l&rsquo;\u00e9preuve \u00e9crite d&rsquo;informatique<\/a><\/p>\n<p><a href=\"\/cms\/wp-content\/data\/filiere-mp\/rapports-des-jurys-de-la-banque-i\/session-2010\/rapport-de-lepreuve-orale-dinformatique.url\">Rapport de l&rsquo;\u00e9preuve orale d&rsquo;informatique fondamentale<\/a><\/p>\n<p><a href=\"\/cms\/wp-content\/data\/filiere-mp\/rapports-des-jurys-de-la-banque-i\/session-2010\/rapport-TIPE-MPInfo-2010.pdf\">Rapport de l&rsquo;\u00e9preuve de TIPE &#8211; Informatique<\/a><\/p>\n<p><a href=\"\/cms\/wp-content\/data\/filiere-mp\/rapports-des-jurys-de-la-banque-i\/session-2010\/LV1%20MPPC.pdf\">Rapport de l&rsquo;\u00e9crit d&rsquo;Italien LV1<\/a><\/p>\n<p><a href=\"\/cms\/wp-content\/data\/filiere-mp\/rapports-des-jurys-de-la-banque-i\/session-2010\/MP%20oral%20LV%20allemand.pdf\">Epreuve orale d&rsquo;allemand<\/a><\/p>\n<p><a href=\"\/cms\/wp-content\/data\/filiere-mp\/rapports-des-jurys-de-la-banque-i\/session-2010\/MP%20oral%20espagnol.pdf\">Epreuve orale d&rsquo;espagnol<\/a><\/p>\n<p><a href=\"\/cms\/wp-content\/data\/filiere-mp\/rapports-des-jurys-de-la-banque-i\/session-2010\/MP-PC_Oral%20italien.pdf\">Epreuve orale d&rsquo;italien<\/a><\/p>\n<p><a href=\"\/cms\/wp-content\/data\/filiere-mp\/rapports-des-jurys-de-la-banque-i\/session-2010\/rapport-de-lepreuve-de-francais.url\">Rapport de l&rsquo;\u00e9preuve de fran\u00e7ais<\/a><\/p>\n","protected":false},"excerpt":{"rendered":"<p>Rapports de jury des \u00e9preuves scientifiques et litt\u00e9raires de la session 2010. &nbsp; Rapport de l&rsquo;\u00e9crit de math\u00e9matiques MPI2 Rapport et corrig\u00e9 de l&rsquo;\u00e9preuve \u00e9crite de maths-info Rapport de l&rsquo;\u00e9preuve \u00e9crite d&rsquo;informatique Rapport de l&rsquo;\u00e9preuve orale d&rsquo;informatique fondamentale Rapport de <a href=\"https:\/\/banques-ecoles.fr\/cms\/filiere-mp\/rapports-des-jurys-de-la-banque-i\/session-2010\/\">[Lire la suite]<\/a><\/p>\n","protected":false},"author":1,"featured_media":0,"parent":729,"menu_order":2,"comment_status":"closed","ping_status":"open","template":"","meta":{"footnotes":""},"class_list":["post-852","page","type-page","status-publish","hentry"],"_links":{"self":[{"href":"https:\/\/banques-ecoles.fr\/cms\/wp-json\/wp\/v2\/pages\/852","targetHints":{"allow":["GET"]}}],"collection":[{"href":"https:\/\/banques-ecoles.fr\/cms\/wp-json\/wp\/v2\/pages"}],"about":[{"href":"https:\/\/banques-ecoles.fr\/cms\/wp-json\/wp\/v2\/types\/page"}],"author":[{"embeddable":true,"href":"https:\/\/banques-ecoles.fr\/cms\/wp-json\/wp\/v2\/users\/1"}],"replies":[{"embeddable":true,"href":"https:\/\/banques-ecoles.fr\/cms\/wp-json\/wp\/v2\/comments?post=852"}],"version-history":[{"count":3,"href":"https:\/\/banques-ecoles.fr\/cms\/wp-json\/wp\/v2\/pages\/852\/revisions"}],"predecessor-version":[{"id":2111,"href":"https:\/\/banques-ecoles.fr\/cms\/wp-json\/wp\/v2\/pages\/852\/revisions\/2111"}],"up":[{"embeddable":true,"href":"https:\/\/banques-ecoles.fr\/cms\/wp-json\/wp\/v2\/pages\/729"}],"wp:attachment":[{"href":"https:\/\/banques-ecoles.fr\/cms\/wp-json\/wp\/v2\/media?parent=852"}],"curies":[{"name":"wp","href":"https:\/\/api.w.org\/{rel}","templated":true}]}}