{"id":853,"date":"2013-02-26T09:51:20","date_gmt":"2013-02-26T08:51:20","guid":{"rendered":"http:\/\/banques-ecoles-dev.fr\/cms\/?page_id=853"},"modified":"2013-04-21T14:30:49","modified_gmt":"2013-04-21T13:30:49","slug":"session-2009","status":"publish","type":"page","link":"https:\/\/banques-ecoles.fr\/cms\/filiere-mp\/rapports-des-jurys-de-la-banque-i\/session-2009\/","title":{"rendered":"Session 2009"},"content":{"rendered":"<p>Rapports de jury des \u00e9preuves scientifiques et litt\u00e9raires de la session 2009.<\/p>\n<p>&nbsp;<\/p>\n<p><a href=\"\/cms\/wp-content\/data\/filiere-mp\/rapports-des-jurys-de-la-banque-i\/session-2009\/rapport-2009-mp_ecrit_langue_vivante_1_anglais.pdf\">Rapport de l&rsquo;\u00e9crit de langue vivante 1 &#8211; anglais<\/a><\/p>\n<p><a href=\"\/cms\/wp-content\/data\/filiere-mp\/rapports-des-jurys-de-la-banque-i\/session-2009\/rapport-2009-mp_oral_langue_vivante_1_anglais.pdf\">Rapport de l&rsquo;oral de langue vivante 1 &#8211; anglais<\/a><\/p>\n<p><a href=\"\/cms\/wp-content\/data\/filiere-mp\/rapports-des-jurys-de-la-banque-i\/session-2009\/rapport-2009-mp_ecrit_informatique.pdf\">Rapport de l&rsquo;\u00e9crit d&rsquo;informatique<\/a><\/p>\n<p><a href=\"\/cms\/wp-content\/data\/filiere-mp\/rapports-des-jurys-de-la-banque-i\/session-2009\/rapport-2009-i_ecrit_mathematique_informatique.pdf\">Rapport de l&rsquo;\u00e9crit de math\u00e9matiques-informatique<\/a><\/p>\n<p><a href=\"\/cms\/wp-content\/data\/filiere-mp\/rapports-des-jurys-de-la-banque-i\/session-2009\/rapport-2009-mp_oral_informatique_fondamentale.pdf\">Rapport de l&rsquo;oral d&rsquo;informatique fondamentale<\/a><\/p>\n<p><a href=\"\/cms\/wp-content\/data\/filiere-mp\/rapports-des-jurys-de-la-banque-i\/session-2009\/rapport-2009-i_tp_algorithmique_programmation.pdf\">Rapport des travaux pratiques d&rsquo;algorithmique et programmation<\/a><\/p>\n<p><a href=\"\/cms\/wp-content\/data\/filiere-mp\/rapports-des-jurys-de-la-banque-i\/session-2009\/rapport-2009-mp_ecrit_mathematique_2.pdf\">Rapport de l&rsquo;\u00e9crit de math\u00e9matiques<\/a><\/p>\n<p><a href=\"\/cms\/wp-content\/data\/filiere-mp\/rapports-des-jurys-de-la-banque-i\/session-2009\/rapport-2009-mp_oraux_mathematiques_cachan_lyon_paris.pdf\">Rapport de l&rsquo;oral de math\u00e9matiques<\/a><\/p>\n<p><a href=\"\/cms\/wp-content\/data\/filiere-mp\/rapports-des-jurys-de-la-banque-i\/session-2009\/rapport-2009-mp_oral_physique.pdf\">Rapport de l&rsquo;oral de physique<\/a><\/p>\n<p><a href=\"\/cms\/wp-content\/data\/filiere-mp\/rapports-des-jurys-de-la-banque-i\/session-2009\/rapport-2009-mp_tipe_physique.pdf\">Rapport des travaux d&rsquo;initiative personnelle encadr\u00e9s de physique<\/a><\/p>\n","protected":false},"excerpt":{"rendered":"<p>Rapports de jury des \u00e9preuves scientifiques et litt\u00e9raires de la session 2009. &nbsp; Rapport de l&rsquo;\u00e9crit de langue vivante 1 &#8211; anglais Rapport de l&rsquo;oral de langue vivante 1 &#8211; anglais Rapport de l&rsquo;\u00e9crit d&rsquo;informatique Rapport de l&rsquo;\u00e9crit de math\u00e9matiques-informatique <a href=\"https:\/\/banques-ecoles.fr\/cms\/filiere-mp\/rapports-des-jurys-de-la-banque-i\/session-2009\/\">[Lire la suite]<\/a><\/p>\n","protected":false},"author":1,"featured_media":0,"parent":729,"menu_order":3,"comment_status":"closed","ping_status":"open","template":"","meta":{"footnotes":""},"class_list":["post-853","page","type-page","status-publish","hentry"],"_links":{"self":[{"href":"https:\/\/banques-ecoles.fr\/cms\/wp-json\/wp\/v2\/pages\/853","targetHints":{"allow":["GET"]}}],"collection":[{"href":"https:\/\/banques-ecoles.fr\/cms\/wp-json\/wp\/v2\/pages"}],"about":[{"href":"https:\/\/banques-ecoles.fr\/cms\/wp-json\/wp\/v2\/types\/page"}],"author":[{"embeddable":true,"href":"https:\/\/banques-ecoles.fr\/cms\/wp-json\/wp\/v2\/users\/1"}],"replies":[{"embeddable":true,"href":"https:\/\/banques-ecoles.fr\/cms\/wp-json\/wp\/v2\/comments?post=853"}],"version-history":[{"count":3,"href":"https:\/\/banques-ecoles.fr\/cms\/wp-json\/wp\/v2\/pages\/853\/revisions"}],"predecessor-version":[{"id":2110,"href":"https:\/\/banques-ecoles.fr\/cms\/wp-json\/wp\/v2\/pages\/853\/revisions\/2110"}],"up":[{"embeddable":true,"href":"https:\/\/banques-ecoles.fr\/cms\/wp-json\/wp\/v2\/pages\/729"}],"wp:attachment":[{"href":"https:\/\/banques-ecoles.fr\/cms\/wp-json\/wp\/v2\/media?parent=853"}],"curies":[{"name":"wp","href":"https:\/\/api.w.org\/{rel}","templated":true}]}}