{"id":8533,"date":"2020-07-24T16:05:50","date_gmt":"2020-07-24T14:05:50","guid":{"rendered":"https:\/\/banques-ecoles.fr\/cms\/?page_id=8533"},"modified":"2020-11-17T02:28:51","modified_gmt":"2020-11-17T00:28:51","slug":"session-2020","status":"publish","type":"page","link":"https:\/\/banques-ecoles.fr\/cms\/filiere-pc\/annales-de-la-banque-pc\/session-2020\/","title":{"rendered":"Session 2020"},"content":{"rendered":"\n<p><strong>Sujets des \u00e9preuves \u00e9crites de la banque PC, session 2020 :<\/strong><\/p>\n<p><a href=\"https:\/\/banques-ecoles.fr\/cms\/wp-content\/uploads\/2020\/11\/2020_PC_sujet_Math.pdf\" target=\"_blank\" rel=\"noopener noreferrer\">\u00c9crit Math &#8211; 4h &#8211; PC XEULC<\/a><\/p>\n<p><a href=\"https:\/\/banques-ecoles.fr\/cms\/wp-content\/uploads\/2020\/11\/2020_PC_sujet_ChiA.pdf\" target=\"_blank\" rel=\"noopener noreferrer\">\u00c9crit Chi A &#8211; 4h &#8211; PC XEULC<\/a><\/p>\n<p><a href=\"https:\/\/banques-ecoles.fr\/cms\/wp-content\/uploads\/2020\/11\/2020_PC_sujet_ChiB.pdf\" target=\"_blank\" rel=\"noopener noreferrer\">\u00c9crit Chi B &#8211; 6h &#8211; PC U<\/a><\/p>\n<p><a href=\"https:\/\/banques-ecoles.fr\/cms\/wp-content\/uploads\/2020\/11\/2020_PC_sujet_PhyA.pdf\" target=\"_blank\" rel=\"noopener noreferrer\">\u00c9crit Phy A &#8211; 4h &#8211; PC XE<\/a><\/p>\n<p><a href=\"https:\/\/banques-ecoles.fr\/cms\/wp-content\/uploads\/2020\/07\/20_pc_ephy_b.pdf\" target=\"_blank\" rel=\"noopener noreferrer\">\u00c9crit Phy B &#8211; 4h &#8211; PC XEULC<\/a><\/p>\n<p><a href=\"https:\/\/banques-ecoles.fr\/cms\/wp-content\/uploads\/2020\/11\/2020_PC_sujet_PhyC.pdf\" target=\"_blank\" rel=\"noopener noreferrer\">\u00c9crit Phy C &#8211; 6h &#8211; PC U<\/a><\/p>\n<p><a href=\"https:\/\/banques-ecoles.fr\/cms\/wp-content\/uploads\/2020\/07\/20_pc_ephychi.pdf\" target=\"_blank\" rel=\"noopener noreferrer\">\u00c9crit PhyChi &#8211; 5h &#8211; PC L<\/a><\/p>\n<p>\u00c9crit Info B &#8211; 2h &#8211; MP-PC XELCR (supprim\u00e9 pour la session 2020)<\/p>\n<p><a href=\"https:\/\/banques-ecoles.fr\/cms\/wp-content\/uploads\/2020\/11\/2020_MPPC_sujet_Fr.pdf\" target=\"_blank\" rel=\"noopener noreferrer\">\u00c9crit de fran\u00e7ais &#8211; 4h &#8211; MP-PC XEULCR<\/a><\/p>\n<p>\u00a0<\/p>\n<p><em>\u00c9crit de langue vivante &#8211; 4h &#8211; MP-PC XEULCR :<\/em><\/p>\n<ul>\n<li><a href=\"https:\/\/banques-ecoles.fr\/cms\/wp-content\/uploads\/2020\/11\/2020_MPPC_sujet_All.pdf\" target=\"_blank\" rel=\"noopener noreferrer\">allemand<\/a><\/li>\n<li><a href=\"https:\/\/banques-ecoles.fr\/cms\/wp-content\/uploads\/2020\/11\/2020_MPPC_sujet_Ang.pdf\" target=\"_blank\" rel=\"noopener noreferrer\">anglais<\/a><\/li>\n<li><a href=\"https:\/\/banques-ecoles.fr\/cms\/wp-content\/uploads\/2020\/11\/2020_MPPC_sujet_Arabe.pdf\" target=\"_blank\" rel=\"noopener noreferrer\">arabe<\/a><\/li>\n<li><a href=\"https:\/\/banques-ecoles.fr\/cms\/wp-content\/uploads\/2020\/11\/2020_MPPC_sujet_Esp.pdf\" target=\"_blank\" rel=\"noopener noreferrer\">espagnol<\/a><\/li>\n<\/ul>\n","protected":false},"excerpt":{"rendered":"<p>Sujets des \u00e9preuves \u00e9crites de la banque PC, session 2020 : \u00c9crit Math &#8211; 4h &#8211; PC XEULC \u00c9crit Chi A &#8211; 4h &#8211; PC XEULC \u00c9crit Chi B &#8211; 6h &#8211; PC U \u00c9crit Phy A &#8211; 4h &#8211; <a href=\"https:\/\/banques-ecoles.fr\/cms\/filiere-pc\/annales-de-la-banque-pc\/session-2020\/\">[Lire la suite]<\/a><\/p>\n","protected":false},"author":5,"featured_media":0,"parent":968,"menu_order":0,"comment_status":"closed","ping_status":"closed","template":"","meta":{"footnotes":""},"class_list":["post-8533","page","type-page","status-publish","hentry"],"_links":{"self":[{"href":"https:\/\/banques-ecoles.fr\/cms\/wp-json\/wp\/v2\/pages\/8533","targetHints":{"allow":["GET"]}}],"collection":[{"href":"https:\/\/banques-ecoles.fr\/cms\/wp-json\/wp\/v2\/pages"}],"about":[{"href":"https:\/\/banques-ecoles.fr\/cms\/wp-json\/wp\/v2\/types\/page"}],"author":[{"embeddable":true,"href":"https:\/\/banques-ecoles.fr\/cms\/wp-json\/wp\/v2\/users\/5"}],"replies":[{"embeddable":true,"href":"https:\/\/banques-ecoles.fr\/cms\/wp-json\/wp\/v2\/comments?post=8533"}],"version-history":[{"count":19,"href":"https:\/\/banques-ecoles.fr\/cms\/wp-json\/wp\/v2\/pages\/8533\/revisions"}],"predecessor-version":[{"id":9182,"href":"https:\/\/banques-ecoles.fr\/cms\/wp-json\/wp\/v2\/pages\/8533\/revisions\/9182"}],"up":[{"embeddable":true,"href":"https:\/\/banques-ecoles.fr\/cms\/wp-json\/wp\/v2\/pages\/968"}],"wp:attachment":[{"href":"https:\/\/banques-ecoles.fr\/cms\/wp-json\/wp\/v2\/media?parent=8533"}],"curies":[{"name":"wp","href":"https:\/\/api.w.org\/{rel}","templated":true}]}}