{"id":8555,"date":"2020-07-29T22:21:32","date_gmt":"2020-07-29T20:21:32","guid":{"rendered":"https:\/\/banques-ecoles.fr\/cms\/?page_id=8555"},"modified":"2021-02-05T18:04:06","modified_gmt":"2021-02-05T16:04:06","slug":"session-2020","status":"publish","type":"page","link":"https:\/\/banques-ecoles.fr\/cms\/filieres-universitaires-second-concours-scientifique\/rapports-des-jurys-du-second-concours-de-lens-de-lyon\/session-2020\/","title":{"rendered":"Session 2020"},"content":{"rendered":"\n<p>Rapports sur les \u00e9preuves du concours ouvert aux fili\u00e8res universitaires de l\u2019ENS de Lyon \u2013 Session 2020.<\/p>\n<p>\u00a0<\/p>\n<p><a href=\"https:\/\/banques-ecoles.fr\/cms\/wp-content\/uploads\/2021\/02\/20_2CC_rapport-general.pdf\" target=\"_blank\" rel=\"noopener\">Rapport g\u00e9n\u00e9ral<\/a><\/p>\n<p>\u00a0<\/p>\n<p><a href=\"https:\/\/banques-ecoles.fr\/cms\/wp-content\/uploads\/2021\/01\/20_2CC_rap_eBio.pdf\" target=\"_blank\" rel=\"noopener noreferrer\">\u00c9preuve \u00e9crite de biologie-biochimie<\/a><\/p>\n<p><a href=\"https:\/\/banques-ecoles.fr\/cms\/wp-content\/uploads\/2020\/11\/20_2CC_rap_eST.pdf\" target=\"_blank\" rel=\"noopener noreferrer\">\u00c9preuve \u00e9crite de g\u00e9osciences<\/a><\/p>\n<p><a href=\"https:\/\/banques-ecoles.fr\/cms\/wp-content\/uploads\/2020\/11\/20_2CC_rap_eChimie.pdf\" target=\"_blank\" rel=\"noopener noreferrer\">\u00c9preuve \u00e9crite de chimie<\/a><\/p>\n<p><a href=\"https:\/\/banques-ecoles.fr\/cms\/wp-content\/uploads\/2020\/09\/20_2c_rap_ephy.pdf\" target=\"_blank\" rel=\"noopener noreferrer\">\u00c9preuve \u00e9crite de physique<\/a><\/p>\n<p><a href=\"https:\/\/banques-ecoles.fr\/cms\/wp-content\/uploads\/2020\/11\/20_2CC_rap_eMath.pdf\" target=\"_blank\" rel=\"noopener noreferrer\">\u00c9preuve \u00e9crite de math\u00e9matiques<\/a><\/p>\n<p><a href=\"https:\/\/banques-ecoles.fr\/cms\/wp-content\/uploads\/2021\/01\/20_2CC_rap_eInfo.pdf\" target=\"_blank\" rel=\"noopener noreferrer\">\u00c9preuve \u00e9crite d\u2019informatique<\/a><\/p>\n<p>\u00a0<\/p>\n<p><a href=\"https:\/\/banques-ecoles.fr\/cms\/wp-content\/uploads\/2020\/11\/20_2CC_rap_oBio.pdf\" target=\"_blank\" rel=\"noopener noreferrer\">\u00c9preuve orale de biologie-biochimie<\/a><\/p>\n<p><a href=\"https:\/\/banques-ecoles.fr\/cms\/wp-content\/uploads\/2020\/11\/20_2CC_rap_oST.pdf\" target=\"_blank\" rel=\"noopener noreferrer\">\u00c9preuve orale de g\u00e9osciences<\/a><\/p>\n<p><a href=\"https:\/\/banques-ecoles.fr\/cms\/wp-content\/uploads\/2020\/11\/20_2CC_rap_oChimie.pdf\" target=\"_blank\" rel=\"noopener noreferrer\">\u00c9preuve orale de chimie<\/a><\/p>\n<p><a href=\"https:\/\/banques-ecoles.fr\/cms\/wp-content\/uploads\/2020\/07\/20_2c_rap_ophy.pdf\" target=\"_blank\" rel=\"noopener noreferrer\">\u00c9preuve orale de physique<\/a><\/p>\n<p><a href=\"https:\/\/banques-ecoles.fr\/cms\/wp-content\/uploads\/2020\/11\/20_2CC_rap_oMath.pdf\" target=\"_blank\" rel=\"noopener noreferrer\">\u00c9preuve orale de math\u00e9matiques<\/a><\/p>\n<p><a href=\"https:\/\/banques-ecoles.fr\/cms\/wp-content\/uploads\/2020\/11\/20_2CC_rap_oInfo.pdf\" target=\"_blank\" rel=\"noopener noreferrer\">\u00c9preuve orale\u00a0d\u2019informatique<\/a><\/p>\n<p>\u00a0<\/p>\n<p><a href=\"https:\/\/banques-ecoles.fr\/cms\/wp-content\/uploads\/2020\/11\/20_2CC_rap_oLV.pdf\" target=\"_blank\" rel=\"noopener noreferrer\">\u00c9preuve orale de langue vivante<\/a><\/p>\n<p>\u00c9preuve (orale) de projet personnel (\u00e9preuve supprim\u00e9e cette session)<\/p>\n","protected":false},"excerpt":{"rendered":"<p>Rapports sur les \u00e9preuves du concours ouvert aux fili\u00e8res universitaires de l\u2019ENS de Lyon \u2013 Session 2020. \u00a0 Rapport g\u00e9n\u00e9ral \u00a0 \u00c9preuve \u00e9crite de biologie-biochimie \u00c9preuve \u00e9crite de g\u00e9osciences \u00c9preuve \u00e9crite de chimie \u00c9preuve \u00e9crite de physique \u00c9preuve \u00e9crite de <a href=\"https:\/\/banques-ecoles.fr\/cms\/filieres-universitaires-second-concours-scientifique\/rapports-des-jurys-du-second-concours-de-lens-de-lyon\/session-2020\/\">[Lire la suite]<\/a><\/p>\n","protected":false},"author":5,"featured_media":0,"parent":1187,"menu_order":0,"comment_status":"closed","ping_status":"closed","template":"","meta":{"footnotes":""},"class_list":["post-8555","page","type-page","status-publish","hentry"],"_links":{"self":[{"href":"https:\/\/banques-ecoles.fr\/cms\/wp-json\/wp\/v2\/pages\/8555","targetHints":{"allow":["GET"]}}],"collection":[{"href":"https:\/\/banques-ecoles.fr\/cms\/wp-json\/wp\/v2\/pages"}],"about":[{"href":"https:\/\/banques-ecoles.fr\/cms\/wp-json\/wp\/v2\/types\/page"}],"author":[{"embeddable":true,"href":"https:\/\/banques-ecoles.fr\/cms\/wp-json\/wp\/v2\/users\/5"}],"replies":[{"embeddable":true,"href":"https:\/\/banques-ecoles.fr\/cms\/wp-json\/wp\/v2\/comments?post=8555"}],"version-history":[{"count":15,"href":"https:\/\/banques-ecoles.fr\/cms\/wp-json\/wp\/v2\/pages\/8555\/revisions"}],"predecessor-version":[{"id":8997,"href":"https:\/\/banques-ecoles.fr\/cms\/wp-json\/wp\/v2\/pages\/8555\/revisions\/8997"}],"up":[{"embeddable":true,"href":"https:\/\/banques-ecoles.fr\/cms\/wp-json\/wp\/v2\/pages\/1187"}],"wp:attachment":[{"href":"https:\/\/banques-ecoles.fr\/cms\/wp-json\/wp\/v2\/media?parent=8555"}],"curies":[{"name":"wp","href":"https:\/\/api.w.org\/{rel}","templated":true}]}}