{"id":856,"date":"2013-02-26T09:51:34","date_gmt":"2013-02-26T08:51:34","guid":{"rendered":"http:\/\/banques-ecoles-dev.fr\/cms\/?page_id=856"},"modified":"2013-04-21T14:29:34","modified_gmt":"2013-04-21T13:29:34","slug":"session-2006","status":"publish","type":"page","link":"https:\/\/banques-ecoles.fr\/cms\/filiere-mp\/rapports-des-jurys-de-la-banque-i\/session-2006\/","title":{"rendered":"Session 2006"},"content":{"rendered":"<p>Rapports de jury des \u00e9preuves scientifiques et litt\u00e9raires de la session 2006.<\/p>\n<p>&nbsp;<\/p>\n<p><a href=\"\/cms\/wp-content\/data\/filiere-mp\/rapports-des-jurys-de-la-banque-i\/session-2006\/rapport-2006-mp_ecrit_francais.pdf\">Rapport de l&rsquo;\u00e9crit de fran\u00e7ais<\/a><\/p>\n<p><a href=\"\/cms\/wp-content\/data\/filiere-mp\/rapports-des-jurys-de-la-banque-i\/session-2006\/rapport-2006-mp_ecrit_langue_vivante_1_allemand.pdf\">Rapport de l&rsquo;\u00e9crit de langue vivante 1 &#8211; allemand<\/a><\/p>\n<p><a href=\"\/cms\/wp-content\/data\/filiere-mp\/rapports-des-jurys-de-la-banque-i\/session-2006\/rapport-2006-mp_oral_langue_vivante_1_allemand.pdf\">Rapport de l&rsquo;oral de langue vivante 1 &#8211; allemand<\/a><\/p>\n<p><a href=\"\/cms\/wp-content\/data\/filiere-mp\/rapports-des-jurys-de-la-banque-i\/session-2006\/rapport-2006-mp_ecrit_langue_vivante_1_anglais.pdf\">Rapport de l&rsquo;\u00e9crit de langue vivante 1 &#8211; anglais<\/a><\/p>\n<p><a href=\"\/cms\/wp-content\/data\/filiere-mp\/rapports-des-jurys-de-la-banque-i\/session-2006\/rapport-2006-pc_oral_langue_vivante_1_anglais.pdf\">Rapport de l&rsquo;oral de langue vivante 1 &#8211; anglais<\/a><\/p>\n<p><a href=\"\/cms\/wp-content\/data\/filiere-mp\/rapports-des-jurys-de-la-banque-i\/session-2006\/rapport-2006-i_ecrit_mathematiques_informatique.pdf\">Rapport de l&rsquo;\u00e9crit de math\u00e9matiques-informatique<\/a><\/p>\n<p><a href=\"\/cms\/wp-content\/data\/filiere-mp\/rapports-des-jurys-de-la-banque-i\/session-2006\/rapport-2006-mp_oral_informatique_fondamentale.pdf\">Rapport de l&rsquo;oral d&rsquo;informatique fondamentale<\/a><\/p>\n<p><a href=\"\/cms\/wp-content\/data\/filiere-mp\/rapports-des-jurys-de-la-banque-i\/session-2006\/rapport-2006-i_tp_algorithmique_programmation.pdf\">Rapport des travaux pratiques d&rsquo;algorithmique et programmation<\/a><\/p>\n<p><a href=\"\/cms\/wp-content\/data\/filiere-mp\/rapports-des-jurys-de-la-banque-i\/session-2006\/rapport-2006-mp_ecrit_mathematiques_2.pdf\">Rapport de l&rsquo;\u00e9crit de math\u00e9matiques<\/a><\/p>\n<p><a href=\"\/cms\/wp-content\/data\/filiere-mp\/rapports-des-jurys-de-la-banque-i\/session-2006\/rapport-2006-mp_oraux_mathematiques_cachan_lyon_paris.pdf\">Rapport de l&rsquo;oral de math\u00e9matiques<\/a><\/p>\n<p><a href=\"\/cms\/wp-content\/data\/filiere-mp\/rapports-des-jurys-de-la-banque-i\/session-2006\/rapport-2006-mp_tipe_mathematiques.pdf\">Rapport des travaux d&rsquo;initiative personnelle encadr\u00e9s de math\u00e9matiques<\/a><\/p>\n<p><a href=\"\/cms\/wp-content\/data\/filiere-mp\/rapports-des-jurys-de-la-banque-i\/session-2006\/rapport-2006-pc_chimie.pdf\">Rapport de l&rsquo;\u00e9crit de chimie<\/a><\/p>\n<p><a href=\"\/cms\/wp-content\/data\/filiere-mp\/rapports-des-jurys-de-la-banque-i\/session-2006\/rapport-2006-pc_oral_chimie_cacahn_lyon.pdf\">Rapport de l&rsquo;oral de chimie<\/a><\/p>\n<p><a href=\"\/cms\/wp-content\/data\/filiere-mp\/rapports-des-jurys-de-la-banque-i\/session-2006\/rapport-2006-pc_physique_cachan_lyon.pdf\">Rapport de l&rsquo;\u00e9crit de physique<\/a><\/p>\n<p><a href=\"\/cms\/wp-content\/data\/filiere-mp\/rapports-des-jurys-de-la-banque-i\/session-2006\/rapport-2006-pc_tipe_physique_chimie.pdf\">Rapport des travaux d&rsquo;initiative personnelle encadr\u00e9s de physique et de chimie<\/a><\/p>\n","protected":false},"excerpt":{"rendered":"<p>Rapports de jury des \u00e9preuves scientifiques et litt\u00e9raires de la session 2006. &nbsp; Rapport de l&rsquo;\u00e9crit de fran\u00e7ais Rapport de l&rsquo;\u00e9crit de langue vivante 1 &#8211; allemand Rapport de l&rsquo;oral de langue vivante 1 &#8211; allemand Rapport de l&rsquo;\u00e9crit de <a href=\"https:\/\/banques-ecoles.fr\/cms\/filiere-mp\/rapports-des-jurys-de-la-banque-i\/session-2006\/\">[Lire la suite]<\/a><\/p>\n","protected":false},"author":1,"featured_media":0,"parent":729,"menu_order":6,"comment_status":"closed","ping_status":"open","template":"","meta":{"footnotes":""},"class_list":["post-856","page","type-page","status-publish","hentry"],"_links":{"self":[{"href":"https:\/\/banques-ecoles.fr\/cms\/wp-json\/wp\/v2\/pages\/856","targetHints":{"allow":["GET"]}}],"collection":[{"href":"https:\/\/banques-ecoles.fr\/cms\/wp-json\/wp\/v2\/pages"}],"about":[{"href":"https:\/\/banques-ecoles.fr\/cms\/wp-json\/wp\/v2\/types\/page"}],"author":[{"embeddable":true,"href":"https:\/\/banques-ecoles.fr\/cms\/wp-json\/wp\/v2\/users\/1"}],"replies":[{"embeddable":true,"href":"https:\/\/banques-ecoles.fr\/cms\/wp-json\/wp\/v2\/comments?post=856"}],"version-history":[{"count":3,"href":"https:\/\/banques-ecoles.fr\/cms\/wp-json\/wp\/v2\/pages\/856\/revisions"}],"predecessor-version":[{"id":2107,"href":"https:\/\/banques-ecoles.fr\/cms\/wp-json\/wp\/v2\/pages\/856\/revisions\/2107"}],"up":[{"embeddable":true,"href":"https:\/\/banques-ecoles.fr\/cms\/wp-json\/wp\/v2\/pages\/729"}],"wp:attachment":[{"href":"https:\/\/banques-ecoles.fr\/cms\/wp-json\/wp\/v2\/media?parent=856"}],"curies":[{"name":"wp","href":"https:\/\/api.w.org\/{rel}","templated":true}]}}