{"id":8562,"date":"2020-07-29T22:34:48","date_gmt":"2020-07-29T20:34:48","guid":{"rendered":"https:\/\/banques-ecoles.fr\/cms\/?page_id=8562"},"modified":"2021-01-20T21:13:51","modified_gmt":"2021-01-20T19:13:51","slug":"session-2020","status":"publish","type":"page","link":"https:\/\/banques-ecoles.fr\/cms\/filiere-pc\/rapports-des-jurys-de-la-banque-pc\/session-2020\/","title":{"rendered":"Session 2020"},"content":{"rendered":"\n<p><strong>Rapports sur les \u00e9preuves de la banque PC 2020 :<\/strong><\/p>\n<p>\u00a0<\/p>\n<p><a href=\"https:\/\/banques-ecoles.fr\/cms\/wp-content\/uploads\/2020\/11\/20_PC_rap_ePhyA.pdf\" target=\"_blank\" rel=\"noopener noreferrer\">\u00c9preuve \u00e9crite de physique A \u2013 XE<\/a><\/p>\n<p><a href=\"https:\/\/banques-ecoles.fr\/cms\/wp-content\/uploads\/2020\/11\/20_PC_rap_ePhyB.pdf\" target=\"_blank\" rel=\"noopener noreferrer\">\u00c9preuve \u00e9crite de physique B \u2013 XEULC<\/a><\/p>\n<p><a href=\"https:\/\/banques-ecoles.fr\/cms\/wp-content\/uploads\/2020\/11\/20_PC_rap_ePhyC.pdf\" target=\"_blank\" rel=\"noopener noreferrer\">\u00c9preuve \u00e9crite de physique C \u2013 U<\/a><\/p>\n<p><a href=\"https:\/\/banques-ecoles.fr\/cms\/wp-content\/uploads\/2020\/09\/20_pc_rap_ephychi.pdf\" target=\"_blank\" rel=\"noopener noreferrer\">\u00c9preuve \u00e9crite de physique-chimie \u2013 L<\/a><\/p>\n<p><a href=\"https:\/\/banques-ecoles.fr\/cms\/wp-content\/uploads\/2020\/11\/20_PC_rap_eChiA.pdf\" target=\"_blank\" rel=\"noopener noreferrer\">\u00c9preuve \u00e9crite de chimie A \u2013 XEULC<\/a><\/p>\n<p><a href=\"https:\/\/banques-ecoles.fr\/cms\/wp-content\/uploads\/2020\/11\/20_PC_rap_eChiB.pdf\" target=\"_blank\" rel=\"noopener noreferrer\">\u00c9preuve \u00e9crite de chimie B \u2013 U<\/a><\/p>\n<p><a href=\"https:\/\/banques-ecoles.fr\/cms\/wp-content\/uploads\/2020\/11\/20_PC_rap_eMath.pdf\" target=\"_blank\" rel=\"noopener noreferrer\">\u00c9preuve \u00e9crite de math\u00e9matiques \u2013 XEULC<\/a><\/p>\n<p>\u00c9preuve\u00a0\u00e9crite d\u2019info B 2h \u2013 XELC (supprim\u00e9e pour la session 2020)<\/p>\n<p><a href=\"https:\/\/banques-ecoles.fr\/cms\/wp-content\/uploads\/2021\/01\/20_MP_PC_rap_eFr.pdf\" target=\"_blank\" rel=\"noopener noreferrer\">\u00c9preuve\u00a0\u00e9crite de fran\u00e7ais \u2013 4h \u2013 XEULC<\/a><\/p>\n<p>\u00a0<\/p>\n<p><em>\u00c9preuve \u00e9crite\u00a0\u00e9crite de LV \u2013 4h \u2013 XEULC :<\/em><\/p>\n<ul>\n<li><a href=\"https:\/\/banques-ecoles.fr\/cms\/wp-content\/uploads\/2020\/11\/20_MP_PC_rap_eAng-1.pdf\" target=\"_blank\" rel=\"noopener noreferrer\">anglais<\/a><\/li>\n<li><a href=\"https:\/\/banques-ecoles.fr\/cms\/wp-content\/uploads\/2020\/11\/20_MP_PC_rap_eAll-1.pdf\" target=\"_blank\" rel=\"noopener noreferrer\">allemand<\/a><\/li>\n<li><a href=\"https:\/\/banques-ecoles.fr\/cms\/wp-content\/uploads\/2020\/11\/20_MP_PC_rap_eArabe.pdf\" target=\"_blank\" rel=\"noopener noreferrer\">arabe<\/a><\/li>\n<li><a href=\"https:\/\/banques-ecoles.fr\/cms\/wp-content\/uploads\/2020\/11\/20_MP_PC_rap_eEsp-1.pdf\" target=\"_blank\" rel=\"noopener noreferrer\">espagnol<\/a><\/li>\n<\/ul>\n<p>Aucune \u00e9preuve orale pour cette session 2020 (pand\u00e9mie COVID-19)<\/p>\n","protected":false},"excerpt":{"rendered":"<p>Rapports sur les \u00e9preuves de la banque PC 2020 : \u00a0 \u00c9preuve \u00e9crite de physique A \u2013 XE \u00c9preuve \u00e9crite de physique B \u2013 XEULC \u00c9preuve \u00e9crite de physique C \u2013 U \u00c9preuve \u00e9crite de physique-chimie \u2013 L \u00c9preuve \u00e9crite <a href=\"https:\/\/banques-ecoles.fr\/cms\/filiere-pc\/rapports-des-jurys-de-la-banque-pc\/session-2020\/\">[Lire la suite]<\/a><\/p>\n","protected":false},"author":5,"featured_media":0,"parent":969,"menu_order":0,"comment_status":"closed","ping_status":"closed","template":"","meta":{"footnotes":""},"class_list":["post-8562","page","type-page","status-publish","hentry"],"_links":{"self":[{"href":"https:\/\/banques-ecoles.fr\/cms\/wp-json\/wp\/v2\/pages\/8562","targetHints":{"allow":["GET"]}}],"collection":[{"href":"https:\/\/banques-ecoles.fr\/cms\/wp-json\/wp\/v2\/pages"}],"about":[{"href":"https:\/\/banques-ecoles.fr\/cms\/wp-json\/wp\/v2\/types\/page"}],"author":[{"embeddable":true,"href":"https:\/\/banques-ecoles.fr\/cms\/wp-json\/wp\/v2\/users\/5"}],"replies":[{"embeddable":true,"href":"https:\/\/banques-ecoles.fr\/cms\/wp-json\/wp\/v2\/comments?post=8562"}],"version-history":[{"count":19,"href":"https:\/\/banques-ecoles.fr\/cms\/wp-json\/wp\/v2\/pages\/8562\/revisions"}],"predecessor-version":[{"id":9212,"href":"https:\/\/banques-ecoles.fr\/cms\/wp-json\/wp\/v2\/pages\/8562\/revisions\/9212"}],"up":[{"embeddable":true,"href":"https:\/\/banques-ecoles.fr\/cms\/wp-json\/wp\/v2\/pages\/969"}],"wp:attachment":[{"href":"https:\/\/banques-ecoles.fr\/cms\/wp-json\/wp\/v2\/media?parent=8562"}],"curies":[{"name":"wp","href":"https:\/\/api.w.org\/{rel}","templated":true}]}}