{"id":8583,"date":"2020-09-26T19:09:37","date_gmt":"2020-09-26T17:09:37","guid":{"rendered":"https:\/\/banques-ecoles.fr\/cms\/?page_id=8583"},"modified":"2023-12-31T00:25:20","modified_gmt":"2023-12-30T22:25:20","slug":"session-2020","status":"publish","type":"page","link":"https:\/\/banques-ecoles.fr\/cms\/filiere-bcpst\/annales-de-la-banque-bcpst\/session-2020\/","title":{"rendered":"Session 2020"},"content":{"rendered":"\n<p>Sujets des \u00e9preuves \u00e9crites de la banque BCPST 2020.<\/p>\n<p>\u00a0<\/p>\n<p><a href=\"https:\/\/banques-ecoles.fr\/cms\/wp-content\/uploads\/2020\/10\/20_bcpst_bio_sujet.pdf\" target=\"_blank\" rel=\"noopener noreferrer\">\u00c9preuve \u00e9crite de biologie<\/a><\/p>\n<p><a href=\"https:\/\/banques-ecoles.fr\/cms\/wp-content\/uploads\/2020\/10\/20_bcpst_sciences-de-la-terre_sujet.pdf\" target=\"_blank\" rel=\"noopener noreferrer\">\u00c9preuve \u00e9crite de sciences de la Terre<\/a><\/p>\n<p><a href=\"https:\/\/banques-ecoles.fr\/cms\/wp-content\/uploads\/2020\/09\/20_bcpst_suj_phy.pdf\" target=\"_blank\" rel=\"noopener noreferrer\">\u00c9preuve \u00e9crite de physique<\/a><\/p>\n<p><a href=\"https:\/\/banques-ecoles.fr\/cms\/wp-content\/uploads\/2020\/10\/20_bcpst_chimie_sujet.pdf\" target=\"_blank\" rel=\"noopener noreferrer\">\u00c9preuve \u00e9crite de chimie<\/a><\/p>\n<p><a href=\"https:\/\/banques-ecoles.fr\/cms\/wp-content\/uploads\/2020\/10\/20_bcpst_mathematiques_sujet.pdf\" target=\"_blank\" rel=\"noopener noreferrer\">\u00c9preuve \u00e9crite de math\u00e9matiques<\/a><\/p>\n<p><a href=\"https:\/\/banques-ecoles.fr\/cms\/wp-content\/uploads\/2020\/10\/20_bcpst_francais_sujet.pdf\" target=\"_blank\" rel=\"noopener noreferrer\">\u00c9preuve \u00e9crite de fran\u00e7ais<\/a><\/p>\n<p><a href=\"https:\/\/banques-ecoles.fr\/cms\/wp-content\/uploads\/2020\/10\/20_bcpst_lve_sujet.pdf\" target=\"_blank\" rel=\"noopener noreferrer\">\u00c9preuve \u00e9crite de langue vivante<\/a><\/p>\n","protected":false},"excerpt":{"rendered":"<p>Sujets des \u00e9preuves \u00e9crites de la banque BCPST 2020. \u00a0 \u00c9preuve \u00e9crite de biologie \u00c9preuve \u00e9crite de sciences de la Terre \u00c9preuve \u00e9crite de physique \u00c9preuve \u00e9crite de chimie \u00c9preuve \u00e9crite de math\u00e9matiques \u00c9preuve \u00e9crite de fran\u00e7ais \u00c9preuve \u00e9crite de <a href=\"https:\/\/banques-ecoles.fr\/cms\/filiere-bcpst\/annales-de-la-banque-bcpst\/session-2020\/\">[Lire la suite]<\/a><\/p>\n","protected":false},"author":5,"featured_media":0,"parent":29,"menu_order":0,"comment_status":"closed","ping_status":"closed","template":"","meta":{"footnotes":""},"class_list":["post-8583","page","type-page","status-publish","hentry"],"_links":{"self":[{"href":"https:\/\/banques-ecoles.fr\/cms\/wp-json\/wp\/v2\/pages\/8583","targetHints":{"allow":["GET"]}}],"collection":[{"href":"https:\/\/banques-ecoles.fr\/cms\/wp-json\/wp\/v2\/pages"}],"about":[{"href":"https:\/\/banques-ecoles.fr\/cms\/wp-json\/wp\/v2\/types\/page"}],"author":[{"embeddable":true,"href":"https:\/\/banques-ecoles.fr\/cms\/wp-json\/wp\/v2\/users\/5"}],"replies":[{"embeddable":true,"href":"https:\/\/banques-ecoles.fr\/cms\/wp-json\/wp\/v2\/comments?post=8583"}],"version-history":[{"count":9,"href":"https:\/\/banques-ecoles.fr\/cms\/wp-json\/wp\/v2\/pages\/8583\/revisions"}],"predecessor-version":[{"id":11779,"href":"https:\/\/banques-ecoles.fr\/cms\/wp-json\/wp\/v2\/pages\/8583\/revisions\/11779"}],"up":[{"embeddable":true,"href":"https:\/\/banques-ecoles.fr\/cms\/wp-json\/wp\/v2\/pages\/29"}],"wp:attachment":[{"href":"https:\/\/banques-ecoles.fr\/cms\/wp-json\/wp\/v2\/media?parent=8583"}],"curies":[{"name":"wp","href":"https:\/\/api.w.org\/{rel}","templated":true}]}}