{"id":86,"date":"2012-11-29T14:09:04","date_gmt":"2012-11-29T13:09:04","guid":{"rendered":"http:\/\/127.0.0.1\/wordpress342\/?page_id=86"},"modified":"2026-03-02T15:44:01","modified_gmt":"2026-03-02T13:44:01","slug":"reglements-et-textes-officiels","status":"publish","type":"page","link":"https:\/\/banques-ecoles.fr\/cms\/reglements-et-textes-officiels\/","title":{"rendered":"R\u00e8glements et textes officiels"},"content":{"rendered":"<p>Communs :<\/p>\n<p><a class=\"state-published_for_all url\" href=\"\/cms\/wp-content\/data\/reglements-et-textes-officiels\/boesr_39_27oct11_autonomie.pdf\" target=\"_blank\" rel=\"noopener noreferrer\">B.O. n\u00b039 du 27-10-2011 &#8211; ENS<\/a><\/p>\n<p><a title=\"Bulletin officiel n\u00b018 du 5 mai 2011 - Banque MP PC X-ENS-ESPCI\" href=\"https:\/\/banques-ecoles.fr\/cms\/wp-content\/uploads\/2013\/09\/Bulletin-officiel-n\u00b018-du-5-mai-2011-Banque-MP-PC-X-ENS-ESPCI.pdf\">B.O. n\u00b018 du 05-05-2011 &#8211; Banque MP PC X-ENS-ESPCI<\/a><\/p>\n<p><a class=\"state-published_for_all url\" href=\"\/cms\/wp-content\/data\/reglements-et-textes-officiels\/circulaire%202011-220%20du%2027-12-2011Organisation%20candidats%20presentant%20un%20handicap.pdf\" target=\"_blank\" rel=\"noopener noreferrer\">Circulaire 2011-220 du 27-12-2011 Organisation pour les candidats pr\u00e9sentant un handicap<\/a><\/p>\n<p>ENS de Lyon :<\/p>\n<p>D\u00e9cision n\u00b02025-108 : <a href=\"https:\/\/banques-ecoles.fr\/cms\/wp-content\/uploads\/2026\/01\/Decision_2025-108_nombre-de-postes_session2026.pdf\">Nombre postes offerts aux concours session 2026<\/a><\/p>\n<p>D\u00e9cision n\u00b02025-109 : <a href=\"https:\/\/banques-ecoles.fr\/cms\/wp-content\/uploads\/2026\/01\/Decision_2025-109_modalites-dinscription_session2026.pdf\">Modalit\u00e9s d&rsquo;inscription\u00a0\u00e0 l&rsquo;ENS de Lyon<\/a><\/p>\n<p><a href=\"https:\/\/banques-ecoles.fr\/cms\/wp-content\/uploads\/2013\/12\/boesr_43_21_11_2013_conditions_admission_enslyon.pdf\">B.O. n\u00b043 du 21-11-2013 Conditions d&rsquo;admission \u00e0 l&rsquo;ENS de Lyon<\/a><\/p>\n<p>modifi\u00e9 par le <a href=\"https:\/\/banques-ecoles.fr\/cms\/wp-content\/uploads\/2015\/10\/15_BO-ESR-39_22-10-2015-modification-programme.pdf\">B.O. n\u00b039 du 22-10-2015<\/a><\/p>\n<p>modifi\u00e9 par le <a href=\"https:\/\/banques-ecoles.fr\/cms\/wp-content\/uploads\/2016\/04\/BOESR-15_14-4-2016_565269.pdf\">B.O. n\u00b015 du 14-04-2016<\/a><\/p>\n<p>modifi\u00e9 par le <a href=\"https:\/\/banques-ecoles.fr\/cms\/wp-content\/uploads\/2020\/02\/BO_MESRI_40_modificationconditionadmission-SES-\u00e9conomie.pdf\">B.O. n\u00b040 du 01-11-2018<\/a><\/p>\n<p>modifi\u00e9 par le <a href=\"https:\/\/banques-ecoles.fr\/cms\/wp-content\/uploads\/2020\/02\/BO15_MESRI_modification-conditions-dadmissionSESsocio.pdf\">B.O. n\u00b015 du 11-04-2019<\/a><\/p>\n<p>modifi\u00e9 par le <a href=\"https:\/\/banques-ecoles.fr\/cms\/wp-content\/uploads\/2020\/02\/Arr\u00eat\u00e9-29052019-supprimant-le-chinois.pdf\">B.O. n\u00b026 du 27-06-2019<\/a><\/p>\n<p>modifi\u00e9 par le <a href=\"https:\/\/banques-ecoles.fr\/cms\/wp-content\/uploads\/2020\/02\/Arr\u00eat\u00e9-du-25-10-19-session-2020.pdf\">B.O. n\u00b043 du 21-11-2019<\/a><\/p>\n<p>modifi\u00e9 par le <a href=\"https:\/\/banques-ecoles.fr\/cms\/wp-content\/uploads\/2020\/02\/BO6_MESRI_1241427.pdf\">B.O. n\u00b06 du 06-02-2020<\/a><\/p>\n<p>modifi\u00e9 par le <a href=\"https:\/\/www.enseignementsup-recherche.gouv.fr\/fr\/bo\/21\/Hebdo40\/ESRS2130182A.htm\">B.O. n\u00b040 du 28-10-2021<\/a><\/p>\n<p>modifi\u00e9 par le <a href=\"https:\/\/www.enseignementsup-recherche.gouv.fr\/fr\/bo\/2024\/Hebdo32\/ESRS2421102A\">B.O n\u00b032 du 29-08-2024<\/a><\/p>\n<p>modifi\u00e9 par le <a href=\"https:\/\/www.enseignementsup-recherche.gouv.fr\/fr\/bo\/2025\/Hebdo39\/MENS2527058A\">B.O n\u00b039 du 16-10-2025<\/a><\/p>\n<p>modifi\u00e9 par le <a href=\"https:\/\/www.enseignementsup-recherche.gouv.fr\/fr\/bo\/2025\/Hebdo47\/ESRS2533062A\">B.O n\u00b047 du 11-12-2025<\/a><\/p>\n<p>modifi\u00e9 par le <a href=\"https:\/\/www.enseignementsup-recherche.gouv.fr\/fr\/bo\/2026\/Hebdo9\/ESRS2604429A\">B.O n\u00b09 du 26 f\u00e9vrier 2026<\/a><\/p>\n<p><a href=\"https:\/\/www.enseignementsup-recherche.gouv.fr\/fr\/bo\/2025\/Hebdo43\/ESRS2529385A\">B.O n\u00b043 du 13 novembre 2025 fixant le programme du concours litt\u00e9raire d&rsquo;entr\u00e9e en premi\u00e8re ann\u00e9e \u00e0 l&rsquo;ENS de Lyon pour la session 2026<\/a><\/p>\n","protected":false},"excerpt":{"rendered":"<p>Communs : B.O. n\u00b039 du 27-10-2011 &#8211; ENS B.O. n\u00b018 du 05-05-2011 &#8211; Banque MP PC X-ENS-ESPCI Circulaire 2011-220 du 27-12-2011 Organisation pour les candidats pr\u00e9sentant un handicap ENS de Lyon : D\u00e9cision n\u00b02025-108 : Nombre postes offerts aux concours <a href=\"https:\/\/banques-ecoles.fr\/cms\/reglements-et-textes-officiels\/\">[Lire la suite]<\/a><\/p>\n","protected":false},"author":1,"featured_media":0,"parent":0,"menu_order":10,"comment_status":"closed","ping_status":"closed","template":"","meta":{"footnotes":""},"class_list":["post-86","page","type-page","status-publish","hentry"],"_links":{"self":[{"href":"https:\/\/banques-ecoles.fr\/cms\/wp-json\/wp\/v2\/pages\/86","targetHints":{"allow":["GET"]}}],"collection":[{"href":"https:\/\/banques-ecoles.fr\/cms\/wp-json\/wp\/v2\/pages"}],"about":[{"href":"https:\/\/banques-ecoles.fr\/cms\/wp-json\/wp\/v2\/types\/page"}],"author":[{"embeddable":true,"href":"https:\/\/banques-ecoles.fr\/cms\/wp-json\/wp\/v2\/users\/1"}],"replies":[{"embeddable":true,"href":"https:\/\/banques-ecoles.fr\/cms\/wp-json\/wp\/v2\/comments?post=86"}],"version-history":[{"count":85,"href":"https:\/\/banques-ecoles.fr\/cms\/wp-json\/wp\/v2\/pages\/86\/revisions"}],"predecessor-version":[{"id":13259,"href":"https:\/\/banques-ecoles.fr\/cms\/wp-json\/wp\/v2\/pages\/86\/revisions\/13259"}],"wp:attachment":[{"href":"https:\/\/banques-ecoles.fr\/cms\/wp-json\/wp\/v2\/media?parent=86"}],"curies":[{"name":"wp","href":"https:\/\/api.w.org\/{rel}","templated":true}]}}