{"id":8604,"date":"2020-09-26T19:53:44","date_gmt":"2020-09-26T17:53:44","guid":{"rendered":"https:\/\/banques-ecoles.fr\/cms\/?page_id=8604"},"modified":"2020-11-17T02:26:55","modified_gmt":"2020-11-17T00:26:55","slug":"session-2020","status":"publish","type":"page","link":"https:\/\/banques-ecoles.fr\/cms\/filiere-mp\/annales-de-la-banque-mmpmpi\/session-2020\/","title":{"rendered":"Session 2020"},"content":{"rendered":"\n<p><strong>Sujets des \u00e9preuves \u00e9crites de la banque M\/MP-M\/MPI 2020 :<\/strong><\/p>\n<p>\u00a0<\/p>\n<p><a href=\"https:\/\/banques-ecoles.fr\/cms\/wp-content\/uploads\/2020\/11\/2020_MP_sujet_MathA.pdf\" target=\"_blank\" rel=\"noopener noreferrer\">\u00c9preuve \u00e9crite de Math A &#8211; 4h &#8211; MP XLCR<\/a><\/p>\n<p><a href=\"https:\/\/banques-ecoles.fr\/cms\/wp-content\/uploads\/2020\/11\/2020_MP_sujet_MathB.pdf\" target=\"_blank\" rel=\"noopener noreferrer\">\u00c9preuve \u00e9crite de Math B &#8211; 4h &#8211; MP X<\/a><\/p>\n<p><a href=\"https:\/\/banques-ecoles.fr\/cms\/wp-content\/uploads\/2020\/11\/2020_MP_sujet_MathC.pdf\" target=\"_blank\" rel=\"noopener noreferrer\">\u00c9preuve \u00e9crite de Math C &#8211; 4h &#8211; MP ULCR<\/a><\/p>\n<p><a href=\"https:\/\/banques-ecoles.fr\/cms\/wp-content\/uploads\/2020\/11\/2020_MP_sujet_MathD.pdf\" target=\"_blank\" rel=\"noopener noreferrer\">\u00c9preuve \u00e9crite de Math D &#8211; 6h &#8211; MP U<\/a><\/p>\n<p><a href=\"https:\/\/banques-ecoles.fr\/cms\/wp-content\/uploads\/2020\/11\/2020_MP_sujet_InfoA.pdf\" target=\"_blank\" rel=\"noopener noreferrer\">\u00c9preuve \u00e9crite de Info A &#8211; 4h &#8211; MP XULCR<\/a><\/p>\n<p>\u00c9preuve \u00e9crite de Info B &#8211; 2h &#8211; MP-PC XELCR (supprim\u00e9e cette session 2020)<\/p>\n<p><a href=\"https:\/\/banques-ecoles.fr\/cms\/wp-content\/uploads\/2020\/09\/20_mp_suj_phy_xulcr.pdf\" target=\"_blank\" rel=\"noopener noreferrer\">\u00c9preuve \u00e9crite de Physique &#8211; 4h &#8211; MP XULCR<\/a><\/p>\n<p><a href=\"https:\/\/banques-ecoles.fr\/cms\/wp-content\/uploads\/2020\/09\/20_mp_suj_psi_x.pdf\" target=\"_blank\" rel=\"noopener noreferrer\">\u00c9preuve \u00e9crite de P&amp;SI &#8211; 4h &#8211; MP X<\/a><\/p>\n<p><a href=\"https:\/\/banques-ecoles.fr\/cms\/wp-content\/uploads\/2020\/11\/2020_MPPC_sujet_Fr.pdf\" target=\"_blank\" rel=\"noopener noreferrer\">\u00c9preuve \u00e9crite de fran\u00e7ais &#8211; 4h &#8211; MP-PC XEULCR<\/a><\/p>\n<p>\u00a0<\/p>\n<p><em>\u00c9preuve \u00e9crite de LV &#8211; 4h &#8211; MP-PC XEULCR :<\/em><\/p>\n<ul>\n<li><a href=\"https:\/\/banques-ecoles.fr\/cms\/wp-content\/uploads\/2020\/11\/2020_MPPC_sujet_All.pdf\" target=\"_blank\" rel=\"noopener noreferrer\">allemand<\/a><\/li>\n<li><a href=\"https:\/\/banques-ecoles.fr\/cms\/wp-content\/uploads\/2020\/11\/2020_MPPC_sujet_Ang.pdf\" target=\"_blank\" rel=\"noopener noreferrer\">anglais<\/a><\/li>\n<li><a href=\"https:\/\/banques-ecoles.fr\/cms\/wp-content\/uploads\/2020\/11\/2020_MPPC_sujet_Arabe.pdf\" target=\"_blank\" rel=\"noopener noreferrer\">arabe<\/a><\/li>\n<li><a href=\"https:\/\/banques-ecoles.fr\/cms\/wp-content\/uploads\/2020\/11\/2020_MPPC_sujet_Esp.pdf\" target=\"_blank\" rel=\"noopener noreferrer\">espagnol<\/a><\/li>\n<\/ul>\n","protected":false},"excerpt":{"rendered":"<p>Sujets des \u00e9preuves \u00e9crites de la banque M\/MP-M\/MPI 2020 : \u00a0 \u00c9preuve \u00e9crite de Math A &#8211; 4h &#8211; MP XLCR \u00c9preuve \u00e9crite de Math B &#8211; 4h &#8211; MP X \u00c9preuve \u00e9crite de Math C &#8211; 4h &#8211; MP <a href=\"https:\/\/banques-ecoles.fr\/cms\/filiere-mp\/annales-de-la-banque-mmpmpi\/session-2020\/\">[Lire la suite]<\/a><\/p>\n","protected":false},"author":5,"featured_media":0,"parent":728,"menu_order":0,"comment_status":"closed","ping_status":"closed","template":"","meta":{"footnotes":""},"class_list":["post-8604","page","type-page","status-publish","hentry"],"_links":{"self":[{"href":"https:\/\/banques-ecoles.fr\/cms\/wp-json\/wp\/v2\/pages\/8604","targetHints":{"allow":["GET"]}}],"collection":[{"href":"https:\/\/banques-ecoles.fr\/cms\/wp-json\/wp\/v2\/pages"}],"about":[{"href":"https:\/\/banques-ecoles.fr\/cms\/wp-json\/wp\/v2\/types\/page"}],"author":[{"embeddable":true,"href":"https:\/\/banques-ecoles.fr\/cms\/wp-json\/wp\/v2\/users\/5"}],"replies":[{"embeddable":true,"href":"https:\/\/banques-ecoles.fr\/cms\/wp-json\/wp\/v2\/comments?post=8604"}],"version-history":[{"count":16,"href":"https:\/\/banques-ecoles.fr\/cms\/wp-json\/wp\/v2\/pages\/8604\/revisions"}],"predecessor-version":[{"id":9195,"href":"https:\/\/banques-ecoles.fr\/cms\/wp-json\/wp\/v2\/pages\/8604\/revisions\/9195"}],"up":[{"embeddable":true,"href":"https:\/\/banques-ecoles.fr\/cms\/wp-json\/wp\/v2\/pages\/728"}],"wp:attachment":[{"href":"https:\/\/banques-ecoles.fr\/cms\/wp-json\/wp\/v2\/media?parent=8604"}],"curies":[{"name":"wp","href":"https:\/\/api.w.org\/{rel}","templated":true}]}}