{"id":884,"date":"2013-02-26T10:08:27","date_gmt":"2013-02-26T09:08:27","guid":{"rendered":"http:\/\/banques-ecoles-dev.fr\/cms\/?page_id=884"},"modified":"2013-04-21T14:41:07","modified_gmt":"2013-04-21T13:41:07","slug":"session-2011","status":"publish","type":"page","link":"https:\/\/banques-ecoles.fr\/cms\/filiere-mp\/rapports-des-jurys-de-la-banque-mmpmpi\/session-2011\/","title":{"rendered":"Session 2011"},"content":{"rendered":"<p>Rapports de jury des \u00e9preuves \u00e9crites et orales de la banque M\/MP\/MPI pour la session 2011.<\/p>\n<p>&nbsp;<\/p>\n<p><a href=\"\/cms\/wp-content\/data\/filiere-mp\/rapports-des-jurys-de-la-banque-mp\/session-2011\/rap_ecrit_francais_xeulc_mppc2011.pdf\">Rapport de l&rsquo;\u00e9preuve \u00e9crite de fran\u00e7ais &#8211; XEULC &#8211; MP PC<\/a><\/p>\n<p><a href=\"\/cms\/wp-content\/data\/filiere-mp\/rapports-des-jurys-de-la-banque-mp\/session-2011\/rap_ecrit_maths_a_xlc_mp2011.pdf\">Rapport de l&rsquo;\u00e9preuve \u00e9crite de math\u00e9matiques A &#8211; XLC<\/a><\/p>\n<p><a href=\"\/cms\/wp-content\/data\/filiere-mp\/rapports-des-jurys-de-la-banque-mp\/session-2011\/rap_ecrit_maths_c_ulc_mp2011.pdf\">Rapport de l&rsquo;\u00e9preuve \u00e9crite de math\u00e9matiques C &#8211; ULC<\/a><\/p>\n<p><a href=\"\/cms\/wp-content\/data\/filiere-mp\/rapports-des-jurys-de-la-banque-mp\/session-2011\/rap_ecrit_math_d_u_mp2011.pdf\">Rapport de l&rsquo;\u00e9preuve \u00e9crite de math\u00e9matiques D &#8211; U<\/a><\/p>\n<p><a href=\"\/cms\/wp-content\/data\/filiere-mp\/rapports-des-jurys-de-la-banque-mp\/session-2011\/rap_ecrit_physique_xulc_mp2011.pdf\">Rapport de l&rsquo;\u00e9preuve \u00e9crite de physique &#8211; XULC<\/a><\/p>\n<p><a href=\"\/cms\/wp-content\/data\/filiere-mp\/rapports-des-jurys-de-la-banque-mp\/session-2011\/rap_ecrit_info_b_xc_mp2011.pdf\">Rapport de l&rsquo;\u00e9preuve \u00e9crite d&rsquo;informatique B &#8211; XC &#8211; MP<\/a><\/p>\n<p><a href=\"\/cms\/wp-content\/data\/filiere-mp\/rapports-des-jurys-de-la-banque-mp\/session-2011\/rap_oral_math_c_mp2011.pdf\">Rapport de l&rsquo;\u00e9preuve orale de math\u00e9matiques &#8211; C<\/a><\/p>\n<p><a href=\"\/cms\/wp-content\/data\/filiere-mp\/rapports-des-jurys-de-la-banque-mp\/session-2011\/rap_oral_math_l_mp2011.pdf\">Rapport de l&rsquo;\u00e9preuve orale de math\u00e9matiques &#8211; L<\/a><\/p>\n<p><a href=\"\/cms\/wp-content\/data\/filiere-mp\/rapports-des-jurys-de-la-banque-mp\/session-2011\/rap_oral_phy_ulc_mp2011.pdf\">Rapport de l&rsquo;\u00e9preuve orale de physique &#8211; ULC<\/a><\/p>\n<p><a href=\"\/cms\/wp-content\/data\/filiere-mp\/rapports-des-jurys-de-la-banque-mp\/session-2011\/rap_oral_physique_u_mp2011.pdf\">Rapport de l&rsquo;\u00e9preuve orale de physique &#8211; U<\/a><\/p>\n<p><a href=\"\/cms\/wp-content\/data\/filiere-mp\/rapports-des-jurys-de-la-banque-mp\/session-2011\/rap_tipe_math_mp2011.pdf\">Rapport de l&rsquo;\u00e9preuve de TIPE &#8211; Math\u00e9matiques<\/a><\/p>\n<p><a href=\"\/cms\/wp-content\/data\/filiere-mp\/rapports-des-jurys-de-la-banque-mp\/session-2011\/rap_oral_tipe_ulc_mp2011.pdf\">Rapport de l&rsquo;\u00e9preuve de TIPE &#8211; Physique<\/a><\/p>\n<p><a href=\"\/cms\/wp-content\/data\/filiere-mp\/rapports-des-jurys-de-la-banque-mp\/session-2011\/rap_tipe_info_ulc_mp2011.pdf\">Rapport de l&rsquo;\u00e9preuve de TIPE &#8211; Informatique<\/a><\/p>\n","protected":false},"excerpt":{"rendered":"<p>Rapports de jury des \u00e9preuves \u00e9crites et orales de la banque M\/MP\/MPI pour la session 2011. &nbsp; Rapport de l&rsquo;\u00e9preuve \u00e9crite de fran\u00e7ais &#8211; XEULC &#8211; MP PC Rapport de l&rsquo;\u00e9preuve \u00e9crite de math\u00e9matiques A &#8211; XLC Rapport de l&rsquo;\u00e9preuve <a href=\"https:\/\/banques-ecoles.fr\/cms\/filiere-mp\/rapports-des-jurys-de-la-banque-mmpmpi\/session-2011\/\">[Lire la suite]<\/a><\/p>\n","protected":false},"author":1,"featured_media":0,"parent":730,"menu_order":1,"comment_status":"closed","ping_status":"open","template":"","meta":{"footnotes":""},"class_list":["post-884","page","type-page","status-publish","hentry"],"_links":{"self":[{"href":"https:\/\/banques-ecoles.fr\/cms\/wp-json\/wp\/v2\/pages\/884","targetHints":{"allow":["GET"]}}],"collection":[{"href":"https:\/\/banques-ecoles.fr\/cms\/wp-json\/wp\/v2\/pages"}],"about":[{"href":"https:\/\/banques-ecoles.fr\/cms\/wp-json\/wp\/v2\/types\/page"}],"author":[{"embeddable":true,"href":"https:\/\/banques-ecoles.fr\/cms\/wp-json\/wp\/v2\/users\/1"}],"replies":[{"embeddable":true,"href":"https:\/\/banques-ecoles.fr\/cms\/wp-json\/wp\/v2\/comments?post=884"}],"version-history":[{"count":4,"href":"https:\/\/banques-ecoles.fr\/cms\/wp-json\/wp\/v2\/pages\/884\/revisions"}],"predecessor-version":[{"id":906,"href":"https:\/\/banques-ecoles.fr\/cms\/wp-json\/wp\/v2\/pages\/884\/revisions\/906"}],"up":[{"embeddable":true,"href":"https:\/\/banques-ecoles.fr\/cms\/wp-json\/wp\/v2\/pages\/730"}],"wp:attachment":[{"href":"https:\/\/banques-ecoles.fr\/cms\/wp-json\/wp\/v2\/media?parent=884"}],"curies":[{"name":"wp","href":"https:\/\/api.w.org\/{rel}","templated":true}]}}