{"id":885,"date":"2013-02-26T10:08:32","date_gmt":"2013-02-26T09:08:32","guid":{"rendered":"http:\/\/banques-ecoles-dev.fr\/cms\/?page_id=885"},"modified":"2013-04-21T14:41:26","modified_gmt":"2013-04-21T13:41:26","slug":"session-2010","status":"publish","type":"page","link":"https:\/\/banques-ecoles.fr\/cms\/filiere-mp\/rapports-des-jurys-de-la-banque-mmpmpi\/session-2010\/","title":{"rendered":"Session 2010"},"content":{"rendered":"<p>Rapports de jury des \u00e9preuves \u00e9crites et orales de la banque M\/MP\/MPI pour la session 2010.<\/p>\n<p>&nbsp;<\/p>\n<p><a href=\"\/cms\/wp-content\/data\/filiere-mp\/rapports-des-jurys-de-la-banque-mp\/session-2010\/Rapport_mathsMPI1.pdf\">Rapport et corrig\u00e9 de l&rsquo;\u00e9preuve \u00e9crite de math\u00e9matiques MPI1<\/a><\/p>\n<p><a href=\"\/cms\/wp-content\/data\/filiere-mp\/rapports-des-jurys-de-la-banque-mp\/session-2010\/copy_of_RapportMPI2.pdf\">Rapport de l&rsquo;\u00e9preuve de math\u00e9matiques MPI2<\/a><\/p>\n<p><a href=\"\/cms\/wp-content\/data\/filiere-mp\/rapports-des-jurys-de-la-banque-mp\/session-2010\/copy_of_RapportJuryoralmathsCachan.pdf\">Rapport de l&rsquo;\u00e9preuve orale de math\u00e9matiques Cachan<\/a><\/p>\n<p><a href=\"\/cms\/wp-content\/data\/filiere-mp\/rapports-des-jurys-de-la-banque-mp\/session-2010\/Rapport%20doral%20de%20mathematiques%20Ulm%20et%20ULC.pdf\">Rapport sur les \u00e9preuves orales de math\u00e9matiques <\/a><\/p>\n<p><a href=\"\/cms\/wp-content\/data\/filiere-mp\/rapports-des-jurys-de-la-banque-mp\/session-2010\/Rapport_ecrit_%20info.pdf\">Rapport de l&rsquo;\u00e9preuve \u00e9crite d&rsquo;informatique<\/a><\/p>\n<p><a href=\"\/cms\/wp-content\/data\/filiere-mp\/rapports-des-jurys-de-la-banque-mp\/session-2010\/Rapport%20oral%20Info-fondamentale.pdf\">Rapport de l&rsquo;\u00e9preuve orale d&rsquo;informatique fondamentale<\/a><\/p>\n<p><a href=\"\/cms\/wp-content\/data\/filiere-mp\/rapports-des-jurys-de-la-banque-mp\/session-2010\/Physique%20orale%20MP.pdf\">Rapport de l&rsquo;\u00e9preuve orale de physique Ulm-Lyon-Cachan<\/a><\/p>\n<p><a href=\"\/cms\/wp-content\/data\/filiere-mp\/rapports-des-jurys-de-la-banque-mp\/session-2010\/copy_of_rapport-TIPE-MPInfo-2010.pdf\">Rapport de l&rsquo;\u00e9preuve de TIPE &#8211; Informatique<\/a><\/p>\n<p><a href=\"\/cms\/wp-content\/data\/filiere-mp\/rapports-des-jurys-de-la-banque-mp\/session-2010\/Rapport2010-mathsL.pdf\">Rapport de l&rsquo;\u00e9preuve orale de math\u00e9matiques Lyon<\/a><\/p>\n<p><a href=\"\/cms\/wp-content\/data\/filiere-mp\/rapports-des-jurys-de-la-banque-mp\/session-2010\/FrancaisMP2010.pdf\">Rapport de l&rsquo;\u00e9preuve de fran\u00e7ais<\/a><\/p>\n<p><a href=\"\/cms\/wp-content\/data\/filiere-mp\/rapports-des-jurys-de-la-banque-mp\/session-2010\/MP%20oral%20LV%20allemand.pdf\">Rapport de l&rsquo;\u00e9preuve orale d&rsquo;allemand<\/a><\/p>\n<p><a href=\"\/cms\/wp-content\/data\/filiere-mp\/rapports-des-jurys-de-la-banque-mp\/session-2010\/MP%20oral%20espagnol.pdf\">Rapport de l&rsquo;\u00e9preuve orale d&rsquo;espagnol<\/a><\/p>\n<p><a href=\"\/cms\/wp-content\/data\/filiere-mp\/rapports-des-jurys-de-la-banque-mp\/session-2010\/MP-PC_Oral%20italien.pdf\">Rapport de l&rsquo;\u00e9preuve orale d&rsquo;italien<\/a><\/p>\n<p><a href=\"\/cms\/wp-content\/data\/filiere-mp\/rapports-des-jurys-de-la-banque-mp\/session-2010\/LV1%20MPPC.pdf\">Rapport de l&rsquo;\u00e9preuve d&rsquo;italien LV1<\/a><\/p>\n<p><a href=\"\/cms\/wp-content\/data\/filiere-mp\/rapports-des-jurys-de-la-banque-mp\/session-2010\/LE2%20ItalienMPPC.pdf\">Rapport de l&rsquo;\u00e9preuve d&rsquo;italien LE2<\/a><\/p>\n<p><a href=\"\/cms\/wp-content\/data\/filiere-mp\/rapports-des-jurys-de-la-banque-mp\/session-2010\/MP%20Rapport%20Ecrit-allemandLE2.pdf\">Rapport de l&rsquo;\u00e9preuve d&rsquo;allemand LE2<\/a><\/p>\n<p><a href=\"\/cms\/wp-content\/data\/filiere-mp\/rapports-des-jurys-de-la-banque-mp\/session-2010\/MP%20Rapport%20Ecrit-chinoisLE2.pdf\">Rapport de l&rsquo;\u00e9preuve de chinois LE2<\/a><\/p>\n<p><a href=\"\/cms\/wp-content\/data\/filiere-mp\/rapports-des-jurys-de-la-banque-mp\/session-2010\/RapportPortugaisMP%20-%202010.pdf\">Rapport de l&rsquo;\u00e9preuve de portugais LE2<\/a><\/p>\n<p><a href=\"\/cms\/wp-content\/data\/filiere-mp\/rapports-des-jurys-de-la-banque-mp\/session-2010\/MP-PC%20Grec%202010.pdf\">Rapport de l&rsquo;\u00e9preuve de grec LE2<\/a><\/p>\n<p><a href=\"\/cms\/wp-content\/data\/filiere-mp\/rapports-des-jurys-de-la-banque-mp\/session-2010\/rapport%20MP%20Latin%202010.pdf\">Rapport de l&rsquo;\u00e9preuve \u00e9crite de latin LE2<\/a><\/p>\n<div class=\"tileItem visualIEFloatFix vevent contenttype-document\">\n<p>&nbsp;<\/p>\n<p>&nbsp;<\/p>\n<p><a href=\"\/cms\/wp-content\/data\/filiere-mp\/rapports-des-jurys-de-la-banque-mp\/session-2010\/rapports-des-epreuves-ecrites.html\">Rapports des \u00e9preuves \u00e9crites<\/a><\/p>\n<p>&nbsp;<\/p>\n<p>&nbsp;<\/p>\n<p class=\"tileFooter\"><a href=\"\/cms\/wp-content\/data\/filiere-mp\/rapports-des-jurys-de-la-banque-mp\/session-2010\/rapports-des-epreuves-ecrites.html\">Lire la suite\u2026<\/a><\/p>\n<div class=\"visualClear\"><!-- --><\/div>\n<\/div>\n<div class=\"tileItem visualIEFloatFix vevent contenttype-document\">\n<p>&nbsp;<\/p>\n<p>&nbsp;<\/p>\n<p><a href=\"\/cms\/wp-content\/data\/filiere-mp\/rapports-des-jurys-de-la-banque-mp\/session-2010\/rapports-des-epreuves-orales.html\">Rapports des \u00e9preuves orales<\/a><\/p>\n<p>&nbsp;<\/p>\n<p>&nbsp;<\/p>\n<p class=\"tileFooter\"><a href=\"\/cms\/wp-content\/data\/filiere-mp\/rapports-des-jurys-de-la-banque-mp\/session-2010\/rapports-des-epreuves-orales.html\">Lire la suite\u2026<\/a><\/p>\n<div class=\"visualClear\"><!-- --><\/div>\n<\/div>\n<div class=\"tileItem visualIEFloatFix vevent contenttype-document\">\n<p>&nbsp;<\/p>\n<p>&nbsp;<\/p>\n<p><a href=\"\/cms\/wp-content\/data\/filiere-mp\/rapports-des-jurys-de-la-banque-mp\/session-2010\/rapports-des-epreuves-litteraires.html\">Rapports des \u00e9preuves litt\u00e9raires<\/a><\/p>\n<p>&nbsp;<\/p>\n<p>&nbsp;<\/p>\n<p class=\"tileFooter\"><a href=\"\/cms\/wp-content\/data\/filiere-mp\/rapports-des-jurys-de-la-banque-mp\/session-2010\/rapports-des-epreuves-litteraires.html\">Lire la suite\u2026<\/a><\/p>\n<div class=\"visualClear\"><!-- --><\/div>\n<\/div>\n","protected":false},"excerpt":{"rendered":"<p>Rapports de jury des \u00e9preuves \u00e9crites et orales de la banque M\/MP\/MPI pour la session 2010. &nbsp; Rapport et corrig\u00e9 de l&rsquo;\u00e9preuve \u00e9crite de math\u00e9matiques MPI1 Rapport de l&rsquo;\u00e9preuve de math\u00e9matiques MPI2 Rapport de l&rsquo;\u00e9preuve orale de math\u00e9matiques Cachan Rapport <a href=\"https:\/\/banques-ecoles.fr\/cms\/filiere-mp\/rapports-des-jurys-de-la-banque-mmpmpi\/session-2010\/\">[Lire la suite]<\/a><\/p>\n","protected":false},"author":1,"featured_media":0,"parent":730,"menu_order":2,"comment_status":"closed","ping_status":"open","template":"","meta":{"footnotes":""},"class_list":["post-885","page","type-page","status-publish","hentry"],"_links":{"self":[{"href":"https:\/\/banques-ecoles.fr\/cms\/wp-json\/wp\/v2\/pages\/885","targetHints":{"allow":["GET"]}}],"collection":[{"href":"https:\/\/banques-ecoles.fr\/cms\/wp-json\/wp\/v2\/pages"}],"about":[{"href":"https:\/\/banques-ecoles.fr\/cms\/wp-json\/wp\/v2\/types\/page"}],"author":[{"embeddable":true,"href":"https:\/\/banques-ecoles.fr\/cms\/wp-json\/wp\/v2\/users\/1"}],"replies":[{"embeddable":true,"href":"https:\/\/banques-ecoles.fr\/cms\/wp-json\/wp\/v2\/comments?post=885"}],"version-history":[{"count":3,"href":"https:\/\/banques-ecoles.fr\/cms\/wp-json\/wp\/v2\/pages\/885\/revisions"}],"predecessor-version":[{"id":2136,"href":"https:\/\/banques-ecoles.fr\/cms\/wp-json\/wp\/v2\/pages\/885\/revisions\/2136"}],"up":[{"embeddable":true,"href":"https:\/\/banques-ecoles.fr\/cms\/wp-json\/wp\/v2\/pages\/730"}],"wp:attachment":[{"href":"https:\/\/banques-ecoles.fr\/cms\/wp-json\/wp\/v2\/media?parent=885"}],"curies":[{"name":"wp","href":"https:\/\/api.w.org\/{rel}","templated":true}]}}