{"id":886,"date":"2013-02-26T10:08:37","date_gmt":"2013-02-26T09:08:37","guid":{"rendered":"http:\/\/banques-ecoles-dev.fr\/cms\/?page_id=886"},"modified":"2013-04-21T14:41:44","modified_gmt":"2013-04-21T13:41:44","slug":"session-2009","status":"publish","type":"page","link":"https:\/\/banques-ecoles.fr\/cms\/filiere-mp\/rapports-des-jurys-de-la-banque-mmpmpi\/session-2009\/","title":{"rendered":"Session 2009"},"content":{"rendered":"<p>Rapports de jury des \u00e9preuves \u00e9crites et orales de la banque M\/MP\/MPI pour la session 2009.<\/p>\n<p>&nbsp;<\/p>\n<p><a href=\"\/cms\/wp-content\/data\/filiere-mp\/rapports-des-jurys-de-la-banque-mp\/rapport-de-jury-session-2009\/rapport-2009-mp_ecrit_langue_vivante_1_anglais.pdf\">Rapport de l&rsquo;\u00e9crit de langue vivante 1 &#8211; anglais<\/a><\/p>\n<p><a href=\"\/cms\/wp-content\/data\/filiere-mp\/rapports-des-jurys-de-la-banque-mp\/rapport-de-jury-session-2009\/rapport-2009-mp_ecrit_langue_etrangere_2_anglais.pdf\">Rapport de l&rsquo;\u00e9crit de langue \u00e9trang\u00e8re 2 &#8211; anglais<\/a><\/p>\n<p><a href=\"\/cms\/wp-content\/data\/filiere-mp\/rapports-des-jurys-de-la-banque-mp\/rapport-de-jury-session-2009\/rapport-2009-mp_oral_langue_vivante_1_anglais.pdf\">Rapport de l&rsquo;oral de langue vivante 1 &#8211; anglais<\/a><\/p>\n<p><a href=\"\/cms\/wp-content\/data\/filiere-mp\/rapports-des-jurys-de-la-banque-mp\/rapport-de-jury-session-2009\/rapport-2009-mp_ecrit_langue_etrangere_2_chinois.pdf\">Rapport de l&rsquo;\u00e9crit de langue \u00e9trang\u00e8re 2 &#8211; chinois<\/a><\/p>\n<p><a href=\"\/cms\/wp-content\/data\/filiere-mp\/rapports-des-jurys-de-la-banque-mp\/rapport-de-jury-session-2009\/rapport-2009-mp_ecrit_langue_etrangere_2_grec_ancien.pdf\">Rapport de l&rsquo;\u00e9crit de langue \u00e9trang\u00e8re 2 &#8211; grec ancien<\/a><\/p>\n<p><a href=\"\/cms\/wp-content\/data\/filiere-mp\/rapports-des-jurys-de-la-banque-mp\/rapport-de-jury-session-2009\/rapport-2009-mp_ecrit_langue_etrangere_2_portugais.pdf\">Rapport de l&rsquo;\u00e9crit de langue \u00e9trang\u00e8re 2 &#8211; portugais<\/a><\/p>\n<p><a href=\"\/cms\/wp-content\/data\/filiere-mp\/rapports-des-jurys-de-la-banque-mp\/rapport-de-jury-session-2009\/rapport-2009-mp_ecrit_informatique.pdf\">Rapport de l&rsquo;\u00e9crit d&rsquo;informatique<\/a><\/p>\n<p><a href=\"\/cms\/wp-content\/data\/filiere-mp\/rapports-des-jurys-de-la-banque-mp\/rapport-de-jury-session-2009\/rapport-2009-mp_oral_informatique_fondamentale.pdf\">Rapport de l&rsquo;oral d&rsquo;informatique fondamentale<\/a><\/p>\n<p><a href=\"\/cms\/wp-content\/data\/filiere-mp\/rapports-des-jurys-de-la-banque-mp\/rapport-de-jury-session-2009\/rapport-2009-mp_ecrit_mathematiques_1.pdf\">Rapport de l&rsquo;\u00e9crit de math\u00e9matiques 1<\/a><\/p>\n<p><a href=\"\/cms\/wp-content\/data\/filiere-mp\/rapports-des-jurys-de-la-banque-mp\/rapport-de-jury-session-2009\/rapport-2009-mp_ecrit_mathematique_2.pdf\">Rapport de l&rsquo;\u00e9crit de math\u00e9matiques 2<\/a><\/p>\n<p><a href=\"\/cms\/wp-content\/data\/filiere-mp\/rapports-des-jurys-de-la-banque-mp\/rapport-de-jury-session-2009\/rapport-2009-mp_oral_mathematiques_lyon.pdf\">Rapport de l&rsquo;oral de math\u00e9matiques Lyon<\/a><\/p>\n<p><a href=\"\/cms\/wp-content\/data\/filiere-mp\/rapports-des-jurys-de-la-banque-mp\/rapport-de-jury-session-2009\/rapport-2009-mp_oraux_mathematiques_cachan_lyon_paris.pdf\">Rapport des oraux de math\u00e9matiques Cachan-Lyon-Paris et Paris<\/a><\/p>\n<p><a href=\"\/cms\/wp-content\/data\/filiere-mp\/rapports-des-jurys-de-la-banque-mp\/rapport-de-jury-session-2009\/rapport-2009-mp_oral_physique.pdf\">Rapport de l&rsquo;oral de physique<\/a><\/p>\n<p><a href=\"\/cms\/wp-content\/data\/filiere-mp\/rapports-des-jurys-de-la-banque-mp\/rapport-de-jury-session-2009\/rapport-2009-mp_tipe_physique.pdf\">Rapport des travaux d&rsquo;initiative personnelle encadr\u00e9s de physique<\/a><\/p>\n<p><a href=\"\/cms\/wp-content\/data\/filiere-mp\/rapports-des-jurys-de-la-banque-mp\/rapport-de-jury-session-2009\/rapport%20MPPC%20Latin%202009.pdf\">Rapport \u00e9crit de langue \u00e9trang\u00e8re 2 &#8211; Latin<\/a><\/p>\n","protected":false},"excerpt":{"rendered":"<p>Rapports de jury des \u00e9preuves \u00e9crites et orales de la banque M\/MP\/MPI pour la session 2009. &nbsp; Rapport de l&rsquo;\u00e9crit de langue vivante 1 &#8211; anglais Rapport de l&rsquo;\u00e9crit de langue \u00e9trang\u00e8re 2 &#8211; anglais Rapport de l&rsquo;oral de langue <a href=\"https:\/\/banques-ecoles.fr\/cms\/filiere-mp\/rapports-des-jurys-de-la-banque-mmpmpi\/session-2009\/\">[Lire la suite]<\/a><\/p>\n","protected":false},"author":1,"featured_media":0,"parent":730,"menu_order":3,"comment_status":"closed","ping_status":"open","template":"","meta":{"footnotes":""},"class_list":["post-886","page","type-page","status-publish","hentry"],"_links":{"self":[{"href":"https:\/\/banques-ecoles.fr\/cms\/wp-json\/wp\/v2\/pages\/886","targetHints":{"allow":["GET"]}}],"collection":[{"href":"https:\/\/banques-ecoles.fr\/cms\/wp-json\/wp\/v2\/pages"}],"about":[{"href":"https:\/\/banques-ecoles.fr\/cms\/wp-json\/wp\/v2\/types\/page"}],"author":[{"embeddable":true,"href":"https:\/\/banques-ecoles.fr\/cms\/wp-json\/wp\/v2\/users\/1"}],"replies":[{"embeddable":true,"href":"https:\/\/banques-ecoles.fr\/cms\/wp-json\/wp\/v2\/comments?post=886"}],"version-history":[{"count":3,"href":"https:\/\/banques-ecoles.fr\/cms\/wp-json\/wp\/v2\/pages\/886\/revisions"}],"predecessor-version":[{"id":2137,"href":"https:\/\/banques-ecoles.fr\/cms\/wp-json\/wp\/v2\/pages\/886\/revisions\/2137"}],"up":[{"embeddable":true,"href":"https:\/\/banques-ecoles.fr\/cms\/wp-json\/wp\/v2\/pages\/730"}],"wp:attachment":[{"href":"https:\/\/banques-ecoles.fr\/cms\/wp-json\/wp\/v2\/media?parent=886"}],"curies":[{"name":"wp","href":"https:\/\/api.w.org\/{rel}","templated":true}]}}