{"id":890,"date":"2013-02-26T10:08:59","date_gmt":"2013-02-26T09:08:59","guid":{"rendered":"http:\/\/banques-ecoles-dev.fr\/cms\/?page_id=890"},"modified":"2013-04-21T14:43:02","modified_gmt":"2013-04-21T13:43:02","slug":"session-2005","status":"publish","type":"page","link":"https:\/\/banques-ecoles.fr\/cms\/filiere-mp\/rapports-des-jurys-de-la-banque-mmpmpi\/session-2005\/","title":{"rendered":"Session 2005"},"content":{"rendered":"<p>Rapports de jury des \u00e9preuves \u00e9crites et orales de la banque M\/MP\/MPI pour la session 2005.<\/p>\n<p>&nbsp;<\/p>\n<p><a href=\"\/cms\/wp-content\/data\/filiere-mp\/rapports-des-jurys-de-la-banque-mp\/rapport-de-jury-session-2005\/rapport-2005-mp_ecrit_langue_vivante_1_allemand.pdf\">Rapport de l&rsquo;\u00e9crit de langue vivante 1 &#8211; allemand<\/a><\/p>\n<p><a href=\"\/cms\/wp-content\/data\/filiere-mp\/rapports-des-jurys-de-la-banque-mp\/rapport-de-jury-session-2005\/rapport-2005-mp_ecrit_langue%20etrangere_2_allemand.pdf\">Rapport de l&rsquo;\u00e9crit de langue \u00e9trang\u00e8re 2 &#8211; allemand<\/a><\/p>\n<p><a href=\"\/cms\/wp-content\/data\/filiere-mp\/rapports-des-jurys-de-la-banque-mp\/rapport-de-jury-session-2005\/rapport-2005-mp_oral_langue_vivante_1_allemand.pdf\">Rapport de l&rsquo;oral de langue vivante 1 &#8211; allemand<\/a><\/p>\n<p><a href=\"\/cms\/wp-content\/data\/filiere-mp\/rapports-des-jurys-de-la-banque-mp\/rapport-de-jury-session-2005\/rapport-2005-mp_ecrit_langue_vivante_1_anglais.pdf\">Rapport de l&rsquo;\u00e9crit de langue vivante 1 &#8211; anglais<\/a><\/p>\n<p><a href=\"\/cms\/wp-content\/data\/filiere-mp\/rapports-des-jurys-de-la-banque-mp\/rapport-de-jury-session-2005\/rapport-2005-mp_ecrit_langue%20etrangere_2_anglais.pdf\">Rapport de l&rsquo;\u00e9crit de langue \u00e9trang\u00e8re 2 &#8211; anglais<\/a><\/p>\n<p><a href=\"\/cms\/wp-content\/data\/filiere-mp\/rapports-des-jurys-de-la-banque-mp\/rapport-de-jury-session-2005\/rapport-2005-mp_oral_langue_vivante_1_anglais.pdf\">Rapport de l&rsquo;oral de langue vivante 1 &#8211; anglais<\/a><\/p>\n<p><a href=\"\/cms\/wp-content\/data\/filiere-mp\/rapports-des-jurys-de-la-banque-mp\/rapport-de-jury-session-2005\/rapport-2005-mp_ecrit_langue%20etrangere_2_arabe.pdf\">Rapport de l&rsquo;\u00e9crit de langue \u00e9trang\u00e8re 2 &#8211; arabe<\/a><\/p>\n<p><a href=\"\/cms\/wp-content\/data\/filiere-mp\/rapports-des-jurys-de-la-banque-mp\/rapport-de-jury-session-2005\/rapport-2005-mp_ecrit_langue_etrangere_2_latin.pdf\">Rapport de l&rsquo;\u00e9crit de langue \u00e9trang\u00e8re 2 &#8211; latin<\/a><\/p>\n<p><a href=\"\/cms\/wp-content\/data\/filiere-mp\/rapports-des-jurys-de-la-banque-mp\/rapport-de-jury-session-2005\/rapport-2005-mp_ecrit_informatique.pdf\">Rapport de l&rsquo;\u00e9crit d&rsquo;informatique<\/a><\/p>\n<p><a href=\"\/cms\/wp-content\/data\/filiere-mp\/rapports-des-jurys-de-la-banque-mp\/rapport-de-jury-session-2005\/rapport-2005-mp_oral_informatique_fondamentale.pdf\">Rapport de l&rsquo;oral d&rsquo;informatique fondamentale<\/a><\/p>\n<p><a href=\"\/cms\/wp-content\/data\/filiere-mp\/rapports-des-jurys-de-la-banque-mp\/rapport-de-jury-session-2005\/rapport-2005-mp_ecri_mathematiques_cachan_lyon_paris_1.pdf\">Rapport de l&rsquo;\u00e9crit de math\u00e9matiques 1<\/a><\/p>\n<p><a href=\"\/cms\/wp-content\/data\/filiere-mp\/rapports-des-jurys-de-la-banque-mp\/rapport-de-jury-session-2005\/rapport-2005-mp_ecrit_mathematiques_cachan_lyon_paris.pdf\">Rapport de l&rsquo;\u00e9crit de math\u00e9matiques 2<\/a><\/p>\n<p><a href=\"\/cms\/wp-content\/data\/filiere-mp\/rapports-des-jurys-de-la-banque-mp\/rapport-de-jury-session-2005\/rapport-2005-mp_oral_mathematiques_cachan.pdf\">Rapport de l&rsquo;oral de math\u00e9matiques Cachan<\/a><\/p>\n<p><a href=\"\/cms\/wp-content\/data\/filiere-mp\/rapports-des-jurys-de-la-banque-mp\/rapport-de-jury-session-2005\/rapport-2005-mp_oral_mathematiques_lyon.pdf\">Rapport de l&rsquo;oral de math\u00e9matiques Lyon<\/a><\/p>\n<p><a href=\"\/cms\/wp-content\/data\/filiere-mp\/rapports-des-jurys-de-la-banque-mp\/rapport-de-jury-session-2005\/rapport-2005-mp_oral_mathematiques_cachan_lyon_paris.pdf\">Rapport des oraux de math\u00e9matiques Cachan-Lyon-Paris et Paris<\/a><\/p>\n<p><a href=\"\/cms\/wp-content\/data\/filiere-mp\/rapports-des-jurys-de-la-banque-mp\/rapport-de-jury-session-2005\/rapport-2005-mp_tipe_mathematiques.pdf\">Rapport des travaux d&rsquo;initiative personnelle encadr\u00e9s de math\u00e9matiques<\/a><\/p>\n<p><a href=\"\/cms\/wp-content\/data\/filiere-mp\/rapports-des-jurys-de-la-banque-mp\/rapport-de-jury-session-2005\/rapport-2005-mp_ecrit_physique.pdf\">Rapport de l&rsquo;\u00e9crit de physique<\/a><\/p>\n<p><a href=\"\/cms\/wp-content\/data\/filiere-mp\/rapports-des-jurys-de-la-banque-mp\/rapport-de-jury-session-2005\/rapport-2005-mp_oral_physique.pdf\">Rapport de l&rsquo;oral de physique<\/a><\/p>\n","protected":false},"excerpt":{"rendered":"<p>Rapports de jury des \u00e9preuves \u00e9crites et orales de la banque M\/MP\/MPI pour la session 2005. &nbsp; Rapport de l&rsquo;\u00e9crit de langue vivante 1 &#8211; allemand Rapport de l&rsquo;\u00e9crit de langue \u00e9trang\u00e8re 2 &#8211; allemand Rapport de l&rsquo;oral de langue <a href=\"https:\/\/banques-ecoles.fr\/cms\/filiere-mp\/rapports-des-jurys-de-la-banque-mmpmpi\/session-2005\/\">[Lire la suite]<\/a><\/p>\n","protected":false},"author":1,"featured_media":0,"parent":730,"menu_order":7,"comment_status":"closed","ping_status":"open","template":"","meta":{"footnotes":""},"class_list":["post-890","page","type-page","status-publish","hentry"],"_links":{"self":[{"href":"https:\/\/banques-ecoles.fr\/cms\/wp-json\/wp\/v2\/pages\/890","targetHints":{"allow":["GET"]}}],"collection":[{"href":"https:\/\/banques-ecoles.fr\/cms\/wp-json\/wp\/v2\/pages"}],"about":[{"href":"https:\/\/banques-ecoles.fr\/cms\/wp-json\/wp\/v2\/types\/page"}],"author":[{"embeddable":true,"href":"https:\/\/banques-ecoles.fr\/cms\/wp-json\/wp\/v2\/users\/1"}],"replies":[{"embeddable":true,"href":"https:\/\/banques-ecoles.fr\/cms\/wp-json\/wp\/v2\/comments?post=890"}],"version-history":[{"count":4,"href":"https:\/\/banques-ecoles.fr\/cms\/wp-json\/wp\/v2\/pages\/890\/revisions"}],"predecessor-version":[{"id":913,"href":"https:\/\/banques-ecoles.fr\/cms\/wp-json\/wp\/v2\/pages\/890\/revisions\/913"}],"up":[{"embeddable":true,"href":"https:\/\/banques-ecoles.fr\/cms\/wp-json\/wp\/v2\/pages\/730"}],"wp:attachment":[{"href":"https:\/\/banques-ecoles.fr\/cms\/wp-json\/wp\/v2\/media?parent=890"}],"curies":[{"name":"wp","href":"https:\/\/api.w.org\/{rel}","templated":true}]}}