{"id":9056,"date":"2021-04-13T08:59:09","date_gmt":"2021-04-13T06:59:09","guid":{"rendered":"https:\/\/banques-ecoles.fr\/cms\/?page_id=9056"},"modified":"2021-09-07T17:14:40","modified_gmt":"2021-09-07T15:14:40","slug":"session-2021","status":"publish","type":"page","link":"https:\/\/banques-ecoles.fr\/cms\/session-2021\/","title":{"rendered":"Session 2021"},"content":{"rendered":"\n<p>Sujets des \u00e9preuves \u00e9crites :<\/p>\n<h4>\u00c9preuves communes<\/h4>\n<ul>\n<li><a href=\"https:\/\/banques-ecoles.fr\/cms\/wp-content\/uploads\/2021\/04\/Composition-dhistoire.pdf\">Composition d&rsquo;histoire<\/a><\/li>\n<li><a href=\"https:\/\/banques-ecoles.fr\/cms\/wp-content\/uploads\/2021\/04\/Composition-francaise.pdf\">Composition fran\u00e7aise<\/a><\/li>\n<li><a href=\"https:\/\/banques-ecoles.fr\/cms\/wp-content\/uploads\/2021\/04\/Composition-de-philosophie.pdf\">Composition de philosophie<\/a><\/li>\n<li><a href=\"https:\/\/banques-ecoles.fr\/cms\/wp-content\/uploads\/2021\/04\/Commentaire-et-traduction-en-LVE.pdf\">Commentaire et traduction en LVE<\/a><\/li>\n<li><a href=\"https:\/\/banques-ecoles.fr\/cms\/wp-content\/uploads\/2021\/04\/Epreuves-de-la-specialite-Arts.pdf\">Epreuves de la sp\u00e9cialit\u00e9 Arts<\/a><\/li>\n<\/ul>\n<h4>\u00c9preuves sp\u00e9cifiques ENS de Lyon<\/h4>\n<ul>\n<li><a href=\"https:\/\/banques-ecoles.fr\/cms\/wp-content\/uploads\/2021\/04\/Composition-de-geographie-sujet-fond-de-carte.pdf\">Composition de g\u00e9ographie sujet+ fond de carte<\/a><\/li>\n<li><a href=\"https:\/\/banques-ecoles.fr\/cms\/wp-content\/uploads\/2021\/04\/Epreuves-de-Specialite-1.pdf\">Epreuves de Sp\u00e9cialit\u00e9<\/a><\/li>\n<li><a href=\"https:\/\/banques-ecoles.fr\/cms\/wp-content\/uploads\/2021\/04\/Version-grecque.pdf\">Version grecque<\/a><\/li>\n<li><a href=\"https:\/\/banques-ecoles.fr\/cms\/wp-content\/uploads\/2021\/04\/Commentaire-de-carte.pdf\">Commentaire de carte<\/a><br \/>\n<ul>\n<li><a href=\"https:\/\/banques-ecoles.fr\/cms\/wp-content\/uploads\/2021\/04\/Carte-format-A2-reduit.pdf\">Document principal<\/a><\/li>\n<\/ul>\n<\/li>\n<\/ul>\n<h4>\u00c9preuves sp\u00e9cifiques ENS de Paris<\/h4>\n<ul>\n<li>langue et culture anciennes\n<ul>\n<li><a href=\"https:\/\/banques-ecoles.fr\/cms\/wp-content\/uploads\/2021\/09\/2021_AL_traduction_commentaire_texte_latin.pdf\" target=\"_blank\" rel=\"noopener\">traduction et commentaire d\u2019un texte latin<\/a><\/li>\n<li><a href=\"https:\/\/banques-ecoles.fr\/cms\/wp-content\/uploads\/2021\/09\/2021_AL_traduction_commentaire_texte_grec.pdf\" target=\"_blank\" rel=\"noopener\">traduction et commentaire d\u2019un texte grec<\/a><\/li>\n<li><a href=\"https:\/\/banques-ecoles.fr\/cms\/wp-content\/uploads\/2021\/09\/2021_AL_version_latine.pdf\" target=\"_blank\" rel=\"noopener\">version latine<\/a><\/li>\n<li><a href=\"https:\/\/banques-ecoles.fr\/cms\/wp-content\/uploads\/2021\/09\/2021_AL_version_grecque.pdf\" target=\"_blank\" rel=\"noopener\">version grecque<\/a><\/li>\n<\/ul>\n<\/li>\n<li>\u00e9preuve \u00e0 option\n<ul>\n<li><a href=\"https:\/\/banques-ecoles.fr\/cms\/wp-content\/uploads\/2021\/09\/2021_AL_version_latine_court_theme.pdf\" target=\"_blank\" rel=\"noopener\">version latine et court th\u00e8me<\/a><\/li>\n<li><a href=\"https:\/\/banques-ecoles.fr\/cms\/wp-content\/uploads\/2021\/09\/2021_AL_commentaire_texte_philosophique.pdf\" target=\"_blank\" rel=\"noopener\">commentaire d\u2019un texte philosophique<\/a><\/li>\n<li><a href=\"https:\/\/banques-ecoles.fr\/cms\/wp-content\/uploads\/2021\/09\/2021_AL_commentaire_texte_francais.pdf\" target=\"_blank\" rel=\"noopener\">commentaire d\u2019un texte litt\u00e9raire fran\u00e7ais<\/a><\/li>\n<li><a href=\"https:\/\/banques-ecoles.fr\/cms\/wp-content\/uploads\/2021\/09\/2021_AL_composition_de_geographie.pdf\" target=\"_blank\" rel=\"noopener\">composition de g\u00e9ographie<\/a><\/li>\n<li>commentaire compos\u00e9 et court th\u00e8me\n<ul>\n<li><a href=\"https:\/\/banques-ecoles.fr\/cms\/wp-content\/uploads\/2021\/09\/2021_AL_commentaire_et_court_theme_allemand.pdf\" target=\"_blank\" rel=\"noopener\">allemand<\/a><\/li>\n<li><a href=\"https:\/\/banques-ecoles.fr\/cms\/wp-content\/uploads\/2021\/09\/2021_AL_commentaire_et_court_theme_anglais.pdf\" target=\"_blank\" rel=\"noopener\">anglais<\/a><\/li>\n<li><a href=\"https:\/\/banques-ecoles.fr\/cms\/wp-content\/uploads\/2021\/09\/2021_AL_commentaire_et_court_theme_chinois.pdf\" target=\"_blank\" rel=\"noopener\">chinois<\/a><\/li>\n<li><a href=\"https:\/\/banques-ecoles.fr\/cms\/wp-content\/uploads\/2021\/09\/2021_AL_commentaire_et_court_theme_espagnol.pdf\" target=\"_blank\" rel=\"noopener\">espagnol<\/a><\/li>\n<li><a href=\"https:\/\/banques-ecoles.fr\/cms\/wp-content\/uploads\/2021\/09\/2021_AL_commentaire_et_court_theme_italien.pdf\" target=\"_blank\" rel=\"noopener\">italien<\/a><\/li>\n<\/ul>\n<\/li>\n<li>version et th\u00e8me\n<ul>\n<li><a href=\"https:\/\/banques-ecoles.fr\/cms\/wp-content\/uploads\/2021\/09\/2021_AL_version_et_theme_allemand.pdf\" target=\"_blank\" rel=\"noopener\">allemand<\/a><\/li>\n<li><a href=\"https:\/\/banques-ecoles.fr\/cms\/wp-content\/uploads\/2021\/09\/2021_AL_version_et_theme_anglais.pdf\" target=\"_blank\" rel=\"noopener\">anglais<\/a><\/li>\n<li><a href=\"https:\/\/banques-ecoles.fr\/cms\/wp-content\/uploads\/2021\/09\/2021_AL_version_et_theme_espagnol.pdf\" target=\"_blank\" rel=\"noopener\">espagnol<\/a><\/li>\n<li><a href=\"https:\/\/banques-ecoles.fr\/cms\/wp-content\/uploads\/2021\/09\/2021_AL_version_et_theme_italien.pdf\" target=\"_blank\" rel=\"noopener\">italien<\/a><\/li>\n<li><a href=\"https:\/\/banques-ecoles.fr\/cms\/wp-content\/uploads\/2021\/09\/2021_AL_version_et_theme_portugais.pdf\" target=\"_blank\" rel=\"noopener\">portugais<\/a><\/li>\n<li><a href=\"https:\/\/banques-ecoles.fr\/cms\/wp-content\/uploads\/2021\/09\/2021_AL_version_et_theme_russe.pdf\" target=\"_blank\" rel=\"noopener\">russe<\/a><\/li>\n<\/ul>\n<\/li>\n<\/ul>\n<\/li>\n<\/ul>\n","protected":false},"excerpt":{"rendered":"<p>Sujets des \u00e9preuves \u00e9crites : \u00c9preuves communes Composition d&rsquo;histoire Composition fran\u00e7aise Composition de philosophie Commentaire et traduction en LVE Epreuves de la sp\u00e9cialit\u00e9 Arts \u00c9preuves sp\u00e9cifiques ENS de Lyon Composition de g\u00e9ographie sujet+ fond de carte Epreuves de Sp\u00e9cialit\u00e9 Version <a href=\"https:\/\/banques-ecoles.fr\/cms\/session-2021\/\">[Lire la suite]<\/a><\/p>\n","protected":false},"author":1,"featured_media":0,"parent":0,"menu_order":0,"comment_status":"closed","ping_status":"closed","template":"","meta":{"footnotes":""},"class_list":["post-9056","page","type-page","status-publish","hentry"],"_links":{"self":[{"href":"https:\/\/banques-ecoles.fr\/cms\/wp-json\/wp\/v2\/pages\/9056","targetHints":{"allow":["GET"]}}],"collection":[{"href":"https:\/\/banques-ecoles.fr\/cms\/wp-json\/wp\/v2\/pages"}],"about":[{"href":"https:\/\/banques-ecoles.fr\/cms\/wp-json\/wp\/v2\/types\/page"}],"author":[{"embeddable":true,"href":"https:\/\/banques-ecoles.fr\/cms\/wp-json\/wp\/v2\/users\/1"}],"replies":[{"embeddable":true,"href":"https:\/\/banques-ecoles.fr\/cms\/wp-json\/wp\/v2\/comments?post=9056"}],"version-history":[{"count":11,"href":"https:\/\/banques-ecoles.fr\/cms\/wp-json\/wp\/v2\/pages\/9056\/revisions"}],"predecessor-version":[{"id":10079,"href":"https:\/\/banques-ecoles.fr\/cms\/wp-json\/wp\/v2\/pages\/9056\/revisions\/10079"}],"wp:attachment":[{"href":"https:\/\/banques-ecoles.fr\/cms\/wp-json\/wp\/v2\/media?parent=9056"}],"curies":[{"name":"wp","href":"https:\/\/api.w.org\/{rel}","templated":true}]}}