{"id":9181,"date":"2021-05-13T18:58:06","date_gmt":"2021-05-13T16:58:06","guid":{"rendered":"https:\/\/banques-ecoles.fr\/cms\/?page_id=9181"},"modified":"2021-05-13T20:53:42","modified_gmt":"2021-05-13T18:53:42","slug":"session-2021-2","status":"publish","type":"page","link":"https:\/\/banques-ecoles.fr\/cms\/filiere-pc\/annales-de-la-banque-pc\/session-2021-2\/","title":{"rendered":"Session 2021"},"content":{"rendered":"\n<p><strong>Sujets des \u00e9preuves \u00e9crites de la banque PC, session 2021 :<\/strong><\/p>\n<p>\u00c9crit Math &#8211; 4h &#8211; PC XEULC<\/p>\n<p>\u00c9crit Chi A &#8211; 4h &#8211; PC XEULC<\/p>\n<p>\u00c9crit Chi B &#8211; 6h &#8211; PC U<\/p>\n<p>\u00c9crit Phy A &#8211; 4h &#8211; PC XE<\/p>\n<p>\u00c9crit Phy B &#8211; 4h &#8211; PC XEULC<\/p>\n<p>\u00c9crit Phy C &#8211; 6h &#8211; PC U<\/p>\n<p><a href=\"https:\/\/banques-ecoles.fr\/cms\/wp-content\/uploads\/2021\/05\/21_pc_suj_phychi.pdf\" target=\"_blank\" rel=\"noopener\">\u00c9crit PhyChi &#8211; 5h &#8211; PC L<\/a><\/p>\n<p>\u00c9crit Info B &#8211; 2h &#8211; MP-PC XELCR (supprim\u00e9 pour la session 2020)<\/p>\n<p>\u00c9crit de fran\u00e7ais &#8211; 4h &#8211; MP-PC XEULCR<\/p>\n<p>\u00a0<\/p>\n<p><em>\u00c9crit de langue vivante &#8211; 4h &#8211; MP-PC XEULCR :<\/em><\/p>\n<ul>\n<li>allemand<\/li>\n<li>anglais<\/li>\n<li>arabe<\/li>\n<li>espagnol<\/li>\n<\/ul>\n","protected":false},"excerpt":{"rendered":"<p>Sujets des \u00e9preuves \u00e9crites de la banque PC, session 2021 : \u00c9crit Math &#8211; 4h &#8211; PC XEULC \u00c9crit Chi A &#8211; 4h &#8211; PC XEULC \u00c9crit Chi B &#8211; 6h &#8211; PC U \u00c9crit Phy A &#8211; 4h &#8211; <a href=\"https:\/\/banques-ecoles.fr\/cms\/filiere-pc\/annales-de-la-banque-pc\/session-2021-2\/\">[Lire la suite]<\/a><\/p>\n","protected":false},"author":5,"featured_media":0,"parent":968,"menu_order":0,"comment_status":"closed","ping_status":"closed","template":"","meta":{"footnotes":""},"class_list":["post-9181","page","type-page","status-publish","hentry"],"_links":{"self":[{"href":"https:\/\/banques-ecoles.fr\/cms\/wp-json\/wp\/v2\/pages\/9181","targetHints":{"allow":["GET"]}}],"collection":[{"href":"https:\/\/banques-ecoles.fr\/cms\/wp-json\/wp\/v2\/pages"}],"about":[{"href":"https:\/\/banques-ecoles.fr\/cms\/wp-json\/wp\/v2\/types\/page"}],"author":[{"embeddable":true,"href":"https:\/\/banques-ecoles.fr\/cms\/wp-json\/wp\/v2\/users\/5"}],"replies":[{"embeddable":true,"href":"https:\/\/banques-ecoles.fr\/cms\/wp-json\/wp\/v2\/comments?post=9181"}],"version-history":[{"count":5,"href":"https:\/\/banques-ecoles.fr\/cms\/wp-json\/wp\/v2\/pages\/9181\/revisions"}],"predecessor-version":[{"id":9190,"href":"https:\/\/banques-ecoles.fr\/cms\/wp-json\/wp\/v2\/pages\/9181\/revisions\/9190"}],"up":[{"embeddable":true,"href":"https:\/\/banques-ecoles.fr\/cms\/wp-json\/wp\/v2\/pages\/968"}],"wp:attachment":[{"href":"https:\/\/banques-ecoles.fr\/cms\/wp-json\/wp\/v2\/media?parent=9181"}],"curies":[{"name":"wp","href":"https:\/\/api.w.org\/{rel}","templated":true}]}}